{"id":876,"date":"2017-01-03T18:24:41","date_gmt":"2017-01-03T16:24:41","guid":{"rendered":"http:\/\/www.vaasanmetsaveikot.fi\/?page_id=876"},"modified":"2020-07-07T23:31:55","modified_gmt":"2020-07-07T21:31:55","slug":"vmv-100","status":"publish","type":"page","link":"https:\/\/www.vaasanmetsaveikot.fi\/index.php\/vmv-100\/","title":{"rendered":"VMV 100 &#8211; Juhlavuoden aineistoa t\u00e4lt\u00e4 sivulta"},"content":{"rendered":"<p><a href=\"https:\/\/www.vaasanmetsaveikot.fi\/site\/wp-content\/uploads\/2015\/10\/VMV-100.jpg\"><img loading=\"lazy\" decoding=\"async\" class=\"alignnone size-medium wp-image-661\" src=\"https:\/\/www.vaasanmetsaveikot.fi\/site\/wp-content\/uploads\/2015\/10\/VMV-100-300x270.jpg\" alt=\"\" width=\"300\" height=\"270\" srcset=\"https:\/\/www.vaasanmetsaveikot.fi\/site\/wp-content\/uploads\/2015\/10\/VMV-100-300x270.jpg 300w, https:\/\/www.vaasanmetsaveikot.fi\/site\/wp-content\/uploads\/2015\/10\/VMV-100-768x691.jpg 768w, https:\/\/www.vaasanmetsaveikot.fi\/site\/wp-content\/uploads\/2015\/10\/VMV-100-1024x921.jpg 1024w\" sizes=\"auto, (max-width: 300px) 100vw, 300px\" \/><\/a>\u00a0 \u00a0 \u00a0 \u00a0 \u00a0 \u00a0 \u00a0 \u00a0 \u00a0<a href=\"https:\/\/www.vaasanmetsaveikot.fi\/site\/wp-content\/uploads\/2017\/01\/vmv100-teos-2.jpg\"><img loading=\"lazy\" decoding=\"async\" class=\"alignnone wp-image-885\" src=\"https:\/\/www.vaasanmetsaveikot.fi\/site\/wp-content\/uploads\/2017\/01\/vmv100-teos-2-150x150.jpg\" alt=\"\" width=\"158\" height=\"158\" \/><\/a>Juhlavuoden grafiikkateos<\/p>\n<p><strong>Talvileiri 100-INKELI<\/strong> 9.-12.3.2017 Inkelinmaalla. \u00a0Kaikki ik\u00e4kaudet, eri pituisena leirin\u00e4. Leirinjohtajana Matti Ala-Hynnil\u00e4. \u00a0Helmikuussa tarkemmat ohjeet viikkotoiminnassa ja netiss\u00e4<\/p>\n<p><a href=\"https:\/\/essaymoment.com\/write-my-research-paper\/\">write my research paper<\/a><strong>JUHLAVIIKKO<\/strong> 13.-19.3.2017<br \/>\n&#8212; Ilmoittaudu tapahtumiin <a href=\"https:\/\/kuksa.partio.fi\/Kotisivut\/login.aspx?Id=13297\">T\u00c4ST\u00c4 LINKIST\u00c4<\/a> &#8212;Tuen j\u00e4senet ja muut kuin aktiivinuoret ilmoittautuvat juhliin KUKSAssa, \u00a0ei partiolainen kohdasta!<\/p>\n<pre><em><strong>MAJOITUSTA VAASASSA<\/strong><\/em><\/pre>\n<div>\n<h6><strong><span style=\"font-family: Calibri, Arial, Helvetica, sans-serif; font-size: small;\"><a href=\"https:\/\/www.vaasanmetsaveikot.fi\/site\/wp-content\/uploads\/2017\/01\/omppu.jpg\"><img loading=\"lazy\" decoding=\"async\" class=\"alignnone wp-image-912\" src=\"https:\/\/www.vaasanmetsaveikot.fi\/site\/wp-content\/uploads\/2017\/01\/omppu-123x150.jpg\" alt=\"\" width=\"50\" height=\"61\" \/><\/a><\/span><\/strong><span style=\"font-family: Calibri, Arial, Helvetica, sans-serif; font-size: small;\">OMENAHOTELLI: Tarjoamme 100-vuotisjuhlien kunniaksi teille\u00a0tarjoushinnan 59\u20ac\/huone\/y\u00f6, kun k\u00e4yt\u00e4tte ao. alennuskoodia.<\/span><\/h6>\n<h6><span style=\"font-family: Calibri, Arial, Helvetica, sans-serif; font-size: small;\">Varaukset voitte tehd\u00e4 ja maksaa suoraan nettisivuiltamme (<a href=\"http:\/\/omenahotels.com\/varaa\" target=\"_blank\" rel=\"noopener noreferrer\" data-saferedirecturl=\"https:\/\/www.google.com\/url?hl=fi&amp;q=http:\/\/omenahotels.com\/varaa&amp;source=gmail&amp;ust=1485440139255000&amp;usg=AFQjCNHYf2N8pXEThgZcVL4QZxtgXvAbmg\">omenahotels.com\/varaa<\/a>). Tarjous sis\u00e4lt\u00e4\u00e4 1-2 henkil\u00f6\u00e4\/huone.\u00a0<\/span><span style=\"font-family: Calibri, Arial, Helvetica, sans-serif; font-size: small;\"><br \/>\n<\/span><span style=\"font-family: Calibri, Arial, Helvetica, sans-serif; font-size: small;\">Alennuskoodinne on:\u00a0NSNMETSAVEIKOT ,<\/span><span style=\"font-family: Calibri, Arial, Helvetica, sans-serif; font-size: small;\">\u00a0varauksen ajankohta tulee olla 13.3.-19.3.2017<\/span><span style=\"color: #212121; font-family: Calibri, Arial, Helvetica, sans-serif; font-size: small;\">(pid\u00e4t\u00e4mme oikeuden muutoksiin)<\/span><\/h6>\n<p><a href=\"https:\/\/www.vaasanmetsaveikot.fi\/site\/wp-content\/uploads\/2017\/01\/royal.jpg\"><img loading=\"lazy\" decoding=\"async\" class=\"size-thumbnail wp-image-913 alignnone\" src=\"https:\/\/www.vaasanmetsaveikot.fi\/site\/wp-content\/uploads\/2017\/01\/royal-150x39.jpg\" alt=\"\" width=\"150\" height=\"39\" \/><\/a>\u00a0<strong>SOKOS HOTEL ROYAL VAASA<\/strong><\/p>\n<p>Voisimme tarjota juhlavieraille majoitusta 17.3-19.3.2017 (1-2y\u00f6t\u00e4) seuraavasti:<br \/>\nStandard 1hh 78\u20ac\/huone\/vrk tai \u00a0 \u00a0Standard 2hh 88\u20ac\/huone\/vrk..<br \/>\nHinnat sis\u00e4lt\u00e4v\u00e4t runsaan aamiaisbuffetin ja ovat varattavissa meilt\u00e4 myyntipalvelun kautta koodilla BVMV100 , \u00a0joko puhelimitse 06-212 7267 tai s-postilla <a href=\"mailto:sales.royalvaasa@sokoshotels.fi\">sales.royalvaasa@sokoshotels.fi<\/a><\/p>\n<p><strong>\u00a0<a href=\"https:\/\/www.vaasanmetsaveikot.fi\/site\/wp-content\/uploads\/2017\/01\/scandic.jpg\"><img loading=\"lazy\" decoding=\"async\" class=\"alignnone size-full wp-image-926\" src=\"https:\/\/www.vaasanmetsaveikot.fi\/site\/wp-content\/uploads\/2017\/01\/scandic.jpg\" alt=\"\" width=\"111\" height=\"24\" \/><\/a>,\u00a0<\/strong>Vaasa<\/p>\n<p>SCANDIC VAASA \u00a017.03.2017-19.03.2017. \u00a0VMV tarjouksen Varauskoodi VAA170317<br \/>\nTarjouskiinti\u00f6 on voimassa 10. maalisuuta asti. \u00a0Scandicin huonehintaan sis\u00e4ltyy aina Luomutuotteita sis\u00e4lt\u00e4v\u00e4 aamiainen ja Langaton internet.<br \/>\nHuoneluokka King Superior Yhden hengen huone \u00a0EUR 95.00 \/ y\u00f6<br \/>\nKahden hengen huone EUR 115.00 \/ y\u00f6<br \/>\nSuperior huoneissa oma sauna ja poreamme.<br \/>\nMaksutapa: \u00a0Jokainen varaa ja maksaa itse.<\/p>\n<\/div>\n<p><strong>HISTORIIKKI:<\/strong> Netist\u00e4 voit tilata ennakkoon Historiikin 20\u20ac<\/p>\n<p><strong>JUHLAGRAFIIKKA:<\/strong> Tapani Tammenp\u00e4\u00e4n VMVjuhla-grafiikka\u00a0&#8211; NUOTIOLLA , 120\u20ac, ennakkotilaus netiss\u00e4!!!<\/p>\n<p>13.3.2017 Partion\u00e4yttelyn avajaiset ja historiikin julkaisu kololla klo 18.00. \u00a0Kahvitarjoilu<br \/>\n-&gt; PARTION\u00e4yttely on avoinna \u00a0ma klo 18-20 , ti-pe iltaisin 17-19 j\u00e4senille perheinenn ja kaikille partiotoiminnasta kiinnostuneille kansalaisille.<\/p>\n<p>14.3.2017 Poikien 100v syntt\u00e4rit 8-18-vuotiaille pojille. Kokoontuminen klo 17.00 Rax-buffetin edustalle, syntt\u00e4rit p\u00e4\u00e4ttyy klo 20.00 Fanny-talolla.<a href=\"https:\/\/kuksa.partio.fi\/Kotisivut\/login.aspx?Id=14258\"> Ilmoittautuminen t\u00e4m\u00e4n linkin kautta.<\/a><\/p>\n<p>15.3.2017 VJN tapahtuma vartionjohtajille klo 19.00-21.00.<\/p>\n<p>18.3.2017 Onnittelujen vastaanotto kaupungintalolla klo 12.30-13.30 , kahvitarjoilu<\/p>\n<p>18.3.2017 P\u00e4\u00e4juhla kaupungintalolla klo 14.00<\/p>\n<p>18.3.2017 Veljesilta j\u00e4senille klo 18.00<\/p>\n<p>18.3.2017 Veikkosauna klo 21.00-24.00<\/p>\n<p>19.3.2017 Hautausmaak\u00e4ynti J\u00e4stin haudalla klo 10.00<\/p>\n<p>19.3.2017 Kahvitilaisuus, partion\u00e4yttely\u00e4 \u00a0ja kolon esittelykierrokset klo 10.45<\/p>\n<p><strong>JUHLA VJ-Kurssi<\/strong> 13.-18.6.2017 , Kurssinjohtajana Mikko Sillander<\/p>\n<p><strong>Juhlaleiri<\/strong> 22.-29.7.2017 Inkelinmaalla, Leirinjohtajana Joona Luomala<\/p>\n","protected":false},"excerpt":{"rendered":"<p>\u00a0 \u00a0 \u00a0 \u00a0 \u00a0 \u00a0 \u00a0 \u00a0 \u00a0Juhlavuoden grafiikkateos Talvileiri 100-INKELI 9.-12.3.2017 Inkelinmaalla. \u00a0Kaikki ik\u00e4kaudet, eri pituisena leirin\u00e4. Leirinjohtajana Matti Ala-Hynnil\u00e4. \u00a0Helmikuussa tarkemmat ohjeet <a class=\"read-more\" href=\"https:\/\/www.vaasanmetsaveikot.fi\/index.php\/vmv-100\/\"> (Continue Reading)<\/a><\/p>\n","protected":false},"author":1,"featured_media":0,"parent":0,"menu_order":0,"comment_status":"closed","ping_status":"closed","template":"","meta":{"footnotes":""},"class_list":["post-876","page","type-page","status-publish","hentry"],"_links":{"self":[{"href":"https:\/\/www.vaasanmetsaveikot.fi\/index.php\/wp-json\/wp\/v2\/pages\/876","targetHints":{"allow":["GET"]}}],"collection":[{"href":"https:\/\/www.vaasanmetsaveikot.fi\/index.php\/wp-json\/wp\/v2\/pages"}],"about":[{"href":"https:\/\/www.vaasanmetsaveikot.fi\/index.php\/wp-json\/wp\/v2\/types\/page"}],"author":[{"embeddable":true,"href":"https:\/\/www.vaasanmetsaveikot.fi\/index.php\/wp-json\/wp\/v2\/users\/1"}],"replies":[{"embeddable":true,"href":"https:\/\/www.vaasanmetsaveikot.fi\/index.php\/wp-json\/wp\/v2\/comments?post=876"}],"version-history":[{"count":15,"href":"https:\/\/www.vaasanmetsaveikot.fi\/index.php\/wp-json\/wp\/v2\/pages\/876\/revisions"}],"predecessor-version":[{"id":3629,"href":"https:\/\/www.vaasanmetsaveikot.fi\/index.php\/wp-json\/wp\/v2\/pages\/876\/revisions\/3629"}],"wp:attachment":[{"href":"https:\/\/www.vaasanmetsaveikot.fi\/index.php\/wp-json\/wp\/v2\/media?parent=876"}],"curies":[{"name":"wp","href":"https:\/\/api.w.org\/{rel}","templated":true}]}}