{"id":871,"date":"2024-12-03T18:11:37","date_gmt":"2024-12-03T16:11:37","guid":{"rendered":"http:\/\/www.vaasanmetsaveikot.fi\/?page_id=871"},"modified":"2025-12-15T14:01:01","modified_gmt":"2025-12-15T12:01:01","slug":"vmvpukkeilu","status":"publish","type":"page","link":"https:\/\/www.vaasanmetsaveikot.fi\/index.php\/vmvpukkeilu\/","title":{"rendered":"Pukkipalvelu 2025"},"content":{"rendered":"\n<blockquote class=\"wp-block-quote is-layout-flow wp-block-quote-is-layout-flow\">\n<p><em>Vaasan mets\u00e4veikot ovat tiedett\u00e4v\u00e4sti yksi kaupunkimme suurimpia joulupukin v\u00e4litt\u00e4ji\u00e4. Joulupukkeja lippukuntamme on v\u00e4litt\u00e4nyt jo yli 80 vuotta. Vuosittain vierailemme yli sadassa eri perheess\u00e4 noin 10 aaton ahertajan ansiosta. N\u00e4m\u00e4 ahertajat ovat korvaamattomia joulumielen tuojia ja yhdistyksemme yll\u00e4pit\u00e4ji\u00e4. Pukkipalvelu on nimitt\u00e4in Vaasan Mets\u00e4veikkojen yksi t\u00e4rkeimmist\u00e4 varainhankintakeinoista. Tilaamalla pukin meilt\u00e4, tuet samalla vaasalaista partiotoimintaa.<\/em><\/p>\n<\/blockquote>\n\n\n\n<h3 class=\"wp-block-heading\">Aaton 2025 p\u00e4ivystysnumero : 050 3076892<\/h3>\n\n\n\n<p>Mik\u00e4li pukkimme on yli 15min my\u00f6h\u00e4ss\u00e4, tai muita ongelmia ilmaantuu, soittakaa aaton p\u00e4ivystysnumeroomme.<br>P\u00e4ivystyksemme on saatavilla koko aaton ajan ja pyrimme saamaan varapukin paikalle mahdollisimman pian. Huomatkaa, ett\u00e4 huono ajokeli ja etenkin suurempi lumen tuprutus aiheuttaa helposti pieni\u00e4 my\u00f6h\u00e4stymisi\u00e4 pukeillemme.<br><\/p>\n\n\n\n<h3 class=\"wp-block-heading\">Joulupukin varaus Vaasassa aatoksi 2025<\/h3>\n\n\n\n<p>PUKKIT AATOKSI ON MYYTY LOPPUUN!<\/p>\n\n\n\n<p><\/p>\n\n\n\n<p>Tiedustelut mieluiten spostilla joulupukinverstas@gmail.com<br>tai puhelimitse:  050 3076892<\/p>\n\n\n\n<p><\/p>\n\n\n\n<ul class=\"wp-block-list\">\n<li>Voit soittaa ja varata pukin aatoksi numerosta: <strong>050-3076892<\/strong>\n<ul class=\"wp-block-list\">\n<li>(Suosittelemme kuitenkin k\u00e4ynti\u00e4 paikan p\u00e4\u00e4ll\u00e4, koska linja tulee olemaan ruuhkainen!)<\/li>\n<\/ul>\n<\/li>\n<\/ul>\n\n\n\n<p><\/p>\n\n\n\n<ul class=\"wp-block-list\">\n<li>Aaton varuaksia voi l\u00e4hett\u00e4\u00e4 my\u00f6s s\u00e4hk\u00f6postilla osoitteeseen <strong>joulupukinverstas@gmail.com<\/strong><br><strong>Huomioi: <\/strong>varausp\u00e4iv\u00e4n\u00e4 priorisoimme soitot ja paikallak\u00e4vij\u00e4t ensimm\u00e4isin\u00e4<\/li>\n<\/ul>\n\n\n\n<p>Varausp\u00e4iv\u00e4n j\u00e4lkeen on mahdollista kysell\u00e4 vapaita aaton vierailuaikoja puhelimitse p\u00e4ivitt\u00e4in 10-15, aina 22.12 asti.<\/p>\n\n\n\n<h4 class=\"wp-block-heading\"><strong>&nbsp;2025 tuotteet<\/strong>:<\/h4>\n\n\n\n<ul class=\"wp-block-list\">\n<li>Fyysinen vierailu perinteisesti sis\u00e4ll\u00e4 tai pihalla. Hinta 60\u20ac kesto noin 10-15min\n<ul class=\"wp-block-list\">\n<li>Pukit kulkevat p\u00e4\u00e4asiassa Vaasan alueella. Kaukokohteisiin saatavuus tarkistettava erikseen.<\/li>\n\n\n\n<li>Huomioithan, ett\u00e4 pukkeja on saatavilla vain rajattu m\u00e4\u00e4r\u00e4<\/li>\n<\/ul>\n<\/li>\n<\/ul>\n\n\n\n<h3 class=\"wp-block-heading\"><strong>Eteneminen varauksesta vierailuun:<\/strong><\/h3>\n\n\n\n<ol class=\"wp-block-list\">\n<li>Varaa aika varausp\u00e4iv\u00e4n\u00e4 ja valmistaudu vastaamaan seuraaviin kysymyksiin:\n<ul class=\"wp-block-list\">\n<li>Toivottu vierailun aika<\/li>\n\n\n\n<li>Yhteyshenkil\u00f6n puhelinnumero<\/li>\n\n\n\n<li>Osoite johon pukki halutaan vierailulle <\/li>\n<\/ul>\n<\/li>\n\n\n\n<li>Vieraileva pukki soittaa henkil\u00f6kohtaisesti varauksen yhteydess\u00e4 annettuun puhelinnumeroon ja sopii tarkemmin aaton vierailun kuviot (yleens\u00e4 20. &#8211; 22.12 p\u00e4ivien v\u00e4lill\u00e4).<\/li>\n\n\n\n<li>Jouluaatto. Pukki vierailee aattona 10-15 minuuttia sovittuna ajankohtana. P\u00e4ivystysnumero on auki mik\u00e4li tapahtuu jotain yll\u00e4tt\u00e4v\u00e4\u00e4<\/li>\n\n\n\n<li>Kun pukki poistuu vierailulta, maksetaan h\u00e4nelle 60\u20ac tasarahalla vaikkapa kirjekuoreen sujautettuna. Mik\u00e4li pukki on hoitanut vierailunsa hyvin, voi pukille antaa my\u00f6s henkil\u00f6kohtaista tippi\u00e4.<\/li>\n<\/ol>\n\n\n<div class=\"wp-block-image\">\n<figure class=\"alignright\"><a href=\"https:\/\/www.vaasanmetsaveikot.fi\/site\/wp-content\/uploads\/2017\/12\/Pukki.jpg\"><img loading=\"lazy\" decoding=\"async\" width=\"169\" height=\"300\" src=\"https:\/\/www.vaasanmetsaveikot.fi\/site\/wp-content\/uploads\/2017\/12\/Pukki-169x300.jpg\" alt=\"\" class=\"wp-image-1349\" srcset=\"https:\/\/www.vaasanmetsaveikot.fi\/site\/wp-content\/uploads\/2017\/12\/Pukki-169x300.jpg 169w, https:\/\/www.vaasanmetsaveikot.fi\/site\/wp-content\/uploads\/2017\/12\/Pukki-768x1366.jpg 768w, https:\/\/www.vaasanmetsaveikot.fi\/site\/wp-content\/uploads\/2017\/12\/Pukki-576x1024.jpg 576w, https:\/\/www.vaasanmetsaveikot.fi\/site\/wp-content\/uploads\/2017\/12\/Pukki.jpg 1133w\" sizes=\"auto, (max-width: 169px) 100vw, 169px\" \/><\/a><\/figure><\/div>\n\n\n<p><\/p>\n\n\n\n<h1 class=\"wp-block-heading\">K\u00e4ytt\u00f6ohjeet<\/h1>\n\n\n\n<p>JOULUAATTO<\/p>\n\n\n\n<p>Kannattaa pit\u00e4\u00e4 lapset poissa ikkunoista, vaikka pukkimme koittavatkin j\u00e4tt\u00e4\u00e4 peltiporonsa parkkiin piiloon.<\/p>\n\n\n\n<p>Pukkimme eiv\u00e4t pelk\u00e4\u00e4 koiria, mutta moni koira riehaantuu kun n\u00e4inkin erikoinen vieras saapuu taloon. Hurjat koirat kannattaa pist\u00e4\u00e4 erilliseen huoneeseen tai pit\u00e4\u00e4 kiinni.<\/p>\n\n\n\n<p>Lahjat on hyv\u00e4 olla ulko-oven ulkopuolella. Pukki nappaa edustavimman s\u00e4kin itse, ja pyyt\u00e4\u00e4 jotakuta auttamaan muiden lahjojen tuomisessa sis\u00e4lle. On hyv\u00e4, jos t\u00e4ss\u00e4 edustavimmassa s\u00e4kiss\u00e4 on yksi lahja jokaiselle.<\/p>\n\n\n\n<p>Voitte tulla pukkia vastaan, esim. roskienvientireissulla.<\/p>\n\n\n\n<p>Mik\u00e4li pukki on yli 15min my\u00f6h\u00e4ss\u00e4, tai muita ongelmia ilmaantuu, soittakaa aaton p\u00e4ivystysnumeroomme.<br>Meill\u00e4 on p\u00e4ivystys koko aaton ja pyrimme saamaan varapukin paikalle mahdollisimman pian.<\/p>\n\n\n\n<p><strong>VIERAILU<\/strong><\/p>\n\n\n\n<ul class=\"wp-block-list\">\n<li>Pukkien syliin saa tulla istumaan, saa laulaa ja ottaa valokuvia.<\/li>\n\n\n\n<li>Pukkimme eiv\u00e4t partateknisist\u00e4 syist\u00e4 juo tai sy\u00f6 mit\u00e4\u00e4n.<\/li>\n\n\n\n<li>Pukilta on sopivaa kysy\u00e4 paljon kysymiksi\u00e4, jolloin juttu saadaan luistamaan hyvin!<\/li>\n\n\n\n<li>Pukki ei yleens\u00e4 ehdi jakaa kaikkia lahjoja, jos niit\u00e4 on paljon.<\/li>\n\n\n\n<li>Vierailu kest\u00e4\u00e4 noin vartin.<\/li>\n\n\n\n<li>L\u00e4htiess\u00e4 antakaa maksu k\u00e4teisell\u00e4 pukille huomaamattomasti kirjekuoressa esimerkiksi oven ulkopuolella.<\/li>\n\n\n\n<li>Mik\u00e4li joulupukki on ollut mainio, voitte antaa h\u00e4nelle tipin, joka j\u00e4\u00e4 pukille itselleen.<\/li>\n\n\n\n<li>Kannattaa ottaa lapset pois ikkunoista my\u00f6s pukin vierailun j\u00e4lkeen. Yleens\u00e4 pukilla on kova kiire seuraavaan paikkaan ja saattaapa pist\u00e4\u00e4 juoksuksi.<\/li>\n<\/ul>\n\n\n\n<p>Mik\u00e4li her\u00e4\u00e4 viel\u00e4 kysytt\u00e4v\u00e4\u00e4 p\u00e4\u00e4pukki vastaa mielell\u00e4\u00e4n. <strong>050-3076892<\/strong><\/p>\n\n\n\n<p><strong>Kiit\u00e4mme nuorisotoiminnan tukemisesta!<\/strong><\/p>\n\n\n\n<h3 class=\"wp-block-heading\">Pukin varaaminen aaton ulkopuolella<\/h3>\n\n\n\n<p>Mets\u00e4viekkojen pukki on mahdollista tilata aaton ulkopuolellakin vierailemaan. Saatavuus ja hinnat sovitaan aaton ulkopuolisille vierailuille erikseen p\u00e4\u00e4pukin toimesta.<br>Aaton ulkopuolella saatavuuden kyseliyhin vastaa p\u00e4\u00e4pukki <strong>050-3076892<\/strong> tai <strong>joulupukinverstas@gmail.com<\/strong><\/p>\n","protected":false},"excerpt":{"rendered":"<p>Vaasan mets\u00e4veikot ovat tiedett\u00e4v\u00e4sti yksi kaupunkimme suurimpia joulupukin v\u00e4litt\u00e4ji\u00e4. Joulupukkeja lippukuntamme on v\u00e4litt\u00e4nyt jo yli 80 vuotta. Vuosittain vierailemme yli sadassa eri perheess\u00e4 noin 10 <a class=\"read-more\" href=\"https:\/\/www.vaasanmetsaveikot.fi\/index.php\/vmvpukkeilu\/\"> (Continue Reading)<\/a><\/p>\n","protected":false},"author":1,"featured_media":5525,"parent":0,"menu_order":0,"comment_status":"closed","ping_status":"closed","template":"","meta":{"footnotes":""},"class_list":["post-871","page","type-page","status-publish","has-post-thumbnail","hentry"],"_links":{"self":[{"href":"https:\/\/www.vaasanmetsaveikot.fi\/index.php\/wp-json\/wp\/v2\/pages\/871","targetHints":{"allow":["GET"]}}],"collection":[{"href":"https:\/\/www.vaasanmetsaveikot.fi\/index.php\/wp-json\/wp\/v2\/pages"}],"about":[{"href":"https:\/\/www.vaasanmetsaveikot.fi\/index.php\/wp-json\/wp\/v2\/types\/page"}],"author":[{"embeddable":true,"href":"https:\/\/www.vaasanmetsaveikot.fi\/index.php\/wp-json\/wp\/v2\/users\/1"}],"replies":[{"embeddable":true,"href":"https:\/\/www.vaasanmetsaveikot.fi\/index.php\/wp-json\/wp\/v2\/comments?post=871"}],"version-history":[{"count":67,"href":"https:\/\/www.vaasanmetsaveikot.fi\/index.php\/wp-json\/wp\/v2\/pages\/871\/revisions"}],"predecessor-version":[{"id":5811,"href":"https:\/\/www.vaasanmetsaveikot.fi\/index.php\/wp-json\/wp\/v2\/pages\/871\/revisions\/5811"}],"wp:featuredmedia":[{"embeddable":true,"href":"https:\/\/www.vaasanmetsaveikot.fi\/index.php\/wp-json\/wp\/v2\/media\/5525"}],"wp:attachment":[{"href":"https:\/\/www.vaasanmetsaveikot.fi\/index.php\/wp-json\/wp\/v2\/media?parent=871"}],"curies":[{"name":"wp","href":"https:\/\/api.w.org\/{rel}","templated":true}]}}