{"id":78,"date":"2015-10-26T14:38:29","date_gmt":"2015-10-26T12:38:29","guid":{"rendered":"http:\/\/koti.kapsi.fi\/~tini\/vmv\/?page_id=78"},"modified":"2026-03-16T23:30:52","modified_gmt":"2026-03-16T21:30:52","slug":"partiomieskilta","status":"publish","type":"page","link":"https:\/\/www.vaasanmetsaveikot.fi\/index.php\/partiomieskilta\/","title":{"rendered":"Partiomieskilta"},"content":{"rendered":"<p>Aktiivikauden j\u00e4lkeen moni mets\u00e4veikko siirtyy j\u00e4seneksi partiomieskiltaan. Partiomieskilta osallistuu lippukunnan yhteisiin tilaisuuksiin esimerkiksi juhliin ja talkoisiin. Kilta j\u00e4rjest\u00e4\u00e4 j\u00e4senilleen toimintaa Vaasan alueella yleens\u00e4 lippukunnan kanssa yhdess\u00e4. K\u00e4yt\u00e4nn\u00f6ss\u00e4 n\u00e4m\u00e4 kiltalaiset partiomiehet kuuluvat Mets\u00e4veikkojen Tuki ry:n j\u00e4seniin.<\/p>\n<p>Osoitemuutokset hoituu s\u00e4hk\u00f6postilla<span class=\"Apple-converted-space\"> <strong>vmv@vaasanmetsaveikot.fi<\/strong><\/span><\/p>\n<p>Partiomieskillan toimintaa koordinoi Topi Louke<\/p>\n<p><strong>AJANKOHTAISTA:<\/strong><\/p>\n<p>5.12. kiltatapaaminen saunan merkeiss\u00e4 Vaasassa<br \/>\n6.12. Osallistuminen mets\u00e4veikkojen itsen\u00e4isyysp\u00e4iv\u00e4n tapahtumiin klo 10.00 alkaen.<\/p>\n<p>Partiomieskiltatoimintaan etsit\u00e4\u00e4n innokkaita tapahtumien\u00a0 j\u00e4rjest\u00e4ji\u00e4.<\/p>\n","protected":false},"excerpt":{"rendered":"<p>Aktiivikauden j\u00e4lkeen moni mets\u00e4veikko siirtyy j\u00e4seneksi partiomieskiltaan. Partiomieskilta osallistuu lippukunnan yhteisiin tilaisuuksiin esimerkiksi juhliin ja talkoisiin. Kilta j\u00e4rjest\u00e4\u00e4 j\u00e4senilleen toimintaa Vaasan alueella yleens\u00e4 lippukunnan kanssa <a class=\"read-more\" href=\"https:\/\/www.vaasanmetsaveikot.fi\/index.php\/partiomieskilta\/\"> (Continue Reading)<\/a><\/p>\n","protected":false},"author":1,"featured_media":0,"parent":0,"menu_order":0,"comment_status":"closed","ping_status":"closed","template":"","meta":{"footnotes":""},"class_list":["post-78","page","type-page","status-publish","hentry"],"_links":{"self":[{"href":"https:\/\/www.vaasanmetsaveikot.fi\/index.php\/wp-json\/wp\/v2\/pages\/78","targetHints":{"allow":["GET"]}}],"collection":[{"href":"https:\/\/www.vaasanmetsaveikot.fi\/index.php\/wp-json\/wp\/v2\/pages"}],"about":[{"href":"https:\/\/www.vaasanmetsaveikot.fi\/index.php\/wp-json\/wp\/v2\/types\/page"}],"author":[{"embeddable":true,"href":"https:\/\/www.vaasanmetsaveikot.fi\/index.php\/wp-json\/wp\/v2\/users\/1"}],"replies":[{"embeddable":true,"href":"https:\/\/www.vaasanmetsaveikot.fi\/index.php\/wp-json\/wp\/v2\/comments?post=78"}],"version-history":[{"count":6,"href":"https:\/\/www.vaasanmetsaveikot.fi\/index.php\/wp-json\/wp\/v2\/pages\/78\/revisions"}],"predecessor-version":[{"id":5865,"href":"https:\/\/www.vaasanmetsaveikot.fi\/index.php\/wp-json\/wp\/v2\/pages\/78\/revisions\/5865"}],"wp:attachment":[{"href":"https:\/\/www.vaasanmetsaveikot.fi\/index.php\/wp-json\/wp\/v2\/media?parent=78"}],"curies":[{"name":"wp","href":"https:\/\/api.w.org\/{rel}","templated":true}]}}