{"id":739,"date":"2016-08-31T10:37:48","date_gmt":"2016-08-31T08:37:48","guid":{"rendered":"http:\/\/www.vaasanmetsaveikot.fi\/?page_id=739"},"modified":"2026-02-18T18:22:52","modified_gmt":"2026-02-18T16:22:52","slug":"karhu-vartio","status":"publish","type":"page","link":"https:\/\/www.vaasanmetsaveikot.fi\/index.php\/karhu-vartio\/","title":{"rendered":"KARHU-Vartio"},"content":{"rendered":"<p><strong>KOKOUS:<\/strong> Vartio ei ole k\u00e4yt\u00f6ss\u00e4 kaudella 25-26<\/p>\n<p>* * *<\/p>\n<p><strong>VARTIOLAISET:<\/strong><\/p>\n<p>&nbsp;<\/p>\n<p>* * *<\/p>\n<p><strong>HUUTO<\/strong>: Mets\u00e4n herra isotassu. hunajassa koko nassu. KARHU!<\/p>\n<p>* * *<\/p>\n<p><strong>TAVOITTEET:<\/strong><\/p>\n<p>* * *<\/p>\n<p>P\u00e4ivitetty 2\/2026<\/p>\n","protected":false},"excerpt":{"rendered":"<p>KOKOUS: Vartio ei ole k\u00e4yt\u00f6ss\u00e4 kaudella 25-26 * * * VARTIOLAISET: &nbsp; * * * HUUTO: Mets\u00e4n herra isotassu. hunajassa koko nassu. KARHU! * * <a class=\"read-more\" href=\"https:\/\/www.vaasanmetsaveikot.fi\/index.php\/karhu-vartio\/\"> (Continue Reading)<\/a><\/p>\n","protected":false},"author":1,"featured_media":0,"parent":0,"menu_order":0,"comment_status":"closed","ping_status":"closed","template":"","meta":{"footnotes":""},"class_list":["post-739","page","type-page","status-publish","hentry"],"_links":{"self":[{"href":"https:\/\/www.vaasanmetsaveikot.fi\/index.php\/wp-json\/wp\/v2\/pages\/739","targetHints":{"allow":["GET"]}}],"collection":[{"href":"https:\/\/www.vaasanmetsaveikot.fi\/index.php\/wp-json\/wp\/v2\/pages"}],"about":[{"href":"https:\/\/www.vaasanmetsaveikot.fi\/index.php\/wp-json\/wp\/v2\/types\/page"}],"author":[{"embeddable":true,"href":"https:\/\/www.vaasanmetsaveikot.fi\/index.php\/wp-json\/wp\/v2\/users\/1"}],"replies":[{"embeddable":true,"href":"https:\/\/www.vaasanmetsaveikot.fi\/index.php\/wp-json\/wp\/v2\/comments?post=739"}],"version-history":[{"count":22,"href":"https:\/\/www.vaasanmetsaveikot.fi\/index.php\/wp-json\/wp\/v2\/pages\/739\/revisions"}],"predecessor-version":[{"id":5840,"href":"https:\/\/www.vaasanmetsaveikot.fi\/index.php\/wp-json\/wp\/v2\/pages\/739\/revisions\/5840"}],"wp:attachment":[{"href":"https:\/\/www.vaasanmetsaveikot.fi\/index.php\/wp-json\/wp\/v2\/media?parent=739"}],"curies":[{"name":"wp","href":"https:\/\/api.w.org\/{rel}","templated":true}]}}