{"id":70,"date":"2015-10-26T14:35:42","date_gmt":"2015-10-26T12:35:42","guid":{"rendered":"http:\/\/koti.kapsi.fi\/~tini\/vmv\/?page_id=70"},"modified":"2021-09-26T17:01:10","modified_gmt":"2021-09-26T15:01:10","slug":"vaeltajat","status":"publish","type":"page","link":"https:\/\/www.vaasanmetsaveikot.fi\/index.php\/vaeltajat\/","title":{"rendered":"Vaeltajat"},"content":{"rendered":"<p>Vaeltajat ovat 18-22-30 vuotiaita mets\u00e4veikkoja, jotka joko toimivat erilaisissa johtamisteht\u00e4viss\u00e4 lippukunnan eri osastoissa tai j\u00e4senin\u00e4 vaeltajaosastossa ja et\u00e4veikoissa.<\/p>\n<p>Vaeltajien toiminnassa mottona on palvelu. Vaeltajat ovatkin se joukko, joka vastaa retkill\u00e4 ja leireill\u00e4<span class=\"Apple-converted-space\">\u00a0\u00a0<\/span>erilaisista ohjelmaan, koulutukseen tai huoltoon liittyvist\u00e4 teht\u00e4vist\u00e4. Vaeltajilla voi my\u00f6s olla omia osastolle tai ryhm\u00e4lle tarkoitettuja retki\u00e4.<\/p>\n<p>Vaeltajaosaston johtajana toimii Aamos Aho<\/p>\n<p class=\"Alaotsikko\">Aktiivista paikallisj\u00e4rjestelij\u00e4\u00e4 haetaan, joten jos haluat olla mukana mielenkiintoisissa kuvioissa ja keskell\u00e4 kaikkea, laita vinkki <a href=\"mailto:lpkja@vaasanmetsaveikot.fi\">lpkj@vaasanmetsaveikot.fi<\/a><\/p>\n<h3 class=\"Alaotsikko\"><strong>Projektit\/Tapahtumat<\/strong><\/h3>\n<p class=\"Alaotsikko\"><strong>Projektit\/tapahtumat\/ideat <\/strong><strong>osoitteeseen: <a href=\"mailto:lpkja@vaasanmetsaveikot.fi\">lpkj@vaasanmetsaveikot.fi<\/a><\/strong><\/p>\n<hr \/>\n<p><strong>Menneit\u00e4 tapahtumat<\/strong><\/p>\n<p>11.08.2012 Scout Triathlon Competition &#8211; Tiukat kisailut<br \/>\n5-6.2.2011 Helmi 2011 Talvikisat<\/p>\n<p>14.8.2010 STC 2010 &#8211; Menestys kuten aina<br \/>\n13.02.2010 AVAUSTEMPAUS &#8211; Vaasan torilla klo 10.00-14.00 (VMV, VPT, VSPT, VSPP ja AHJO)<br \/>\n18.01.2010 Kolo siivousoperaatio (Johtajapuoli ja Alakerran varasto)<br \/>\n26.12.2009 Tapanin kinkunsulattelus\u00e4hly klo 12.00-15.00<br \/>\n24.12.2009 Pukkipalvelu 2009<br \/>\n23-25.9.2009 My\u00f6t\u00e4p\u00e4iv\u00e4t<br \/>\n12-13.9.2009 Kis\u00e4lli 2009 Syyskisat<br \/>\n27.7-3.8.2009 SAGA\u00b409 Kes\u00e4leiri<br \/>\n5.7.2008 Scout Triathlon Competition 2008<br \/>\n6.-8.6.2008 Kosk\u00f6n majan Kes\u00e4talkoot 2008<br \/>\n24.-25.5.2008 SM-syyskisa Torpan koekisat<br \/>\n17.-18.5.2008 Riihitykset ja toimintakausip\u00e4\u00e4t\u00f6s<br \/>\nLenksan lopulliset tulokset<br \/>\n17.-18.5.2008 Leon Lenkki aka Lenksa 2008 kisat<br \/>\n13.5.2008 Partion esittely 6-luokkalaisille<\/p>\n","protected":false},"excerpt":{"rendered":"<p>Vaeltajat ovat 18-22-30 vuotiaita mets\u00e4veikkoja, jotka joko toimivat erilaisissa johtamisteht\u00e4viss\u00e4 lippukunnan eri osastoissa tai j\u00e4senin\u00e4 vaeltajaosastossa ja et\u00e4veikoissa. Vaeltajien toiminnassa mottona on palvelu. Vaeltajat ovatkin <a class=\"read-more\" href=\"https:\/\/www.vaasanmetsaveikot.fi\/index.php\/vaeltajat\/\"> (Continue Reading)<\/a><\/p>\n","protected":false},"author":1,"featured_media":0,"parent":0,"menu_order":0,"comment_status":"closed","ping_status":"closed","template":"","meta":{"footnotes":""},"class_list":["post-70","page","type-page","status-publish","hentry"],"_links":{"self":[{"href":"https:\/\/www.vaasanmetsaveikot.fi\/index.php\/wp-json\/wp\/v2\/pages\/70","targetHints":{"allow":["GET"]}}],"collection":[{"href":"https:\/\/www.vaasanmetsaveikot.fi\/index.php\/wp-json\/wp\/v2\/pages"}],"about":[{"href":"https:\/\/www.vaasanmetsaveikot.fi\/index.php\/wp-json\/wp\/v2\/types\/page"}],"author":[{"embeddable":true,"href":"https:\/\/www.vaasanmetsaveikot.fi\/index.php\/wp-json\/wp\/v2\/users\/1"}],"replies":[{"embeddable":true,"href":"https:\/\/www.vaasanmetsaveikot.fi\/index.php\/wp-json\/wp\/v2\/comments?post=70"}],"version-history":[{"count":12,"href":"https:\/\/www.vaasanmetsaveikot.fi\/index.php\/wp-json\/wp\/v2\/pages\/70\/revisions"}],"predecessor-version":[{"id":4284,"href":"https:\/\/www.vaasanmetsaveikot.fi\/index.php\/wp-json\/wp\/v2\/pages\/70\/revisions\/4284"}],"wp:attachment":[{"href":"https:\/\/www.vaasanmetsaveikot.fi\/index.php\/wp-json\/wp\/v2\/media?parent=70"}],"curies":[{"name":"wp","href":"https:\/\/api.w.org\/{rel}","templated":true}]}}