{"id":629,"date":"2016-05-05T21:12:16","date_gmt":"2016-05-05T19:12:16","guid":{"rendered":"http:\/\/www.vaasanmetsaveikot.fi\/?page_id=629"},"modified":"2016-08-30T20:53:17","modified_gmt":"2016-08-30T18:53:17","slug":"avajaiset-2016","status":"publish","type":"page","link":"https:\/\/www.vaasanmetsaveikot.fi\/index.php\/avajaiset-2016\/","title":{"rendered":"Toimintakauden avajaiset 2016"},"content":{"rendered":"<p style=\"text-align: center;\">Karppi &amp; Silli<\/p>\n<p style=\"text-align: center;\">presents<\/p>\n<h1 style=\"text-align: center;\">Kalojen avajaiset<\/h1>\n<h3 style=\"text-align: center;\">Mets\u00e4veikkojen 100. toimintakauden<\/h3>\n<h3 style=\"text-align: center;\">kalastusteemaiset avajaiset<\/h3>\n<p style=\"text-align: center;\">Kosk\u00f6 2.-4.9.2016<\/p>\n<p>Avajaisissa kalastetaan ja avataan kaloja, loiskautetaan kausi alkuun huikealla y\u00f6retkell\u00e4 kavereiden kanssa ja nautitaan kes\u00e4n viimeisist\u00e4 l\u00e4mpimist\u00e4 retki\u00f6ist\u00e4. Kosk\u00f6ss\u00e4 pidet\u00e4\u00e4n kauden paras maastoleikki t\u00e4h\u00e4n menness\u00e4 ja vartiolaiset rakentavat katapultin! Johtajille on omaa johtajaohjelmaa, perheille ja sudenpennuille tarjotaan p\u00e4iv\u00e4retki ja kaikki muut ik\u00e4kaudet y\u00f6pyv\u00e4t toimintakauden ensimm\u00e4isen y\u00f6n maastossa.<\/p>\n<p>Kaikki ik\u00e4kaudet ovat kutsuttuja, perheineen.<\/p>\n<p style=\"text-align: center;\"><em>Tervetuloa kalastamaan ja avaamaan!<\/em><\/p>\n<h4>Ilmoittautuminen: <a href=\"https:\/\/kuksa.partio.fi\/Kotisivut\/tilaisuus_ilmoittaudu.aspx?Id=11630\">Ilmoittautumislinkki\u00a0 Kuksaan<\/a><\/h4>\n<p><strong>Hinta:<\/strong> 10\u20ac\/osallistuja (kaikki osallistujat), maksetaan avajaisissa k\u00e4teisell\u00e4.<\/p>\n<h4><strong>Kulkemisajat<\/strong><\/h4>\n<p style=\"padding-left: 60px;\">Ryhmien johtajat:<\/p>\n<p style=\"padding-left: 90px;\">pe 2.9. klo 19 tapaaminen @ Kosk\u00f6<\/p>\n<p style=\"padding-left: 90px;\">paluu sunnuntaina klo 14.00 bussilla kololle<\/p>\n<p style=\"padding-left: 60px;\">Vartiolaiset<\/p>\n<p style=\"padding-left: 90px;\">la 3.9. klo 9.00 l\u00e4ht\u00f6 kololta bussikuljetuksella<\/p>\n<p style=\"padding-left: 90px;\">paluu sunnuntaina klo 14.00 bussilla kololle<\/p>\n<p style=\"padding-left: 60px;\">Seikkailijat<\/p>\n<p style=\"padding-left: 90px;\">la 3.9. klo 9.00 l\u00e4ht\u00f6 kololta bussikuljetuksella<\/p>\n<p style=\"padding-left: 90px;\">paluu sunnuntaina klo 14.00 bussilla kololle<\/p>\n<p style=\"padding-left: 60px;\">Sudenpennut ja p\u00e4iv\u00e4retkel\u00e4iset<\/p>\n<p style=\"padding-left: 90px;\">la 3.9. klo 9:00 l\u00e4ht\u00f6 kololta bussikuljetuksella<\/p>\n<p style=\"padding-left: 90px;\">paluu lauantaina 3.9. klo 15.30 bussilla kololle<\/p>\n<p>&nbsp;<\/p>\n<h3>Varustus<\/h3>\n<p style=\"padding-left: 60px;\">S\u00e4\u00e4n mukainen vaatetus<\/p>\n<p style=\"padding-left: 60px;\">Tieto mitk\u00e4 viikonloput syksylt\u00e4 ovat varattuja pakollisiin rientoihin<\/p>\n<p style=\"padding-left: 60px;\">Ruokailuv\u00e4lineet<\/p>\n<p style=\"padding-left: 60px;\">Parempi mieli (niin saat hyv\u00e4\u00e4 ruokaa)<\/p>\n<p style=\"padding-left: 60px;\">Juomapullot, n. 3 litraa vett\u00e4 y\u00f6pyjille ja litra p\u00e4iv\u00e4retkel\u00e4isille<\/p>\n<p style=\"padding-left: 60px;\">Partiohuivi ja \u2013paita<\/p>\n<p style=\"padding-left: 60px;\">Suorituskirja (ei seikkailijoille tai sudenpennuille)<\/p>\n<p style=\"padding-left: 60px;\">Kalastamaan aikoville:<\/p>\n<p style=\"padding-left: 90px;\">Oma virveli tai onki, jos on<\/p>\n<p style=\"padding-left: 90px;\">Leikkuulauta<\/p>\n<p style=\"padding-left: 90px;\">Puukko<\/p>\n<p>&nbsp;<\/p>\n<p>Y\u00f6pyjille lis\u00e4ksi:<\/p>\n<p style=\"padding-left: 60px;\">Y\u00f6retkivarustus, omaa majoitetta ei tarvita<\/p>\n<p style=\"padding-left: 60px;\">taskulamppu<\/p>\n<p>&nbsp;<\/p>\n<p>Avajaisissa tarjotaan seuraavat ateriat:<\/p>\n<p>Perjantaina iltapala<\/p>\n<p>Lauantaina aamupala, lounas, kahvit, p\u00e4iv\u00e4llinen ja iltapala<\/p>\n<p>Sunnuntaina aamupala ja lounas<\/p>\n<p>&nbsp;<\/p>\n<p><strong>Tervetuloa mukaan!<\/strong><\/p>\n<p><strong>\u00a0<\/strong><\/p>\n<p>Lis\u00e4tietoa tapahtumasta tulee t\u00e4lle sivulle l\u00e4hemp\u00e4n\u00e4 tapahtumaa. Akuutit kysymykset voi osoittaa Sillille 050-4821579 tai mikko -a- siIIander.com<\/p>\n<p>&nbsp;<\/p>\n<p>&nbsp;<\/p>\n<p>&nbsp;<\/p>\n","protected":false},"excerpt":{"rendered":"<p>Karppi &amp; Silli presents Kalojen avajaiset Mets\u00e4veikkojen 100. toimintakauden kalastusteemaiset avajaiset Kosk\u00f6 2.-4.9.2016 Avajaisissa kalastetaan ja avataan kaloja, loiskautetaan kausi alkuun huikealla y\u00f6retkell\u00e4 kavereiden kanssa <a class=\"read-more\" href=\"https:\/\/www.vaasanmetsaveikot.fi\/index.php\/avajaiset-2016\/\"> (Continue Reading)<\/a><\/p>\n","protected":false},"author":9,"featured_media":0,"parent":0,"menu_order":0,"comment_status":"closed","ping_status":"closed","template":"","meta":{"footnotes":""},"class_list":["post-629","page","type-page","status-publish","hentry"],"_links":{"self":[{"href":"https:\/\/www.vaasanmetsaveikot.fi\/index.php\/wp-json\/wp\/v2\/pages\/629","targetHints":{"allow":["GET"]}}],"collection":[{"href":"https:\/\/www.vaasanmetsaveikot.fi\/index.php\/wp-json\/wp\/v2\/pages"}],"about":[{"href":"https:\/\/www.vaasanmetsaveikot.fi\/index.php\/wp-json\/wp\/v2\/types\/page"}],"author":[{"embeddable":true,"href":"https:\/\/www.vaasanmetsaveikot.fi\/index.php\/wp-json\/wp\/v2\/users\/9"}],"replies":[{"embeddable":true,"href":"https:\/\/www.vaasanmetsaveikot.fi\/index.php\/wp-json\/wp\/v2\/comments?post=629"}],"version-history":[{"count":10,"href":"https:\/\/www.vaasanmetsaveikot.fi\/index.php\/wp-json\/wp\/v2\/pages\/629\/revisions"}],"predecessor-version":[{"id":722,"href":"https:\/\/www.vaasanmetsaveikot.fi\/index.php\/wp-json\/wp\/v2\/pages\/629\/revisions\/722"}],"wp:attachment":[{"href":"https:\/\/www.vaasanmetsaveikot.fi\/index.php\/wp-json\/wp\/v2\/media?parent=629"}],"curies":[{"name":"wp","href":"https:\/\/api.w.org\/{rel}","templated":true}]}}