{"id":5365,"date":"2023-04-02T14:10:15","date_gmt":"2023-04-02T12:10:15","guid":{"rendered":"https:\/\/www.vaasanmetsaveikot.fi\/?page_id=5365"},"modified":"2023-04-24T13:24:04","modified_gmt":"2023-04-24T11:24:04","slug":"mori-2023","status":"publish","type":"page","link":"https:\/\/www.vaasanmetsaveikot.fi\/index.php\/mori-2023\/","title":{"rendered":"MORI 2023"},"content":{"rendered":"\n<p><em>P\u00e4ivitetty 24.4.2023<\/em><\/p>\n\n\n\n<div class=\"wp-block-columns is-layout-flex wp-container-core-columns-is-layout-9d6595d7 wp-block-columns-is-layout-flex\">\n<div class=\"wp-block-column is-layout-flow wp-block-column-is-layout-flow\">\n<p>Vaasan alueen lippukuntien yhteinen kes\u00e4leiri MORI saapuu Inkelinmaalle!<br><\/p>\n\n\n\n<p>ILMOITTAUDU NYT!<\/p>\n\n\n\n<p>LINKKI ILMOITTAUTUMISEEN -> <a rel=\"noreferrer noopener\" href=\"https:\/\/linktr.ee\/mori2023\" target=\"_blank\">https:\/\/linktr.ee\/mori2023<\/a><br>Ilmoittautumiseen vaaditaan <strong>kuksa<\/strong>tunnukset ja maksettu j\u00e4senmaksu.<\/p>\n\n\n\n<p><br>Mik\u00e4li teill\u00e4 on ongelmia Mets\u00e4veikkonne ilmoittautumisessa leirille, olkaa yhteydess\u00e4: vmv@vaasanmetsaveikot.fi <\/p>\n\n\n\n<p>VIP: Viimeinen ilmoittautumisp\u00e4iv\u00e4 7.5.2023<br><\/p>\n\n\n\n<p>Paikkana: Inkelinmaan leirint\u00e4alue, Kosk\u00f6\/Mustasaari<br>Ajankohta: 27.6.-2.7.2023 (ti-su)<br>Aikataulu:<\/p>\n\n\n\n<ul class=\"wp-block-list\">\n<li>Tarpojien, Samoajien ja johtajien saapuminen ti 27.6. klo 14:00<\/li>\n\n\n\n<li>Perhepartiolaisten, sudenpentujen ja seikkailijoiden saapuminen to 29.6. klo 14:00<\/li>\n\n\n\n<li>Kaikkien osallistujien kotiinl\u00e4ht\u00f6 su klo 14:00<\/li>\n<\/ul>\n\n\n\n<p>Leirille suunnitellaan yhteiskuljetuksia, ja n\u00e4ist\u00e4 lis\u00e4tietoa tulossa my\u00f6hemmin.<\/p>\n\n\n\n<p><br><\/p>\n<\/div>\n\n\n\n<div class=\"wp-block-column is-layout-flow wp-block-column-is-layout-flow\">\n<figure class=\"wp-block-image size-large\"><a href=\"https:\/\/www.vaasanmetsaveikot.fi\/site\/wp-content\/uploads\/2023\/04\/1ilmoittaudu_Nyt_Mori.png\"><img loading=\"lazy\" decoding=\"async\" width=\"1024\" height=\"1024\" src=\"https:\/\/www.vaasanmetsaveikot.fi\/site\/wp-content\/uploads\/2023\/04\/1ilmoittaudu_Nyt_Mori-1024x1024.png\" alt=\"\" class=\"wp-image-5362\" srcset=\"https:\/\/www.vaasanmetsaveikot.fi\/site\/wp-content\/uploads\/2023\/04\/1ilmoittaudu_Nyt_Mori-1024x1024.png 1024w, https:\/\/www.vaasanmetsaveikot.fi\/site\/wp-content\/uploads\/2023\/04\/1ilmoittaudu_Nyt_Mori-300x300.png 300w, https:\/\/www.vaasanmetsaveikot.fi\/site\/wp-content\/uploads\/2023\/04\/1ilmoittaudu_Nyt_Mori-150x150.png 150w, https:\/\/www.vaasanmetsaveikot.fi\/site\/wp-content\/uploads\/2023\/04\/1ilmoittaudu_Nyt_Mori-768x768.png 768w, https:\/\/www.vaasanmetsaveikot.fi\/site\/wp-content\/uploads\/2023\/04\/1ilmoittaudu_Nyt_Mori.png 1080w\" sizes=\"auto, (max-width: 1024px) 100vw, 1024px\" \/><\/a><\/figure>\n<\/div>\n<\/div>\n\n\n\n<h2 class=\"wp-block-heading\">Leirin hinnasto<\/h2>\n\n\n\n<figure class=\"wp-block-table\"><table><tbody><tr><td><strong>IK\u00c4KAUSI<\/strong><\/td><td><strong>HINTA 23.4 J\u00c4LKEEN<\/strong><\/td><td><strong>EarlyBird hinta<\/strong><\/td><\/tr><tr><td><strong>Perhepartio<\/strong> 3-7v<\/td><td>Alle 3v <strong>ilmaiseksi<\/strong>. Yli 3v ja vanhemmat <strong>60\u20ac<\/strong><\/td><td>Yli 3v. ja vanhemmat <strong>50\u20ac<\/strong><\/td><\/tr><tr><td><strong>Sudenpennut <\/strong>8-10 v<\/td><td><strong>60\u20ac<\/strong><\/td><td><strong>50\u20ac<\/strong><\/td><\/tr><tr><td><strong>Seikkailijat <\/strong>10-11 v<\/td><td><strong>60\u20ac<\/strong><\/td><td><strong>50\u20ac<\/strong><\/td><\/tr><tr><td><strong>Tarpojat <\/strong>12-15 v <\/td><td><strong>90\u20ac<\/strong><\/td><td><strong>80\u20ac<\/strong><\/td><\/tr><tr><td><strong>Samoajat <\/strong>15-17 v<\/td><td><strong>70\u20ac<\/strong><\/td><td><strong>60\u20ac<\/strong><\/td><\/tr><tr><td><strong>Vaeltajat <\/strong>18-22 v<\/td><td><strong>70\u20ac<\/strong><\/td><td><strong>60\u20ac<\/strong><\/td><\/tr><tr><td><strong>Johtajat<\/strong> 23v &#8211;&gt;<\/td><td><strong>70\u20ac<\/strong><\/td><td><strong>60\u20ac<\/strong><\/td><\/tr><tr><td><strong>Johtaja<\/strong> <strong>p\u00e4iv\u00e4ksi<\/strong><\/td><td><strong>25\u20ac \/ pv<\/strong><\/td><td><strong>15\u20ac \/ pv<\/strong><\/td><\/tr><tr><td><strong>Saman talouden max<\/strong><\/td><td><strong>180\u20ac hintakatto<\/strong><\/td><td><strong>150\u20ac hintakatto<\/strong><\/td><\/tr><\/tbody><\/table><\/figure>\n\n\n\n<p>Vaasan Mets\u00e4veikoissa leirille ilmoittaudutaan seuraavan ohjeen mukaisesti:<br><\/p>\n\n\n\n<figure class=\"wp-block-table\"><table><tbody><tr><td><strong>Ei viel\u00e4 partiolaiset<\/strong><\/td><td>Ole yhteydess\u00e4 vmv@vaasanmetsaveikot.fi<\/td><\/tr><tr><td><strong>Perhepartio <\/strong>3-7v<\/td><td>Ole yhteydess\u00e4 vmv@vaasanmetsaveikot.fi<\/td><\/tr><tr><td><strong>Sudenpennut <\/strong>8-10 v<\/td><td>Kettu-laumassa 22-23 kaudella mukana olleet<\/td><\/tr><tr><td><strong>Seikkailijat <\/strong>10-11 v<\/td><td>Kotka-joukkueessa 22-23 kaudella mukana olleet<\/td><\/tr><tr><td><strong>Tarpojat <\/strong>12-15 v <\/td><td>Vartioissa toimivat pojat<\/td><\/tr><tr><td><strong>Samoajat <\/strong>15-17 v<\/td><td>Samoajavartiossa ja VJ\/AVJn\u00e4 toimivat pojat<\/td><\/tr><tr><td><strong>Vaeltajat <\/strong>18-22 v<\/td><td>18-22v voi ilmoittautua vain vaeltajaksi<\/td><\/tr><tr><td><strong>Johtajat<\/strong> 23v &#8211;&gt;<\/td><td>23 vuotta t\u00e4ytt\u00e4nyt voi ilmoittautua vain johtajaksi<\/td><\/tr><\/tbody><\/table><\/figure>\n\n\n\n<p>Ole yhteydess\u00e4 l\u00e4himp\u00e4\u00e4n johtajaasi jos et tied\u00e4 mihin ik\u00e4kauteen ilmoittaudut.<\/p>\n\n\n\n<p>Leirin j\u00e4rjest\u00e4j\u00e4: Vaasan Seudun Partiolaiset  (VSP)<\/p>\n\n\n\n<p><\/p>\n","protected":false},"excerpt":{"rendered":"<p>P\u00e4ivitetty 24.4.2023 Vaasan alueen lippukuntien yhteinen kes\u00e4leiri MORI saapuu Inkelinmaalle! ILMOITTAUDU NYT! LINKKI ILMOITTAUTUMISEEN -> https:\/\/linktr.ee\/mori2023Ilmoittautumiseen vaaditaan kuksatunnukset ja maksettu j\u00e4senmaksu. Mik\u00e4li teill\u00e4 on ongelmia <a class=\"read-more\" href=\"https:\/\/www.vaasanmetsaveikot.fi\/index.php\/mori-2023\/\"> (Continue Reading)<\/a><\/p>\n","protected":false},"author":21,"featured_media":0,"parent":0,"menu_order":0,"comment_status":"closed","ping_status":"closed","template":"","meta":{"footnotes":""},"class_list":["post-5365","page","type-page","status-publish","hentry"],"_links":{"self":[{"href":"https:\/\/www.vaasanmetsaveikot.fi\/index.php\/wp-json\/wp\/v2\/pages\/5365","targetHints":{"allow":["GET"]}}],"collection":[{"href":"https:\/\/www.vaasanmetsaveikot.fi\/index.php\/wp-json\/wp\/v2\/pages"}],"about":[{"href":"https:\/\/www.vaasanmetsaveikot.fi\/index.php\/wp-json\/wp\/v2\/types\/page"}],"author":[{"embeddable":true,"href":"https:\/\/www.vaasanmetsaveikot.fi\/index.php\/wp-json\/wp\/v2\/users\/21"}],"replies":[{"embeddable":true,"href":"https:\/\/www.vaasanmetsaveikot.fi\/index.php\/wp-json\/wp\/v2\/comments?post=5365"}],"version-history":[{"count":11,"href":"https:\/\/www.vaasanmetsaveikot.fi\/index.php\/wp-json\/wp\/v2\/pages\/5365\/revisions"}],"predecessor-version":[{"id":5389,"href":"https:\/\/www.vaasanmetsaveikot.fi\/index.php\/wp-json\/wp\/v2\/pages\/5365\/revisions\/5389"}],"wp:attachment":[{"href":"https:\/\/www.vaasanmetsaveikot.fi\/index.php\/wp-json\/wp\/v2\/media?parent=5365"}],"curies":[{"name":"wp","href":"https:\/\/api.w.org\/{rel}","templated":true}]}}