{"id":50,"date":"2015-10-25T23:32:07","date_gmt":"2015-10-25T20:32:07","guid":{"rendered":"http:\/\/localhost\/wordpress\/?page_id=50"},"modified":"2020-08-13T20:18:47","modified_gmt":"2020-08-13T18:18:47","slug":"linkkeja","status":"publish","type":"page","link":"https:\/\/www.vaasanmetsaveikot.fi\/index.php\/linkkeja\/","title":{"rendered":"Linkkej\u00e4"},"content":{"rendered":"<div id=\"SAContent1\" class=\"Otsikko\">\n<p>Linkkej\u00e4 muille partioaiheisille sivuille<\/p>\n<\/div>\n<div id=\"SAContent2\" class=\"Teksti\">\n<p class=\"Alaotsikko\"><strong>Kotimaisia partiolinkkej\u00e4:<\/strong><\/p>\n<p><strong> <a title=\"\" href=\"http:\/\/www.partio.fi\/\" target=\"_self\" rel=\"noopener noreferrer\">Suomen partiolaiset -Finlands Scouter ry<\/a> <\/strong><\/p>\n<p><a href=\"http:\/\/www.pohjanmaa.partio.fi\/\" target=\"_blank\" rel=\"noopener noreferrer\"> <strong>Pohjanmaan Partiolaiset<\/strong> <\/a><\/p>\n<p><strong><a href=\"https:\/\/fi.scoutwiki.org\/Vaasan_Mets%C3%A4veikot\">PartioWiki, jossa on paljon partiotietoutta<\/a><\/strong><\/p>\n<p class=\"Alaotsikko\"><strong>Kansainv\u00e4liset linkit:<\/strong><\/p>\n<p><strong> <a title=\"\" href=\"http:\/\/www.scout.org\/\" target=\"_self\" rel=\"noopener noreferrer\">WOSM <\/a> <\/strong>(World Organization of the Scout Movement) &#8211; Partiopoikien maailmanj\u00e4rjest\u00f6<\/p>\n<p><strong> <a title=\"\" href=\"http:\/\/www.wagggs.org\/\" target=\"_self\" rel=\"noopener noreferrer\">WAGGGS <\/a> <\/strong>(World Association of Girl Guides and Girl Scouts) &#8211; Partiotytt\u00f6jen maailmanliitto<\/p>\n<p><strong> <a title=\"\" href=\"http:\/\/www.kisc.ch\/\" target=\"_self\" rel=\"noopener noreferrer\">Kandersteg International Scout Centre <\/a> <\/strong>Kanderstegiss\u00e4 Sveitsiss\u00e4 sijaitseva partiopoikien maailmanj\u00e4rjest\u00f6n omistama kansainv\u00e4linen partiokeskus, jonne Mets\u00e4veikot tekiv\u00e4t matkan kes\u00e4ll\u00e4 2003.<\/p>\n<p><strong> <a title=\"\" href=\"http:\/\/www.scoutbase.org.uk\/gilwellpark\" target=\"_self\" rel=\"noopener noreferrer\">The Gilwell Park Campsite <\/a> <\/strong>Kansainv\u00e4linen partiokeskus Lontoon pohjoispuolella.<\/p>\n<p class=\"Alaotsikko\"><strong>Vaeltamiseen ja retkeilyyn liittyvi\u00e4 linkkej\u00e4:<\/strong><\/p>\n<p><a title=\"\" href=\"http:\/\/www.luontoon.fi\/\" target=\"_self\" rel=\"noopener noreferrer\"> <strong>Luontoon.fi<\/strong> <\/a>\u00a0Mets\u00e4hallituksen yll\u00e4pit\u00e4m\u00e4t retkeilij\u00f6ille ja vaeltajille tarkoitetut sivut. T\u00e4\u00e4lt\u00e4 l\u00f6yd\u00e4t esimerkiksi faktatiedot kaikista Suomen kansallispuistoista, er\u00e4maa-alueista, sek\u00e4 mets\u00e4hallituksen autio- ja varaustuvista.<\/p>\n<p><a href=\"http:\/\/www.retkikartta.fi\/\" target=\"_blank\" rel=\"noopener noreferrer\"> <strong>Retkikartta<\/strong> <\/a>\u00a0Mets\u00e4hallituksen sivusto, jossa voi tutkia Suomen aluetta Peruskarttapohjalla<\/p>\n<p class=\"Alaotsikko\"><strong>Partio- ja er\u00e4tarvikekauppoja, sek\u00e4 valmistajien sivuja:<\/strong><\/p>\n<p><strong> <a title=\"\" href=\"http:\/\/www.kurre.fi\/\" target=\"_self\" rel=\"noopener noreferrer\">Kurre<\/a>\u00a0<\/strong>Vaasassa kivihaassa sijaitseva er\u00e4- ja retkeilytarvike liike, jonka kanssa lippukunta tekee yhteisty\u00f6t\u00e4.<\/p>\n<p><strong> <a title=\"\" href=\"http:\/\/www.partioaitta.fi\/\" target=\"_self\" rel=\"noopener noreferrer\">Partioaitta<\/a> <\/strong>Helsingin partiokauppa, jolla useita liikkeit\u00e4 ymp\u00e4ri p\u00e4\u00e4kaupunkiseutua, sek\u00e4 Saarisel\u00e4ll\u00e4. Eritt\u00e4in kattava valikoima.<\/p>\n<p><a href=\"http:\/\/www.scandinavianoutdoorstore.com\"> <strong>Scandinavianoutdoorstore<\/strong><\/a> Retkikauppaketju, jolla on my\u00f6s kattavat valikoimat.<\/p>\n<p><strong> <a href=\"http:\/\/www.varuste.net\/\" target=\"_blank\" rel=\"noopener noreferrer\">Varuste.net<\/a> <\/strong>www-kauppa, jossa OnLine palvelu, eli voit pikaviestill\u00e4 tarkistaa tuotetietoja arkisin klo 10.00-18.00 suoraan myyj\u00e4lt\u00e4. Noutomyym\u00e4l\u00e4 sijaitsee Helsingiss\u00e4, l\u00e4hett\u00e4\u00e4 postilla ja Matkahuollolla. <a href=\"https:\/\/www.vaasanmetsaveikot.fi\/index.php\/varusteet\/\">KATSO VMV YHTEISTY\u00d6 VARUSTEET SIVULTA<\/a><\/p>\n<p class=\"Alaotsikko\"><strong>Yhteisty\u00f6kumppaneitamme:<\/strong><\/p>\n<p><a title=\"\" href=\"http:\/\/www.kurre.fi\/\" target=\"_self\" rel=\"noopener noreferrer\"> <strong>Kurre<\/strong> <\/a><\/p>\n<p><a title=\"\" href=\"http:\/\/www.vaasa.fi\/\" target=\"_self\" rel=\"noopener noreferrer\"> <strong>Vaasan kaupunki<\/strong> <\/a><\/p>\n<p><strong> <a title=\"\" href=\"http:\/\/wasasegelforening.fi\">Wasa Segelf\u00f6rening<\/a> <\/strong><\/p>\n<p><a title=\"\" href=\"http:\/\/www.tapiola.fi\/\" target=\"_self\" rel=\"noopener noreferrer\"> <strong>Tapiola<\/strong> <\/a><\/p>\n<\/div>\n","protected":false},"excerpt":{"rendered":"<p>Linkkej\u00e4 muille partioaiheisille sivuille Kotimaisia partiolinkkej\u00e4: Suomen partiolaiset -Finlands Scouter ry Pohjanmaan Partiolaiset PartioWiki, jossa on paljon partiotietoutta Kansainv\u00e4liset linkit: WOSM (World Organization of the <a class=\"read-more\" href=\"https:\/\/www.vaasanmetsaveikot.fi\/index.php\/linkkeja\/\"> (Continue Reading)<\/a><\/p>\n","protected":false},"author":1,"featured_media":0,"parent":0,"menu_order":0,"comment_status":"closed","ping_status":"closed","template":"","meta":{"footnotes":""},"class_list":["post-50","page","type-page","status-publish","hentry"],"_links":{"self":[{"href":"https:\/\/www.vaasanmetsaveikot.fi\/index.php\/wp-json\/wp\/v2\/pages\/50","targetHints":{"allow":["GET"]}}],"collection":[{"href":"https:\/\/www.vaasanmetsaveikot.fi\/index.php\/wp-json\/wp\/v2\/pages"}],"about":[{"href":"https:\/\/www.vaasanmetsaveikot.fi\/index.php\/wp-json\/wp\/v2\/types\/page"}],"author":[{"embeddable":true,"href":"https:\/\/www.vaasanmetsaveikot.fi\/index.php\/wp-json\/wp\/v2\/users\/1"}],"replies":[{"embeddable":true,"href":"https:\/\/www.vaasanmetsaveikot.fi\/index.php\/wp-json\/wp\/v2\/comments?post=50"}],"version-history":[{"count":5,"href":"https:\/\/www.vaasanmetsaveikot.fi\/index.php\/wp-json\/wp\/v2\/pages\/50\/revisions"}],"predecessor-version":[{"id":3765,"href":"https:\/\/www.vaasanmetsaveikot.fi\/index.php\/wp-json\/wp\/v2\/pages\/50\/revisions\/3765"}],"wp:attachment":[{"href":"https:\/\/www.vaasanmetsaveikot.fi\/index.php\/wp-json\/wp\/v2\/media?parent=50"}],"curies":[{"name":"wp","href":"https:\/\/api.w.org\/{rel}","templated":true}]}}