{"id":489,"date":"2015-12-16T23:51:14","date_gmt":"2015-12-16T21:51:14","guid":{"rendered":"http:\/\/www.vaasanmetsaveikot.fi\/?page_id=489"},"modified":"2026-02-18T18:24:51","modified_gmt":"2026-02-18T16:24:51","slug":"orava-vartio","status":"publish","type":"page","link":"https:\/\/www.vaasanmetsaveikot.fi\/index.php\/orava-vartio\/","title":{"rendered":"ORAVA-Vartio"},"content":{"rendered":"<p>Vartio ei ole k\u00e4yt\u00f6ss\u00e4 kaudella 25-26<\/p>\n<p>VJ:<br \/>\nAVJ:<\/p>\n<p>* * *<\/p>\n<p><strong>VARTIOLAISET:<\/strong><\/p>\n<p>* * *<\/p>\n<p><strong>HUUTO:<\/strong> &#8221;Siell\u00e4 t\u00e4\u00e4ll\u00e4 vilahtaa, k\u00e4py p\u00e4\u00e4h\u00e4n putoaa, Orava, Orava, Orava!!!&#8221;<\/p>\n<p>* * *<\/p>\n<p><strong>TAVOITTEET:<\/strong><\/p>\n<p>* * *<\/p>\n<p>P\u00e4ivitetty 2\/2026<\/p>\n","protected":false},"excerpt":{"rendered":"<p>Vartio ei ole k\u00e4yt\u00f6ss\u00e4 kaudella 25-26 VJ: AVJ: * * * VARTIOLAISET: * * * HUUTO: &#8221;Siell\u00e4 t\u00e4\u00e4ll\u00e4 vilahtaa, k\u00e4py p\u00e4\u00e4h\u00e4n putoaa, Orava, Orava, Orava!!!&#8221; <a class=\"read-more\" href=\"https:\/\/www.vaasanmetsaveikot.fi\/index.php\/orava-vartio\/\"> (Continue Reading)<\/a><\/p>\n","protected":false},"author":1,"featured_media":0,"parent":0,"menu_order":0,"comment_status":"closed","ping_status":"closed","template":"","meta":{"footnotes":""},"class_list":["post-489","page","type-page","status-publish","hentry"],"_links":{"self":[{"href":"https:\/\/www.vaasanmetsaveikot.fi\/index.php\/wp-json\/wp\/v2\/pages\/489","targetHints":{"allow":["GET"]}}],"collection":[{"href":"https:\/\/www.vaasanmetsaveikot.fi\/index.php\/wp-json\/wp\/v2\/pages"}],"about":[{"href":"https:\/\/www.vaasanmetsaveikot.fi\/index.php\/wp-json\/wp\/v2\/types\/page"}],"author":[{"embeddable":true,"href":"https:\/\/www.vaasanmetsaveikot.fi\/index.php\/wp-json\/wp\/v2\/users\/1"}],"replies":[{"embeddable":true,"href":"https:\/\/www.vaasanmetsaveikot.fi\/index.php\/wp-json\/wp\/v2\/comments?post=489"}],"version-history":[{"count":17,"href":"https:\/\/www.vaasanmetsaveikot.fi\/index.php\/wp-json\/wp\/v2\/pages\/489\/revisions"}],"predecessor-version":[{"id":5843,"href":"https:\/\/www.vaasanmetsaveikot.fi\/index.php\/wp-json\/wp\/v2\/pages\/489\/revisions\/5843"}],"wp:attachment":[{"href":"https:\/\/www.vaasanmetsaveikot.fi\/index.php\/wp-json\/wp\/v2\/media?parent=489"}],"curies":[{"name":"wp","href":"https:\/\/api.w.org\/{rel}","templated":true}]}}