{"id":487,"date":"2015-12-16T23:50:14","date_gmt":"2015-12-16T21:50:14","guid":{"rendered":"http:\/\/www.vaasanmetsaveikot.fi\/?page_id=487"},"modified":"2026-02-18T18:24:09","modified_gmt":"2026-02-18T16:24:09","slug":"karppa-vartio","status":"publish","type":"page","link":"https:\/\/www.vaasanmetsaveikot.fi\/index.php\/karppa-vartio\/","title":{"rendered":"K\u00c4RPP\u00c4-Vartio"},"content":{"rendered":"<p><strong>KOKOUS:<\/strong> Vartio ei ole k\u00e4yt\u00f6ss\u00e4 kaudella 25-26<\/p>\n<p>VJ<\/p>\n<p>AVJ<\/p>\n<p>* * *<br \/>\n<strong>VARTIOLAISET:<\/strong><\/p>\n<p>* * *<\/p>\n<p><strong>HUUTO:<\/strong> K\u00e4rpp\u00e4 ovelasti hiipii vaanii h\u00e5\u00e5<\/p>\n<p>* * *<\/p>\n<p><strong>TAVOITTEET:<\/strong><\/p>\n<p>* * *<\/p>\n<p>P\u00e4ivitetty 2\/2026<\/p>\n","protected":false},"excerpt":{"rendered":"<p>KOKOUS: Vartio ei ole k\u00e4yt\u00f6ss\u00e4 kaudella 25-26 VJ AVJ * * * VARTIOLAISET: * * * HUUTO: K\u00e4rpp\u00e4 ovelasti hiipii vaanii h\u00e5\u00e5 * * * <a class=\"read-more\" href=\"https:\/\/www.vaasanmetsaveikot.fi\/index.php\/karppa-vartio\/\"> (Continue Reading)<\/a><\/p>\n","protected":false},"author":10,"featured_media":0,"parent":0,"menu_order":0,"comment_status":"closed","ping_status":"closed","template":"","meta":{"footnotes":""},"class_list":["post-487","page","type-page","status-publish","hentry"],"_links":{"self":[{"href":"https:\/\/www.vaasanmetsaveikot.fi\/index.php\/wp-json\/wp\/v2\/pages\/487","targetHints":{"allow":["GET"]}}],"collection":[{"href":"https:\/\/www.vaasanmetsaveikot.fi\/index.php\/wp-json\/wp\/v2\/pages"}],"about":[{"href":"https:\/\/www.vaasanmetsaveikot.fi\/index.php\/wp-json\/wp\/v2\/types\/page"}],"author":[{"embeddable":true,"href":"https:\/\/www.vaasanmetsaveikot.fi\/index.php\/wp-json\/wp\/v2\/users\/10"}],"replies":[{"embeddable":true,"href":"https:\/\/www.vaasanmetsaveikot.fi\/index.php\/wp-json\/wp\/v2\/comments?post=487"}],"version-history":[{"count":18,"href":"https:\/\/www.vaasanmetsaveikot.fi\/index.php\/wp-json\/wp\/v2\/pages\/487\/revisions"}],"predecessor-version":[{"id":5842,"href":"https:\/\/www.vaasanmetsaveikot.fi\/index.php\/wp-json\/wp\/v2\/pages\/487\/revisions\/5842"}],"wp:attachment":[{"href":"https:\/\/www.vaasanmetsaveikot.fi\/index.php\/wp-json\/wp\/v2\/media?parent=487"}],"curies":[{"name":"wp","href":"https:\/\/api.w.org\/{rel}","templated":true}]}}