{"id":483,"date":"2015-12-16T23:48:28","date_gmt":"2015-12-16T21:48:28","guid":{"rendered":"http:\/\/www.vaasanmetsaveikot.fi\/?page_id=483"},"modified":"2026-02-18T18:31:37","modified_gmt":"2026-02-18T16:31:37","slug":"ilves-vartio","status":"publish","type":"page","link":"https:\/\/www.vaasanmetsaveikot.fi\/index.php\/ilves-vartio\/","title":{"rendered":"ILVES-Vartio"},"content":{"rendered":"<p><strong>KOKOUS:<\/strong> Tiistaina 17.30-18.30<\/p>\n<p><strong>VJ<\/strong> Matti M\u00e4kel\u00e4 +358 45 1800150<\/p>\n<p><strong>AVJ<\/strong> Lassi Kaikkonen +358 40 1853377<\/p>\n<p><strong>AVJ<\/strong> Mikko Saari +358 45 6250205<\/p>\n<p><strong>AVJ<\/strong> Aaro Helo +358 41 7105535<\/p>\n<p><strong>AVJ<\/strong> Santeri Koivisto +358 40 2138877<\/p>\n<p><strong>AVJ<\/strong> Onni Honkaniemi +358 40 9656377<\/p>\n<p>* * *<\/p>\n<p><strong>VARTIOLAISET:<\/strong><\/p>\n<p>A Kiviharju<\/p>\n<p>H Heinonen<\/p>\n<p>O Peltonen<\/p>\n<p>S Nurmi<\/p>\n<p>V Ryh\u00e4nen<\/p>\n<p>V Larikka<\/p>\n<p>* * *<\/p>\n<p><strong>HUUTO<\/strong>:<\/p>\n<p>Ilves menee ykk\u00f6seks, muut j\u00e4\u00e4 viimeseks. Ilves!<\/p>\n<p>* * *<\/p>\n<p><strong>TAVOITTEET:<\/strong><\/p>\n<p>* * *<\/p>\n<p>P\u00e4ivitetty: 2\/2026<\/p>\n","protected":false},"excerpt":{"rendered":"<p>KOKOUS: Tiistaina 17.30-18.30 VJ Matti M\u00e4kel\u00e4 +358 45 1800150 AVJ Lassi Kaikkonen +358 40 1853377 AVJ Mikko Saari +358 45 6250205 AVJ Aaro Helo +358 <a class=\"read-more\" href=\"https:\/\/www.vaasanmetsaveikot.fi\/index.php\/ilves-vartio\/\"> (Continue Reading)<\/a><\/p>\n","protected":false},"author":10,"featured_media":0,"parent":0,"menu_order":0,"comment_status":"closed","ping_status":"closed","template":"","meta":{"footnotes":""},"class_list":["post-483","page","type-page","status-publish","hentry"],"_links":{"self":[{"href":"https:\/\/www.vaasanmetsaveikot.fi\/index.php\/wp-json\/wp\/v2\/pages\/483","targetHints":{"allow":["GET"]}}],"collection":[{"href":"https:\/\/www.vaasanmetsaveikot.fi\/index.php\/wp-json\/wp\/v2\/pages"}],"about":[{"href":"https:\/\/www.vaasanmetsaveikot.fi\/index.php\/wp-json\/wp\/v2\/types\/page"}],"author":[{"embeddable":true,"href":"https:\/\/www.vaasanmetsaveikot.fi\/index.php\/wp-json\/wp\/v2\/users\/10"}],"replies":[{"embeddable":true,"href":"https:\/\/www.vaasanmetsaveikot.fi\/index.php\/wp-json\/wp\/v2\/comments?post=483"}],"version-history":[{"count":22,"href":"https:\/\/www.vaasanmetsaveikot.fi\/index.php\/wp-json\/wp\/v2\/pages\/483\/revisions"}],"predecessor-version":[{"id":5844,"href":"https:\/\/www.vaasanmetsaveikot.fi\/index.php\/wp-json\/wp\/v2\/pages\/483\/revisions\/5844"}],"wp:attachment":[{"href":"https:\/\/www.vaasanmetsaveikot.fi\/index.php\/wp-json\/wp\/v2\/media?parent=483"}],"curies":[{"name":"wp","href":"https:\/\/api.w.org\/{rel}","templated":true}]}}