{"id":48,"date":"2015-10-25T23:31:15","date_gmt":"2015-10-25T20:31:15","guid":{"rendered":"http:\/\/localhost\/wordpress\/?page_id=48"},"modified":"2024-08-14T17:26:45","modified_gmt":"2024-08-14T15:26:45","slug":"liity-metsaveikkoihin","status":"publish","type":"page","link":"https:\/\/www.vaasanmetsaveikot.fi\/index.php\/liity-metsaveikkoihin\/","title":{"rendered":"Liity Mets\u00e4veikkoihin"},"content":{"rendered":"\n<h3 class=\"wp-block-heading\">ILMOITTAUDU MUKAAN <a rel=\"noreferrer noopener\" href=\"https:\/\/kuksa.partio.fi\/kotisivut\/jasenyys.aspx?id=9999485\" target=\"_blank\">T\u00c4ST\u00c4<\/a><\/h3>\n\n\n<div id=\"SAContent1\" class=\"Otsikko\">\n<p><a href=\"https:\/\/www.vaasanmetsaveikot.fi\/site\/wp-content\/uploads\/2015\/10\/roihu.jpg\"><img loading=\"lazy\" decoding=\"async\" class=\"alignright wp-image-106 size-full\" src=\"https:\/\/www.vaasanmetsaveikot.fi\/site\/wp-content\/uploads\/2015\/10\/roihu.jpg\" alt=\"roihu\" width=\"266\" height=\"156\"><\/a>Sinustako Mets\u00e4veikko?<\/p>\n<\/div>\n<div id=\"SAContent2\" class=\"Teksti\">\n<p>Jos sinua kiinnostaa liitty\u00e4 lippukunnan j\u00e4seneksi tai haluat saada lis\u00e4tietoja toiminnastamme, ota rohkeasti yhteytt\u00e4.<\/p>\n<p>Partiotoimintamme p\u00e4\u00e4sev\u00e4t kaikki 8v t\u00e4ytt\u00e4neet pojat.<br \/>My\u00f6s tekij\u00f6ille ja ryhm\u00e4n vet\u00e4jille on meill\u00e4 aina tilaa ja mukaan p\u00e4\u00e4sev\u00e4t kaikki aiheesta innostuneet.<\/p>\n<p>Voit tulla k\u00e4ym\u00e4\u00e4n kolollamme, jonka osoite on: Kauppapuistikko 16 C . Kolon toimisto p\u00e4ivyst\u00e4\u00e4 maanantaisin kello 18.00-19.00 (kiinni kes\u00e4isin 24.5. &#8211; 24.8).<\/p>\n<p>Tai voit olla yhteydess\u00e4 yhdistyksen puheenjohtajaan (lippukunnanjohtaja)<\/p>\n<p>Joonas Puska<br \/>lpkj@vaasanmetsaveikot.fi<\/p>\n<\/p>\n<\/div>\n\n\n<h2 class=\"wp-block-heading\">Toimintaan ilmoittautuminen<\/h2>\n\n\n\n<p>Uudet ryhm\u00e4t aloittavat toimintansa elokuussa jolloin luonnollisin hetki nuorille l\u00e4hte\u00e4 toimintaan mukaan. Helpointa toimintaamme on tulla tutustumaan syksyn taiteiden y\u00f6ss\u00e4 osoitteessa Kauppapuistikko 16 C (Sis\u00e4\u00e4nk\u00e4ynti Wasaborginkujalta).<\/p>\n\n\n\n<p>Mukaan p\u00e4\u00e4see my\u00f6s kauden aikana, jos ryhmiss\u00e4mme on tilaa. Tiedustele tilannetta osoitteesta lpkj@vaasanmetsaveikot.fi <\/p>\n\n\n\n<p>Ilmoittautuminen tapahtuu s\u00e4hk\u00f6isesti j\u00e4senhakemuksella, jota p\u00e4\u00e4set t\u00e4ytt\u00e4m\u00e4\u00e4n <strong><a rel=\"noreferrer noopener\" href=\"https:\/\/kuksa.partio.fi\/kotisivut\/jasenyys.aspx?id=9999485\" target=\"_blank\">t\u00e4st\u00e4 linkist\u00e4<\/a><\/strong><\/p>\n\n\n\n<h2 class=\"wp-block-heading\">Kokeilemaan partiota?<\/h2>\n\n\n\n<p>Harrastustamme on my\u00f6s mahdollista tulla koittamaan <strong><a href=\"https:\/\/www.partio.fi\/lippukunnille\/lippukunnan-johtaminen\/kasvu-ja-jasenhankinta\/partiotoimintaan-tutustumisen-periaatteet\/\" target=\"_blank\" rel=\"noreferrer noopener\">SPn tutustumis-ohjeiden<\/a><\/strong> mukaisesti kolme kertaa, ennen j\u00e4seneksi liittymist\u00e4. Tiedustelut kokeilumahdollisuuksista voi my\u00f6s l\u00e4hett\u00e4\u00e4 osoitteseen lpkj@vaasanmetsaveikot.fi<\/p>\n","protected":false},"excerpt":{"rendered":"<p>ILMOITTAUDU MUKAAN T\u00c4ST\u00c4 Sinustako Mets\u00e4veikko? Jos sinua kiinnostaa liitty\u00e4 lippukunnan j\u00e4seneksi tai haluat saada lis\u00e4tietoja toiminnastamme, ota rohkeasti yhteytt\u00e4. Partiotoimintamme p\u00e4\u00e4sev\u00e4t kaikki 8v t\u00e4ytt\u00e4neet pojat.My\u00f6s <a class=\"read-more\" href=\"https:\/\/www.vaasanmetsaveikot.fi\/index.php\/liity-metsaveikkoihin\/\"> (Continue Reading)<\/a><\/p>\n","protected":false},"author":1,"featured_media":0,"parent":0,"menu_order":0,"comment_status":"closed","ping_status":"closed","template":"","meta":{"footnotes":""},"class_list":["post-48","page","type-page","status-publish","hentry"],"_links":{"self":[{"href":"https:\/\/www.vaasanmetsaveikot.fi\/index.php\/wp-json\/wp\/v2\/pages\/48","targetHints":{"allow":["GET"]}}],"collection":[{"href":"https:\/\/www.vaasanmetsaveikot.fi\/index.php\/wp-json\/wp\/v2\/pages"}],"about":[{"href":"https:\/\/www.vaasanmetsaveikot.fi\/index.php\/wp-json\/wp\/v2\/types\/page"}],"author":[{"embeddable":true,"href":"https:\/\/www.vaasanmetsaveikot.fi\/index.php\/wp-json\/wp\/v2\/users\/1"}],"replies":[{"embeddable":true,"href":"https:\/\/www.vaasanmetsaveikot.fi\/index.php\/wp-json\/wp\/v2\/comments?post=48"}],"version-history":[{"count":21,"href":"https:\/\/www.vaasanmetsaveikot.fi\/index.php\/wp-json\/wp\/v2\/pages\/48\/revisions"}],"predecessor-version":[{"id":5567,"href":"https:\/\/www.vaasanmetsaveikot.fi\/index.php\/wp-json\/wp\/v2\/pages\/48\/revisions\/5567"}],"wp:attachment":[{"href":"https:\/\/www.vaasanmetsaveikot.fi\/index.php\/wp-json\/wp\/v2\/media?parent=48"}],"curies":[{"name":"wp","href":"https:\/\/api.w.org\/{rel}","templated":true}]}}