{"id":4364,"date":"2021-10-29T13:17:41","date_gmt":"2021-10-29T11:17:41","guid":{"rendered":"https:\/\/www.vaasanmetsaveikot.fi\/?page_id=4364"},"modified":"2026-02-18T18:21:29","modified_gmt":"2026-02-18T16:21:29","slug":"ahma-vartio","status":"publish","type":"page","link":"https:\/\/www.vaasanmetsaveikot.fi\/index.php\/ahma-vartio\/","title":{"rendered":"AHMA-Vartio"},"content":{"rendered":"\n<p><strong>KOKOUS: <\/strong>Vartio ei ole k\u00e4yt\u00f6ss\u00e4 kaudella 25-26<\/p>\n\n\n\n<p>* * *<\/p>\n\n\n\n<p><strong>VARTIOLAISET:<\/strong> <\/p>\n\n\n\n<p><\/p>\n\n\n\n<p>* * * <\/p>\n\n\n\n<p><strong>HUUTO:<\/strong> <\/p>\n\n\n\n<p>A-H-M-A<br>Ahma, Ahma, Ahma<br>Tumma turkki hiljaa hiipii<br>Voittaa kaikki<br>Hei hei hei<\/p>\n\n\n\n<p> * * *  <\/p>\n\n\n\n<p><strong>TAVOITTEET<\/strong>:<\/p>\n\n\n\n<p> * * *  <\/p>\n\n\n\n<p>P\u00e4ivitetty 2\/2026<\/p>\n\n\n\n<p><\/p>\n","protected":false},"excerpt":{"rendered":"<p>KOKOUS: Vartio ei ole k\u00e4yt\u00f6ss\u00e4 kaudella 25-26 * * * VARTIOLAISET: * * * HUUTO: A-H-M-AAhma, Ahma, AhmaTumma turkki hiljaa hiipiiVoittaa kaikkiHei hei hei * <a class=\"read-more\" href=\"https:\/\/www.vaasanmetsaveikot.fi\/index.php\/ahma-vartio\/\"> (Continue Reading)<\/a><\/p>\n","protected":false},"author":27,"featured_media":0,"parent":0,"menu_order":0,"comment_status":"closed","ping_status":"closed","template":"","meta":{"footnotes":""},"class_list":["post-4364","page","type-page","status-publish","hentry"],"_links":{"self":[{"href":"https:\/\/www.vaasanmetsaveikot.fi\/index.php\/wp-json\/wp\/v2\/pages\/4364","targetHints":{"allow":["GET"]}}],"collection":[{"href":"https:\/\/www.vaasanmetsaveikot.fi\/index.php\/wp-json\/wp\/v2\/pages"}],"about":[{"href":"https:\/\/www.vaasanmetsaveikot.fi\/index.php\/wp-json\/wp\/v2\/types\/page"}],"author":[{"embeddable":true,"href":"https:\/\/www.vaasanmetsaveikot.fi\/index.php\/wp-json\/wp\/v2\/users\/27"}],"replies":[{"embeddable":true,"href":"https:\/\/www.vaasanmetsaveikot.fi\/index.php\/wp-json\/wp\/v2\/comments?post=4364"}],"version-history":[{"count":7,"href":"https:\/\/www.vaasanmetsaveikot.fi\/index.php\/wp-json\/wp\/v2\/pages\/4364\/revisions"}],"predecessor-version":[{"id":5839,"href":"https:\/\/www.vaasanmetsaveikot.fi\/index.php\/wp-json\/wp\/v2\/pages\/4364\/revisions\/5839"}],"wp:attachment":[{"href":"https:\/\/www.vaasanmetsaveikot.fi\/index.php\/wp-json\/wp\/v2\/media?parent=4364"}],"curies":[{"name":"wp","href":"https:\/\/api.w.org\/{rel}","templated":true}]}}