{"id":4222,"date":"2021-08-19T19:20:27","date_gmt":"2021-08-19T17:20:27","guid":{"rendered":"https:\/\/www.vaasanmetsaveikot.fi\/?page_id=4222"},"modified":"2022-07-06T16:19:59","modified_gmt":"2022-07-06T14:19:59","slug":"inkelinmaan-sauna","status":"publish","type":"page","link":"https:\/\/www.vaasanmetsaveikot.fi\/index.php\/inkelinmaan-sauna\/","title":{"rendered":"Veikkosauna"},"content":{"rendered":"\n<p>Vaasan Mets\u00e4veikkojen Veikkosauna Kosk\u00f6\u00f6n rannalla palvelee j\u00e4seni\u00e4, sek\u00e4 saunomisesta kiinnostuneita!<\/p>\n\n\n\n<p><\/p>\n\n\n\n<p>Tuen puheenjohtaja Jaakko Perttu sopii hinnat ja hoitaa varauksia saunalle puh 050-4107948<\/p>\n\n\n\n<figure class=\"wp-block-image size-large\"><a href=\"https:\/\/www.vaasanmetsaveikot.fi\/site\/wp-content\/uploads\/2021\/09\/WhatsApp-Image-2021-09-26-at-18.23.44.jpeg\"><img loading=\"lazy\" decoding=\"async\" width=\"1024\" height=\"768\" src=\"https:\/\/www.vaasanmetsaveikot.fi\/site\/wp-content\/uploads\/2021\/09\/WhatsApp-Image-2021-09-26-at-18.23.44-1024x768.jpeg\" alt=\"\" class=\"wp-image-4300\" srcset=\"https:\/\/www.vaasanmetsaveikot.fi\/site\/wp-content\/uploads\/2021\/09\/WhatsApp-Image-2021-09-26-at-18.23.44-1024x768.jpeg 1024w, https:\/\/www.vaasanmetsaveikot.fi\/site\/wp-content\/uploads\/2021\/09\/WhatsApp-Image-2021-09-26-at-18.23.44-300x225.jpeg 300w, https:\/\/www.vaasanmetsaveikot.fi\/site\/wp-content\/uploads\/2021\/09\/WhatsApp-Image-2021-09-26-at-18.23.44-768x576.jpeg 768w, https:\/\/www.vaasanmetsaveikot.fi\/site\/wp-content\/uploads\/2021\/09\/WhatsApp-Image-2021-09-26-at-18.23.44-1536x1152.jpeg 1536w, https:\/\/www.vaasanmetsaveikot.fi\/site\/wp-content\/uploads\/2021\/09\/WhatsApp-Image-2021-09-26-at-18.23.44.jpeg 1600w\" sizes=\"auto, (max-width: 1024px) 100vw, 1024px\" \/><\/a><\/figure>\n\n\n\n<figure class=\"wp-block-gallery has-nested-images columns-default is-cropped wp-block-gallery-1 is-layout-flex wp-block-gallery-is-layout-flex\">\n<figure class=\"wp-block-image size-large\"><a href=\"https:\/\/www.vaasanmetsaveikot.fi\/site\/wp-content\/uploads\/2022\/07\/2021-09-26-at-18.24.10.jpeg\"><img loading=\"lazy\" decoding=\"async\" width=\"1024\" height=\"768\" data-id=\"5170\" src=\"https:\/\/www.vaasanmetsaveikot.fi\/site\/wp-content\/uploads\/2022\/07\/2021-09-26-at-18.24.10-1024x768.jpeg\" alt=\"\" class=\"wp-image-5170\" srcset=\"https:\/\/www.vaasanmetsaveikot.fi\/site\/wp-content\/uploads\/2022\/07\/2021-09-26-at-18.24.10-1024x768.jpeg 1024w, https:\/\/www.vaasanmetsaveikot.fi\/site\/wp-content\/uploads\/2022\/07\/2021-09-26-at-18.24.10-300x225.jpeg 300w, https:\/\/www.vaasanmetsaveikot.fi\/site\/wp-content\/uploads\/2022\/07\/2021-09-26-at-18.24.10-768x576.jpeg 768w, https:\/\/www.vaasanmetsaveikot.fi\/site\/wp-content\/uploads\/2022\/07\/2021-09-26-at-18.24.10-1536x1152.jpeg 1536w, https:\/\/www.vaasanmetsaveikot.fi\/site\/wp-content\/uploads\/2022\/07\/2021-09-26-at-18.24.10.jpeg 2000w\" sizes=\"auto, (max-width: 1024px) 100vw, 1024px\" \/><\/a><figcaption>L\u00f6ylyhuone<\/figcaption><\/figure>\n\n\n\n<figure class=\"wp-block-image size-large\"><a href=\"https:\/\/www.vaasanmetsaveikot.fi\/site\/wp-content\/uploads\/2022\/07\/2022-05-20-21.12.24-scaled.jpg\"><img loading=\"lazy\" decoding=\"async\" width=\"1024\" height=\"469\" data-id=\"5171\" src=\"https:\/\/www.vaasanmetsaveikot.fi\/site\/wp-content\/uploads\/2022\/07\/2022-05-20-21.12.24-1024x469.jpg\" alt=\"\" class=\"wp-image-5171\" srcset=\"https:\/\/www.vaasanmetsaveikot.fi\/site\/wp-content\/uploads\/2022\/07\/2022-05-20-21.12.24-1024x469.jpg 1024w, https:\/\/www.vaasanmetsaveikot.fi\/site\/wp-content\/uploads\/2022\/07\/2022-05-20-21.12.24-300x138.jpg 300w, https:\/\/www.vaasanmetsaveikot.fi\/site\/wp-content\/uploads\/2022\/07\/2022-05-20-21.12.24-768x352.jpg 768w, https:\/\/www.vaasanmetsaveikot.fi\/site\/wp-content\/uploads\/2022\/07\/2022-05-20-21.12.24-1536x704.jpg 1536w, https:\/\/www.vaasanmetsaveikot.fi\/site\/wp-content\/uploads\/2022\/07\/2022-05-20-21.12.24-2048x939.jpg 2048w\" sizes=\"auto, (max-width: 1024px) 100vw, 1024px\" \/><\/a><figcaption>L\u00f6ylyhuone<\/figcaption><\/figure>\n\n\n\n<figure class=\"wp-block-image size-large\"><a href=\"https:\/\/www.vaasanmetsaveikot.fi\/site\/wp-content\/uploads\/2022\/07\/2022-05-20-21.13.34-scaled.jpg\"><img loading=\"lazy\" decoding=\"async\" width=\"1024\" height=\"469\" data-id=\"5167\" src=\"https:\/\/www.vaasanmetsaveikot.fi\/site\/wp-content\/uploads\/2022\/07\/2022-05-20-21.13.34-1024x469.jpg\" alt=\"\" class=\"wp-image-5167\" srcset=\"https:\/\/www.vaasanmetsaveikot.fi\/site\/wp-content\/uploads\/2022\/07\/2022-05-20-21.13.34-1024x469.jpg 1024w, https:\/\/www.vaasanmetsaveikot.fi\/site\/wp-content\/uploads\/2022\/07\/2022-05-20-21.13.34-300x138.jpg 300w, https:\/\/www.vaasanmetsaveikot.fi\/site\/wp-content\/uploads\/2022\/07\/2022-05-20-21.13.34-768x352.jpg 768w, https:\/\/www.vaasanmetsaveikot.fi\/site\/wp-content\/uploads\/2022\/07\/2022-05-20-21.13.34-1536x704.jpg 1536w, https:\/\/www.vaasanmetsaveikot.fi\/site\/wp-content\/uploads\/2022\/07\/2022-05-20-21.13.34-2048x939.jpg 2048w\" sizes=\"auto, (max-width: 1024px) 100vw, 1024px\" \/><\/a><figcaption>Pukuhuone<\/figcaption><\/figure>\n\n\n\n<figure class=\"wp-block-image size-large\"><a href=\"https:\/\/www.vaasanmetsaveikot.fi\/site\/wp-content\/uploads\/2022\/07\/2022-05-20-21.18.17-scaled.jpg\"><img loading=\"lazy\" decoding=\"async\" width=\"1024\" height=\"469\" data-id=\"5172\" src=\"https:\/\/www.vaasanmetsaveikot.fi\/site\/wp-content\/uploads\/2022\/07\/2022-05-20-21.18.17-1024x469.jpg\" alt=\"\" class=\"wp-image-5172\" srcset=\"https:\/\/www.vaasanmetsaveikot.fi\/site\/wp-content\/uploads\/2022\/07\/2022-05-20-21.18.17-1024x469.jpg 1024w, https:\/\/www.vaasanmetsaveikot.fi\/site\/wp-content\/uploads\/2022\/07\/2022-05-20-21.18.17-300x138.jpg 300w, https:\/\/www.vaasanmetsaveikot.fi\/site\/wp-content\/uploads\/2022\/07\/2022-05-20-21.18.17-768x352.jpg 768w, https:\/\/www.vaasanmetsaveikot.fi\/site\/wp-content\/uploads\/2022\/07\/2022-05-20-21.18.17-1536x704.jpg 1536w, https:\/\/www.vaasanmetsaveikot.fi\/site\/wp-content\/uploads\/2022\/07\/2022-05-20-21.18.17-2048x939.jpg 2048w\" sizes=\"auto, (max-width: 1024px) 100vw, 1024px\" \/><\/a><figcaption>Ranta<\/figcaption><\/figure>\n\n\n\n<figure class=\"wp-block-image size-large\"><a href=\"https:\/\/www.vaasanmetsaveikot.fi\/site\/wp-content\/uploads\/2022\/07\/2022-05-20-21.13.56-scaled.jpg\"><img loading=\"lazy\" decoding=\"async\" width=\"1024\" height=\"489\" data-id=\"5169\" src=\"https:\/\/www.vaasanmetsaveikot.fi\/site\/wp-content\/uploads\/2022\/07\/2022-05-20-21.13.56-1024x489.jpg\" alt=\"\" class=\"wp-image-5169\" srcset=\"https:\/\/www.vaasanmetsaveikot.fi\/site\/wp-content\/uploads\/2022\/07\/2022-05-20-21.13.56-1024x489.jpg 1024w, https:\/\/www.vaasanmetsaveikot.fi\/site\/wp-content\/uploads\/2022\/07\/2022-05-20-21.13.56-300x143.jpg 300w, https:\/\/www.vaasanmetsaveikot.fi\/site\/wp-content\/uploads\/2022\/07\/2022-05-20-21.13.56-768x367.jpg 768w, https:\/\/www.vaasanmetsaveikot.fi\/site\/wp-content\/uploads\/2022\/07\/2022-05-20-21.13.56-1536x733.jpg 1536w, https:\/\/www.vaasanmetsaveikot.fi\/site\/wp-content\/uploads\/2022\/07\/2022-05-20-21.13.56-2048x977.jpg 2048w\" sizes=\"auto, (max-width: 1024px) 100vw, 1024px\" \/><\/a><figcaption>Kuisti<\/figcaption><\/figure>\n<\/figure>\n\n\n\n<p><\/p>\n\n\n\n<h2 class=\"wp-block-heading\" style=\"font-size:22px\"><strong>Varauskalenteri:<\/strong><\/h2>\n\n\n\n<iframe loading=\"lazy\" src=\"https:\/\/calendar.google.com\/calendar\/embed?src=kjrk5b4rrgi118g2h8s3ivhebk%40group.calendar.google.com&amp;ctz=Europe%2FHelsinki\" style=\"border: 0\" width=\"700\" height=\"600\" frameborder=\"0\" scrolling=\"no\"><\/iframe>\n","protected":false},"excerpt":{"rendered":"<p>Vaasan Mets\u00e4veikkojen Veikkosauna Kosk\u00f6\u00f6n rannalla palvelee j\u00e4seni\u00e4, sek\u00e4 saunomisesta kiinnostuneita! Tuen puheenjohtaja sopii hinnat ja hoitaa varauksia saunalle puh 050-4107948 Varauskalenteri:<\/p>\n","protected":false},"author":1,"featured_media":0,"parent":0,"menu_order":0,"comment_status":"closed","ping_status":"closed","template":"","meta":{"footnotes":""},"class_list":["post-4222","page","type-page","status-publish","hentry"],"_links":{"self":[{"href":"https:\/\/www.vaasanmetsaveikot.fi\/index.php\/wp-json\/wp\/v2\/pages\/4222","targetHints":{"allow":["GET"]}}],"collection":[{"href":"https:\/\/www.vaasanmetsaveikot.fi\/index.php\/wp-json\/wp\/v2\/pages"}],"about":[{"href":"https:\/\/www.vaasanmetsaveikot.fi\/index.php\/wp-json\/wp\/v2\/types\/page"}],"author":[{"embeddable":true,"href":"https:\/\/www.vaasanmetsaveikot.fi\/index.php\/wp-json\/wp\/v2\/users\/1"}],"replies":[{"embeddable":true,"href":"https:\/\/www.vaasanmetsaveikot.fi\/index.php\/wp-json\/wp\/v2\/comments?post=4222"}],"version-history":[{"count":15,"href":"https:\/\/www.vaasanmetsaveikot.fi\/index.php\/wp-json\/wp\/v2\/pages\/4222\/revisions"}],"predecessor-version":[{"id":5182,"href":"https:\/\/www.vaasanmetsaveikot.fi\/index.php\/wp-json\/wp\/v2\/pages\/4222\/revisions\/5182"}],"wp:attachment":[{"href":"https:\/\/www.vaasanmetsaveikot.fi\/index.php\/wp-json\/wp\/v2\/media?parent=4222"}],"curies":[{"name":"wp","href":"https:\/\/api.w.org\/{rel}","templated":true}]}}