{"id":37,"date":"2015-10-25T23:26:23","date_gmt":"2015-10-25T20:26:23","guid":{"rendered":"http:\/\/localhost\/wordpress\/?page_id=37"},"modified":"2024-08-24T18:41:43","modified_gmt":"2024-08-24T16:41:43","slug":"inkelinmaan-leirialue","status":"publish","type":"page","link":"https:\/\/www.vaasanmetsaveikot.fi\/index.php\/inkelinmaan-leirialue\/","title":{"rendered":"Inkelinmaan leirialue"},"content":{"rendered":"<div id=\"SAContent1\" class=\"Otsikko\">\n<p>Inkelin<a href=\"https:\/\/www.vaasanmetsaveikot.fi\/site\/wp-content\/uploads\/2015\/10\/katos.jpg\"><img loading=\"lazy\" decoding=\"async\" class=\"alignright wp-image-112 size-medium\" src=\"https:\/\/www.vaasanmetsaveikot.fi\/site\/wp-content\/uploads\/2015\/10\/katos-300x225.jpg\" alt=\"katos\" width=\"300\" height=\"225\" srcset=\"https:\/\/www.vaasanmetsaveikot.fi\/site\/wp-content\/uploads\/2015\/10\/katos-300x225.jpg 300w, https:\/\/www.vaasanmetsaveikot.fi\/site\/wp-content\/uploads\/2015\/10\/katos.jpg 800w\" sizes=\"auto, (max-width: 300px) 100vw, 300px\" \/><\/a>maa on lippukunnan leirialue, joka sijaitsee v\u00e4litt\u00f6m\u00e4sti <a href=\"https:\/\/www.vaasanmetsaveikot.fi\/index.php\/koskon-maja\/\">Kosk\u00f6n majan<\/a> ja sit\u00e4 ymp\u00e4r\u00f6iv\u00e4n retkeilyalueen pohjoispuolella.<br \/>\nAlueelle on rakennettu yhdess\u00e4 muiden maanomistajien kanssa Inkelintie. T\u00e4m\u00e4 ei h\u00e4iritse lainkaan poikien retkeily\u00e4 majalla, sill\u00e4 se on venematkan p\u00e4\u00e4ss\u00e4, hyvin maastonmuotoihin naamioitu ja lis\u00e4ksi se on eristetty puomilla. Tien rakentamisella luotiin eritt\u00e4in t\u00e4rke\u00e4\u00a0huoltoyhteys majalle.<\/p>\n<\/div>\n<div id=\"SAContent2\" class=\"Teksti\">\n<p>Alue tarjoaa hyv\u00e4t mahdollisuudet isompienkin retkien ja leirien j\u00e4rjest\u00e4miseen. Kes\u00e4ll\u00e4 2005 alueella j\u00e4rjestettiin Vaasan seudun partiolippukuntien yhteinen\u00a0Jatuli -kes\u00e4leiri ja 2007 Mets\u00e4veikkojen oma VEIKKO-leiri. Leiri\u00e4 ja tulevaisuutta varten alueelle rakennettiin pysyv\u00e4 keitti\u00f6katos, raivattiin huoltov\u00e4yl\u00e4 keitti\u00f6katokselle, sek\u00e4 suoritettiin runsaasti pystykarsintaa ja muuta alueen raivausta. Alue palveli hyvin leirik\u00e4ytt\u00f6\u00e4 ja samalla leiri\u00e4 varten tehdyt raivausty\u00f6t kehittiv\u00e4t aluetta entist\u00e4 paremmaksi leirialueeksi tulevaisuutta silm\u00e4ll\u00e4 pit\u00e4en. SAGA leirille 2009 valmistui kest\u00e4v\u00e4 ruokailukatos ja p\u00f6yd\u00e4t. Kiinteit\u00e4 erottelevia vessoja on rakennettu pikkuhiljaa eri teltta alueille ja inkelinraittia on jatkettu leirisaunalle saakka<br \/>\nAlueen rajalle tuotiin 2003 logistiikkakeskukseksi vanha ty\u00f6maaparakki , nimelt\u00e4\u00e4n 104. Uusi huolto- ja toimistorakennus: 103 otettiin k\u00e4ytt\u00f6\u00f6n 2017. Vanha 104 on h\u00e4vitetty 2024\u00a0 loppuun palvelleena.<\/p>\n<p>Kev\u00e4\u00e4ll\u00e4 2017 k\u00e4ynnistyi kehitt\u00e4mishanke INKEHA . Alueelle rakennettiin s\u00e4hk\u00f6liittym\u00e4, porakaivo, uusi huoltorakennus ja leirisauna. Hankkeseen saatiin tukea EU:lta.<br \/>\nRannan pys\u00e4k\u00f6intikentt\u00e4\u00e4 parannettiin ja keitti\u00f6katokselle on tehty pient\u00e4 kohennusta.<\/p>\n<p>Ajo-ohjeet Inkelinmaalle l\u00f6yd\u00e4t <a href=\"https:\/\/www.vaasanmetsaveikot.fi\/index.php\/koskon-maja\/\">Kosk\u00f6n majan sivun <\/a>alalaidasta.<\/p>\n<p><strong>INKEHA Inkelinmaan leirialueen kehitt\u00e4mishanke. Mets\u00e4veikkoja tukee:<\/strong><\/p>\n<p><a href=\"https:\/\/www.vaasanmetsaveikot.fi\/site\/wp-content\/uploads\/2017\/10\/eu_logo.jpg\"><img loading=\"lazy\" decoding=\"async\" class=\"alignnone size-full wp-image-1280\" src=\"https:\/\/www.vaasanmetsaveikot.fi\/site\/wp-content\/uploads\/2017\/10\/eu_logo.jpg\" alt=\"\" width=\"471\" height=\"99\" srcset=\"https:\/\/www.vaasanmetsaveikot.fi\/site\/wp-content\/uploads\/2017\/10\/eu_logo.jpg 471w, https:\/\/www.vaasanmetsaveikot.fi\/site\/wp-content\/uploads\/2017\/10\/eu_logo-300x63.jpg 300w\" sizes=\"auto, (max-width: 471px) 100vw, 471px\" \/><\/a><\/p>\n<\/div>\n","protected":false},"excerpt":{"rendered":"<p>Inkelinmaa on lippukunnan leirialue, joka sijaitsee v\u00e4litt\u00f6m\u00e4sti Kosk\u00f6n majan ja sit\u00e4 ymp\u00e4r\u00f6iv\u00e4n retkeilyalueen pohjoispuolella. Alueelle on rakennettu yhdess\u00e4 muiden maanomistajien kanssa Inkelintie. T\u00e4m\u00e4 ei h\u00e4iritse <a class=\"read-more\" href=\"https:\/\/www.vaasanmetsaveikot.fi\/index.php\/inkelinmaan-leirialue\/\"> (Continue Reading)<\/a><\/p>\n","protected":false},"author":1,"featured_media":0,"parent":0,"menu_order":0,"comment_status":"closed","ping_status":"closed","template":"","meta":{"footnotes":""},"class_list":["post-37","page","type-page","status-publish","hentry"],"_links":{"self":[{"href":"https:\/\/www.vaasanmetsaveikot.fi\/index.php\/wp-json\/wp\/v2\/pages\/37","targetHints":{"allow":["GET"]}}],"collection":[{"href":"https:\/\/www.vaasanmetsaveikot.fi\/index.php\/wp-json\/wp\/v2\/pages"}],"about":[{"href":"https:\/\/www.vaasanmetsaveikot.fi\/index.php\/wp-json\/wp\/v2\/types\/page"}],"author":[{"embeddable":true,"href":"https:\/\/www.vaasanmetsaveikot.fi\/index.php\/wp-json\/wp\/v2\/users\/1"}],"replies":[{"embeddable":true,"href":"https:\/\/www.vaasanmetsaveikot.fi\/index.php\/wp-json\/wp\/v2\/comments?post=37"}],"version-history":[{"count":8,"href":"https:\/\/www.vaasanmetsaveikot.fi\/index.php\/wp-json\/wp\/v2\/pages\/37\/revisions"}],"predecessor-version":[{"id":5601,"href":"https:\/\/www.vaasanmetsaveikot.fi\/index.php\/wp-json\/wp\/v2\/pages\/37\/revisions\/5601"}],"wp:attachment":[{"href":"https:\/\/www.vaasanmetsaveikot.fi\/index.php\/wp-json\/wp\/v2\/media?parent=37"}],"curies":[{"name":"wp","href":"https:\/\/api.w.org\/{rel}","templated":true}]}}