{"id":3411,"date":"2020-03-23T18:52:03","date_gmt":"2020-03-23T16:52:03","guid":{"rendered":"http:\/\/www.vaasanmetsaveikot.fi\/?page_id=3411"},"modified":"2022-05-17T09:31:35","modified_gmt":"2022-05-17T07:31:35","slug":"internet-of-veikkos","status":"publish","type":"page","link":"https:\/\/www.vaasanmetsaveikot.fi\/index.php\/internet-of-veikkos\/","title":{"rendered":"INTERNET OF VEIKKOS"},"content":{"rendered":"\n<div class=\"wp-block-columns is-layout-flex wp-container-core-columns-is-layout-9d6595d7 wp-block-columns-is-layout-flex\">\n<div class=\"wp-block-column is-layout-flow wp-block-column-is-layout-flow\" style=\"flex-basis:66.66%\">\n<p>Internet of Veikkos eli IoV on Mets\u00e4veikkojen et\u00e4ohjelma -paketti!<\/p>\n\n\n\n<p>IoV &#8211; et\u00e4ohejlma tehtiin yhteisty\u00f6ss\u00e4 et\u00e4veikkojen voimalla, vastaamaan muuttuneeseen mailmantilanteeseen, jossa l\u00e4hitapaamisia ei voitu pit\u00e4\u00e4 vuonna 2020. <\/p>\n\n\n\n<p>IoV -ohjelmaa on edelleen mahdollista suorittaa ja Taskien suorittamisesta voi edelleen ansaita IoV -merkin. Lis\u00e4tietoja on mahdollista hankkia l\u00e4himm\u00e4lt\u00e4 johtajalta.<\/p>\n\n\n\n<p>Materiaaleissa esiintyv\u00e4t s\u00e4hk\u00f6postiosoitteet ja yhteystiedot ovat vanhentuneita. Teht\u00e4vien palautuksista sovitaan erikseen oman johtajan kanssa<\/p>\n<\/div>\n\n\n\n<div class=\"wp-block-column is-layout-flow wp-block-column-is-layout-flow\" style=\"flex-basis:33.33%\">\n<p><strong>UUTISET:<\/strong><\/p>\n\n\n\n<p><strong>VMV DISCORD:<\/strong><\/p>\n\n\n\n<p>Discord<a href=\"https:\/\/discord.gg\/HrC2MPu\">-Linkki<\/a> <\/p>\n<\/div>\n<\/div>\n\n\n\n<h2 class=\"wp-block-heading\"><\/h2>\n\n\n<p>\u00a0<\/p>\n<table style=\"border-collapse: collapse; width: 100%;\" border=\"1\">\n<tbody>\n<tr style=\"height: 23px;\">\n<td style=\"width: 43.6905%; height: 22px;\"><strong>Vartion kokous<\/strong><\/td>\n<td style=\"width: 41.3095%; height: 22px;\"><strong>Itse teht\u00e4v\u00e4\u00e4 (task)<br \/><\/strong><\/td>\n<\/tr>\n<tr style=\"height: 23px;\">\n<td style=\"width: 43.6905%; height: 23px;\">\n<p>Kotisivujen p\u00e4ivitt\u00e4minen<\/p>\n<p>Ohje kaikkiin aiheisiin:<\/p>\n<p><a href=\"https:\/\/www.vaasanmetsaveikot.fi\/site\/wp-content\/uploads\/2020\/03\/IOV-viikko-13-Vartion-ensimm\u00e4inen-et\u00e4kokous-1.pdf\">IOV viikko 13 Vartion ensimm\u00e4inen et\u00e4kokous<\/a><\/p>\n<\/td>\n<td style=\"width: 41.3095%; height: 23px;\">\n<p>Lihan kuivaus<\/p>\n<p>Kev\u00e4tseuranta<\/p>\n<\/td>\n<\/tr>\n<tr style=\"height: 23px;\">\n<td style=\"width: 43.6905%; height: 23px;\">\n<p>Jamboree On The Internet<\/p>\n<p>Juttu Mets\u00e4veikkosanomiin<\/p>\n<p><a href=\"https:\/\/www.vaasanmetsaveikot.fi\/site\/wp-content\/uploads\/2020\/03\/JOTI-ohje.pdf\">JOTI-ohje<\/a><\/p>\n<p><a href=\"https:\/\/www.vaasanmetsaveikot.fi\/site\/wp-content\/uploads\/2020\/03\/IOV-viikko-14-ohjeet.pdf\">IOV viikko 14 ohjeet<\/a><\/p>\n<\/td>\n<td style=\"width: 41.3095%; height: 23px;\">\n<p>Varustehuolto, <a href=\"https:\/\/www.vaasanmetsaveikot.fi\/site\/wp-content\/uploads\/2020\/04\/IoV-varustehuolto-ohje.pdf\">IoV varustehuolto-ohje<\/a><\/p>\n<p>\u00a0<\/p>\n<\/td>\n<\/tr>\n<tr style=\"height: 23px;\">\n<td style=\"width: 43.6905%; height: 23px;\">\n<p>Special-retken suunnittelu<\/p>\n<p>Valokuvaushaaste<\/p>\n<p><a href=\"https:\/\/www.vaasanmetsaveikot.fi\/site\/wp-content\/uploads\/2020\/04\/IoV-valokuvaushaaste.pdf\">IoV valokuvaushaaste<\/a><\/p>\n<p><a href=\"https:\/\/www.vaasanmetsaveikot.fi\/site\/wp-content\/uploads\/2020\/04\/IoV-viikko-15-ohjeet.pdf\">IoV viikko 15 ohjeet<\/a><\/p>\n<\/td>\n<td style=\"width: 41.3095%; height: 23px;\">\n<p>Valokuvaushaaste<\/p>\n<p>\u00a0<\/p>\n<\/td>\n<\/tr>\n<tr style=\"height: 202px;\">\n<td style=\"width: 43.6905%; height: 207px;\">\n<p>Partiotaitokisojen rastin suunnittelu<\/p>\n<p>Yhteistoimintapeli: http:\/\/strandedgame.net\/<\/p>\n<\/td>\n<td style=\"width: 41.3095%; height: 207px;\">\n<p>Trangian sis\u00e4lle mahtuvan lastan tekeminen puukolla<\/p>\n<p>Geok\u00e4tk\u00f6n hakeminen<\/p>\n<\/td>\n<\/tr>\n<tr style=\"height: 401px;\">\n<td style=\"width: 43.6905%; height: 335px;\">\n<p>Partiotaitokisojen teht\u00e4v\u00e4k\u00e4skyn suunnittelu:<\/p>\n<p>Mallia voi ottaa Tyrni-kisojen <a href=\"https:\/\/drive.google.com\/drive\/folders\/13JRnh29QwZKKA3y0R7clR51wGZJZG7jm?usp=sharing\">teht\u00e4v\u00e4k\u00e4skyist\u00e4<\/a><\/p>\n<p><a href=\"https:\/\/www.vaasanmetsaveikot.fi\/site\/wp-content\/uploads\/2020\/04\/Vartioiden_rastikaskypohja.docx\">Teht\u00e4v\u00e4k\u00e4skypohja<\/a><\/p>\n<\/td>\n<td style=\"width: 41.3095%; height: 335px;\">\n<p>Treeniohjelman kokeileminen: <span style=\"font-weight: 400;\">punnerrusohjelma<\/span><\/p>\n<p>Hanki sovellus tai tee esim. <a href=\"https:\/\/hundredpushups.com\/\">https:\/\/hundredpushups.com\/ <\/a><\/p>\n<p>tai<\/p>\n<p><a href=\"http:\/\/www.100punnerrusta.com\">http:\/\/www.100punnerrusta.com<\/a>\/<\/p>\n<\/td>\n<\/tr>\n<tr style=\"height: 144px;\">\n<td style=\"width: 43.6905%; height: 144px;\">Suunnittelemme varustelistat<br \/>1) vaellukselle<br \/>2) polkupy\u00f6r\u00e4vaellukselle <br \/>3) minimipainoisena<\/td>\n<td style=\"width: 41.3095%; height: 144px;\">\u00a0<\/td>\n<\/tr>\n<tr style=\"height: 222px;\">\n<td style=\"width: 43.6905%; height: 222px;\">\n<p><span style=\"font-weight: 400;\">Liikennemerkit<\/span><\/p>\n<p>Ohje t\u00e4ss\u00e4:<\/p>\n<p><span style=\"font-weight: 400;\"><a href=\"https:\/\/www.vaasanmetsaveikot.fi\/site\/wp-content\/uploads\/2020\/05\/Liikennemerkkikokous.pdf\">Liikennemerkkikokous<\/a><\/span><\/p>\n<p>\u00a0<\/p>\n<\/td>\n<td style=\"width: 41.3095%; height: 222px;\">\n<p>Task: Py\u00f6r\u00e4n kev\u00e4thuolto<\/p>\n<p><a href=\"https:\/\/www.vaasanmetsaveikot.fi\/site\/wp-content\/uploads\/2020\/05\/IoV-viikko-19-task-py\u00f6r\u00e4n-kev\u00e4thuolto.pdf\">IoV viikko 19 task py\u00f6r\u00e4n kev\u00e4thuolto<\/a><\/p>\n<\/td>\n<\/tr>\n<tr style=\"height: 121px;\">\n<td style=\"width: 43.6905%; height: 121px;\">\n<p>Kartta<\/p>\n<p><a href=\"https:\/\/www.vaasanmetsaveikot.fi\/site\/wp-content\/uploads\/2020\/05\/IoV-viikko-20-kartta-ohje.pdf\">IoV viikko 20 kartta ohje<\/a><\/p>\n<\/td>\n<td style=\"width: 41.3095%; height: 121px;\">\u00a0<\/td>\n<\/tr>\n<\/tbody>\n<\/table>\n\n\n<p><\/p>\n","protected":false},"excerpt":{"rendered":"<p>Internet of Veikkos eli IoV on Mets\u00e4veikkojen et\u00e4ohjelma -paketti! IoV &#8211; et\u00e4ohejlma tehtiin yhteisty\u00f6ss\u00e4 et\u00e4veikkojen voimalla, vastaamaan muuttuneeseen mailmantilanteeseen, jossa l\u00e4hitapaamisia ei voitu pit\u00e4\u00e4 vuonna <a class=\"read-more\" href=\"https:\/\/www.vaasanmetsaveikot.fi\/index.php\/internet-of-veikkos\/\"> (Continue Reading)<\/a><\/p>\n","protected":false},"author":21,"featured_media":0,"parent":0,"menu_order":0,"comment_status":"closed","ping_status":"closed","template":"","meta":{"footnotes":""},"class_list":["post-3411","page","type-page","status-publish","hentry"],"_links":{"self":[{"href":"https:\/\/www.vaasanmetsaveikot.fi\/index.php\/wp-json\/wp\/v2\/pages\/3411","targetHints":{"allow":["GET"]}}],"collection":[{"href":"https:\/\/www.vaasanmetsaveikot.fi\/index.php\/wp-json\/wp\/v2\/pages"}],"about":[{"href":"https:\/\/www.vaasanmetsaveikot.fi\/index.php\/wp-json\/wp\/v2\/types\/page"}],"author":[{"embeddable":true,"href":"https:\/\/www.vaasanmetsaveikot.fi\/index.php\/wp-json\/wp\/v2\/users\/21"}],"replies":[{"embeddable":true,"href":"https:\/\/www.vaasanmetsaveikot.fi\/index.php\/wp-json\/wp\/v2\/comments?post=3411"}],"version-history":[{"count":49,"href":"https:\/\/www.vaasanmetsaveikot.fi\/index.php\/wp-json\/wp\/v2\/pages\/3411\/revisions"}],"predecessor-version":[{"id":5153,"href":"https:\/\/www.vaasanmetsaveikot.fi\/index.php\/wp-json\/wp\/v2\/pages\/3411\/revisions\/5153"}],"wp:attachment":[{"href":"https:\/\/www.vaasanmetsaveikot.fi\/index.php\/wp-json\/wp\/v2\/media?parent=3411"}],"curies":[{"name":"wp","href":"https:\/\/api.w.org\/{rel}","templated":true}]}}