{"id":34,"date":"2015-10-25T23:24:45","date_gmt":"2015-10-25T20:24:45","guid":{"rendered":"http:\/\/localhost\/wordpress\/?page_id=34"},"modified":"2026-04-17T11:35:00","modified_gmt":"2026-04-17T09:35:00","slug":"yhteystiedot","status":"publish","type":"page","link":"https:\/\/www.vaasanmetsaveikot.fi\/index.php\/yhteystiedot\/","title":{"rendered":"Yhteystiedot"},"content":{"rendered":"\n<p><strong>LIPPUKUNNAN <\/strong><strong>S\u00c4HK\u00d6POSTIOSOITE<\/strong><\/p>\n\n\n\n<p><strong> <a href=\"mailto:vmv@vaasanmetsaveikot.fi\">vmv@vaasanmetsaveikot.fi<\/a><br>\n<\/strong><\/p>\n\n\n\n<p><strong>LIPPUKUNNAN TOIMISTO&nbsp;<\/strong><\/p>\n\n\n\n<p>Avoinna sopimuksen mukaan<br> <a title=\"\" href=\"mailto:vmv@netikka.fi\" target=\"_blank\" rel=\"noopener noreferrer\">Vaasan Mets\u00e4veikot ry<\/a><br> Kauppapuistikko 16 C&nbsp; (Sis\u00e4\u00e4nk\u00e4ynti Wasaborginkujalta)<br> 65100 VAASA<br> puh.&nbsp;<strong>050-3076892<br><br><\/strong>Y-tunnus: 0233594-7<\/p>\n\n\n\n<hr class=\"wp-block-separator has-alpha-channel-opacity\"\/>\n\n\n\n<p><strong>LIPPUKUNNAN JOHTAJAT<br> <em>&#8211;&nbsp;<\/em><\/strong><em>P\u00e4ivitetty 18.11.2025 &#8211;<\/em><\/p>\n\n\n\n<p><strong>Lippukunnanjohtaja<br> Joonas Puska<\/strong> 050-9193747<br> lpkj@vaasanmetsaveikot.fi<\/p>\n\n\n\n<p><strong>Lippukunnanjohtajan apulainen<br> <\/strong>Ossi Saari <br>lpkja@vaasanmetsaveikot.fi <br><\/p>\n\n\n\n<p><strong>Miikka Rautavirta<\/strong> 0500-161669<br> miikka.rautavirta@gmail.com \/ kolo@vaasanmetsaveikot.fi<br> -Kolon varaukset , taloudenhoitaja <\/p>\n\n\n\n<p><strong>Olli Alanko<\/strong><strong><br> <\/strong><a href=\"mailto:sihteeri@vaasanmetsaveikot.fi\">sihteeri@vaasanmetsaveikot.fi<\/a><strong><br> <\/strong>-sihteeri<\/p>\n\n\n\n<hr class=\"wp-block-separator has-alpha-channel-opacity\"\/>\n\n\n\n<p><strong>LIPPUKUNNAN MERKKISIHTEERI<\/strong><\/p>\n\n\n\n<p><strong><a href=\"https:\/\/www.vaasanmetsaveikot.fi\/index.php\/varusteet\/\">Merkkisihteeri<\/a>:&nbsp; <strong>Onni Honkaniemi<\/strong>&nbsp; +358 40 9656377<br><\/strong>ajat sovittava etuk\u00e4teen<\/p>\n\n\n\n<hr class=\"wp-block-separator has-alpha-channel-opacity\"\/>\n\n\n\n<p><strong>SUDENPENTUOSASTO&nbsp; (SUPEOS)<br> <\/strong><a href=\"mailto:supeos@vaasanmetsaveikot.fi\" target=\"_blank\" rel=\"noopener noreferrer\">supeos@vaasanmetsaveikot.fi<\/a><\/p>\n\n\n\n<p><u><strong>Osastonjohtaja<br><\/strong><\/u><strong><strong><strong>Taavi Uotila<\/strong><\/strong><\/strong><\/p>\n\n\n\n<p>SAUKKO lauma , torstaisin 18-19<br>Taavi Uotila<br>Olli Alanko<br>Mikael Puska<\/p>\n\n\n\n<p><\/p>\n\n\n\n<hr class=\"wp-block-separator has-alpha-channel-opacity\"\/>\n\n\n\n<p><strong>SEIKKAILIJAOSASTO (SEIKOS)<br><\/strong><a href=\"mailto:seikos@vaasanmetsaveikot.fi\" target=\"_blank\" rel=\"noopener noreferrer\">seikos@vaasanmetsaveikot.fi<\/a><\/p>\n\n\n\n<p><u><strong>Osastonjohtaja<\/strong><br><\/u><strong>Jarkko St\u00e5hl<\/strong>&nbsp; +358 50 3531026<\/p>\n\n\n\n<p><strong>Seikkailija joukkueen johtajat&nbsp;<\/strong><br>Jarkko St\u00e5hl, Joonas Puska ,  Rami Hautala<\/p>\n\n\n\n<hr class=\"wp-block-separator has-alpha-channel-opacity\"\/>\n\n\n\n<p><strong>SAMOAJAOSASTO (SAMOS)<br><\/strong><a href=\"mailto:samos@vaasanmetsaveikot.fi\" target=\"_blank\" rel=\"noopener noreferrer\">samos@vaasanmetsaveikot.fi<\/a><\/p>\n\n\n\n<p><u><strong>Osastonjohtaja<\/strong><\/u><br><strong>Tuomas Rajala<\/strong><\/p>\n\n\n\n<hr class=\"wp-block-separator has-alpha-channel-opacity\"\/>\n\n\n\n<p><strong>VAELTAJAOSASTO&nbsp; (VAOS)<br><\/strong><a href=\"mailto:vaos@vaasanmetsaveikot.fi\">vaos@vaasanmetsaveikot.fi<\/a><\/p>\n\n\n\n<p><u><strong>Osastonjohtaja<\/strong><\/u><br><strong>Aamos Aho<\/strong><\/p>\n\n\n\n<hr class=\"wp-block-separator has-alpha-channel-opacity\"\/>\n\n\n\n<p><strong>MERIPARTIO-OSASTO&nbsp; (MEPAOS)<\/strong><br><a href=\"mailto:mepaos@vaasanmetsaveikot.fi\" target=\"_blank\" rel=\"noopener noreferrer\">mepaos@vaasanmetsaveikot.fi<\/a><\/p>\n\n\n\n<p><u><strong>Osastonjohtaja<\/strong><\/u><br> <strong>Antti Karppi<\/strong> 045-1547951<br> <strong>Olli Alanko<\/strong><\/p>\n\n\n\n<hr class=\"wp-block-separator has-alpha-channel-opacity\"\/>\n\n\n\n<p><strong>PARTIOPOIKAOSASTO (PPOS)<\/strong><br><a href=\"mailto:ppos@vaasanmetsaveikot.fi\" target=\"_blank\" rel=\"noopener noreferrer\">ppos@vaasanmetsaveikot.fi<\/a><\/p>\n\n\n\n<p><strong><u>Osastonjohtaja<\/u> : Antti Rajala & Viljam \"Nappo\" M\u00e4enp\u00e4\u00e4<\/strong><br><strong>OSJ apulaiset : &#8211;&nbsp;<\/strong><\/p>\n\n\n\n<p>Suomen lipunkantaja: <strong> &#8211; Leino Karppi &#8211;<\/strong><br>Lippukunnan lipunkantaja: <strong> &#8211; Niilo Tuohiniemi  &#8211;<\/strong><\/p>\n\n\n\n<p><strong> <u>VARTIOT:<\/u><\/strong><\/p>\n\n\n\n<figure class=\"wp-block-table\"><table><tbody><tr><td><\/td><\/tr><tr><td><strong><a href=\"https:\/\/www.vaasanmetsaveikot.fi\/index.php\/orava-vartio\/\">ORAVA<\/a><\/strong><\/td><\/tr><tr><td><strong><a href=\"https:\/\/www.vaasanmetsaveikot.fi\/index.php\/karhu-vartio\/\">KARHU<\/a><\/strong><\/td><\/tr><tr><td><strong><a href=\"https:\/\/www.vaasanmetsaveikot.fi\/index.php\/majava-vartio\/\">MAJAVA<\/a><\/strong><\/td><\/tr><tr><td><strong><a href=\"https:\/\/www.vaasanmetsaveikot.fi\/index.php\/ahma-vartio\/\">HIIDEN-HIRVI (H-H)<\/a><\/strong><\/td><\/tr><tr><td><strong><a href=\"https:\/\/www.vaasanmetsaveikot.fi\/index.php\/susi-vartio\/\">SUSI<\/a><\/strong><\/td><\/tr><tr><td><strong><a href=\"https:\/\/www.vaasanmetsaveikot.fi\/index.php\/kettu-vartio\/\">KETTU<\/a><\/strong><\/td><\/tr><tr><td><strong><a href=\"https:\/\/www.vaasanmetsaveikot.fi\/index.php\/karppa-vartio\/\">K\u00c4RPP\u00c4<\/a><\/strong><\/td><\/tr><tr><td><strong><a href=\"https:\/\/www.vaasanmetsaveikot.fi\/index.php\/ilves-vartio\/\">ILVES<\/a><\/strong><\/td><\/tr><tr><td><\/td><\/tr><\/tbody><\/table><\/figure>\n\n\n\n<hr class=\"wp-block-separator has-alpha-channel-opacity\"\/>\n\n\n\n<p><strong>VMV CATERING<\/strong><\/p>\n\n\n\n<p>Vuokrattavana kahvikalustoa, naulakoita, penkkej\u00e4 , valaistusta yms.<br>Tiedustelut: Miikka Rautavirta 0500-161669<\/p>\n\n\n\n<hr class=\"wp-block-separator has-alpha-channel-opacity\"\/>\n\n\n\n<p><strong>HUOLTO \u2013 OSASTO (HUOS)<\/strong><br>Vuokrattavana leirikalustoa, telttoja ja mets\u00e4suksia.<\/p>\n\n\n\n<figure class=\"wp-block-table\"><table><tbody><tr><td>Osastonjohtaja<\/td><td>Ossi Saari<\/td><td><\/td><\/tr><tr><td>Kalustohoitaja<\/td><td>Aadam Aho <\/td><td>050-5588252<\/td><\/tr><tr><td>Kolon Is\u00e4nt\u00e4<\/td><td><\/td><td><\/td><\/tr><tr><td>Mets\u00e4nvartija<\/td><td>Jaakko Kaivonen <\/td><td>044-2368692<\/td><\/tr><tr><td>Kosk\u00f6n majan is\u00e4nt\u00e4<\/td><td>Rolf Puska<\/td><td>0500-162211<\/td><\/tr><tr><td>Majatoimikunta,  tuki ry<\/td><td>Jaakko&nbsp;Perttu<\/td><td>050-4107948<\/td><\/tr><tr><td>Majatoimikunta<\/td><td>ei nimetty <\/td><td><\/td><\/tr><tr><td>Veikkosaunan majuri<\/td><td>Jaakko&nbsp;Perttu<\/td><td>050-4107948<\/td><\/tr><\/tbody><\/table><\/figure>\n\n\n\n<hr class=\"wp-block-separator has-alpha-channel-opacity\"\/>\n\n\n\n<p><strong>TALOUSASIAT <\/strong><\/p>\n\n\n\n<p>T<strong>aloudenhoitaja:&nbsp;&nbsp;<\/strong>&nbsp;Miikka Rautavirta 0500161669 &nbsp;sp: <a href=\"mailto:talous@vaasanmetsaveikot.fi\" target=\"_blank\" rel=\"noopener noreferrer\">talous@vaasanmetsaveikot.fi<\/a><\/p>\n\n\n\n<p><strong>LPK:n tiliyhteys:<\/strong>&nbsp; Koivulahden s\u00e4\u00e4st\u00f6pankki&nbsp; &nbsp;FI64 4958 0010 1029 07.<\/p>\n\n\n\n<p><strong>Laskutusohjeet :<\/strong><br>Vastaanotamme ostolaskuja 12.12.2025 alkaen seuraavasti:<br><strong>Verkkolasku<\/strong>:    verkkolaskuosoite 003702335947  , verkkolaskuoperaattori ITELFIHH.<br><strong>S\u00e4hk\u00f6postilasku<\/strong>:     talous@vaasanmetsaveikot.fi<br><br><strong>Paperilasku<\/strong>: Vaasan Mets\u00e4veikot ry  , Kauppapuistikko 16 E, 65100 Vaasa<\/p>\n\n\n\n<p>Y tunnus: 0233594-7<br>Talousasioiden tiedustelut:   talous@vaasanmetsaveikot.fi<\/p>\n\n\n\n<p><strong>Yll\u00e4pito:<\/strong> Nettisivujen ja s\u00e4hk\u00f6postien yll\u00e4pito Timo Niemi, <a href=\"mailto:webmaster@vaasanmetsaveikot.fi\">webmaster@vaasanmetsaveikot.fi<\/a><\/p>\n\n\n\n<div id=\"SAContent2\" class=\"Teksti\">\n<p>Jos haluat antaa palautetta sivuistamme, tai sinulla on uusia ideoita sivuston suhteen voit l\u00e4hett\u00e4\u00e4 s\u00e4hk\u00f6postia yll\u00e4 olevaan yll\u00e4pit\u00e4j\u00e4n osoitteeseen. Kaikki palaute on tervetullutta!<\/p>\n<hr>\n<\/div>\n\n\n\n<p><strong>METS\u00c4VEIKKOSANOMAT<\/strong><\/p>\n\n\n\n<p>P\u00e4\u00e4toimittaja Tero &#8221;TeHa&#8221; Hannuksela 050-5288843<br>\nSanomat osoitteeseen vmvsanomat@vaasanmetsaveikot.fi<br>\nTaittajana Henri Tammi<\/p>\n\n\n\n<hr class=\"wp-block-separator has-alpha-channel-opacity\"\/>\n\n\n\n<p><strong>METS\u00c4VEIKKOJEN TUKI ry<\/strong><\/p>\n\n\n\n<p>Puheenjohtaja Jaakko Perttu<\/p>\n\n\n\n<p>J\u00e4senasiat: Jussi Bj\u00f6rninen, <a href=\"mailto:jussi.bjorninen@gmail.com\">jussi.bjorninen@gmail.com<\/a><\/p>\n\n\n\n<p>Kosk\u00f6n asiat: Jaakko Perttu &nbsp;puh 050-4107948<\/p>\n\n\n\n<p>Sihteeri &amp; Kolon asiat: &nbsp;Miikka Rautavirta 0500-161669<\/p>\n\n\n\n<p><strong>PARTIOMIESKILLAT<\/strong> ( Vaasan Mets\u00e4veikkojen tuki ry)<\/p>\n\n\n\n<p>Partiomieskilta koostuu varttuneemmista mets\u00e4veikoista ja j\u00e4rjest\u00e4\u00e4 kiltatoimintaa joitain kertoja vuodessa.<\/p>\n\n\n\n<hr class=\"wp-block-separator has-alpha-channel-opacity\"\/>\n\n\n\n<p><strong>Pohjanmaan Partiolaisten Piiritoimisto<br>\n<\/strong>Rauhankatu 8&nbsp;&nbsp; puh 044 &#8211; 716 9302<br>\nmyynniss\u00e4 partiomerkkej\u00e4, partiokirjoja yms.<br>\naukioloajat ja tarkemmat tiedot <a href=\"http:\/\/www.pohjanmaa.partio.fi\/\" target=\"_blank\" rel=\"noopener noreferrer\">PP:n sivuilla<\/a><\/p>\n","protected":false},"excerpt":{"rendered":"<p>LIPPUKUNNAN S\u00c4HK\u00d6POSTIOSOITE vmv@vaasanmetsaveikot.fi LIPPUKUNNAN TOIMISTO&nbsp; Avoinna sopimuksen mukaan Vaasan Mets\u00e4veikot ry Kauppapuistikko 16 C&nbsp; (Sis\u00e4\u00e4nk\u00e4ynti Wasaborginkujalta) 65100 VAASA puh.&nbsp;050-3076892 Y-tunnus: 0233594-7 LIPPUKUNNAN JOHTAJAT &#8211;&nbsp;P\u00e4ivitetty 18.11.2025 <a class=\"read-more\" href=\"https:\/\/www.vaasanmetsaveikot.fi\/index.php\/yhteystiedot\/\"> (Continue Reading)<\/a><\/p>\n","protected":false},"author":21,"featured_media":0,"parent":0,"menu_order":0,"comment_status":"closed","ping_status":"closed","template":"","meta":{"footnotes":""},"class_list":["post-34","page","type-page","status-publish","hentry"],"_links":{"self":[{"href":"https:\/\/www.vaasanmetsaveikot.fi\/index.php\/wp-json\/wp\/v2\/pages\/34","targetHints":{"allow":["GET"]}}],"collection":[{"href":"https:\/\/www.vaasanmetsaveikot.fi\/index.php\/wp-json\/wp\/v2\/pages"}],"about":[{"href":"https:\/\/www.vaasanmetsaveikot.fi\/index.php\/wp-json\/wp\/v2\/types\/page"}],"author":[{"embeddable":true,"href":"https:\/\/www.vaasanmetsaveikot.fi\/index.php\/wp-json\/wp\/v2\/users\/21"}],"replies":[{"embeddable":true,"href":"https:\/\/www.vaasanmetsaveikot.fi\/index.php\/wp-json\/wp\/v2\/comments?post=34"}],"version-history":[{"count":166,"href":"https:\/\/www.vaasanmetsaveikot.fi\/index.php\/wp-json\/wp\/v2\/pages\/34\/revisions"}],"predecessor-version":[{"id":5874,"href":"https:\/\/www.vaasanmetsaveikot.fi\/index.php\/wp-json\/wp\/v2\/pages\/34\/revisions\/5874"}],"wp:attachment":[{"href":"https:\/\/www.vaasanmetsaveikot.fi\/index.php\/wp-json\/wp\/v2\/media?parent=34"}],"curies":[{"name":"wp","href":"https:\/\/api.w.org\/{rel}","templated":true}]}}