{"id":324,"date":"2015-11-02T13:47:01","date_gmt":"2015-11-02T11:47:01","guid":{"rendered":"http:\/\/www.vaasanmetsaveikot.fi\/?page_id=324"},"modified":"2015-11-02T14:12:08","modified_gmt":"2015-11-02T12:12:08","slug":"kisaveikot-2","status":"publish","type":"page","link":"https:\/\/www.vaasanmetsaveikot.fi\/index.php\/kisaveikot-2\/","title":{"rendered":"Kisaveikot"},"content":{"rendered":"<p><a href=\"https:\/\/www.vaasanmetsaveikot.fi\/site\/wp-content\/uploads\/2015\/11\/kisaveikot1.jpg\"><img loading=\"lazy\" decoding=\"async\" class=\"size-full wp-image-327 alignright\" src=\"https:\/\/www.vaasanmetsaveikot.fi\/site\/wp-content\/uploads\/2015\/11\/kisaveikot1.jpg\" alt=\"kisaveikot1\" width=\"266\" height=\"355\" srcset=\"https:\/\/www.vaasanmetsaveikot.fi\/site\/wp-content\/uploads\/2015\/11\/kisaveikot1.jpg 266w, https:\/\/www.vaasanmetsaveikot.fi\/site\/wp-content\/uploads\/2015\/11\/kisaveikot1-225x300.jpg 225w\" sizes=\"auto, (max-width: 266px) 100vw, 266px\" \/><\/a>Kisaveikot on kolmesta Mets\u00e4veikkojen j\u00e4senest\u00e4 koostuva kilpailuvartio, joka on kiert\u00e4nyt partiotaitokilpailuja syksyn 2001 EPP:n piirimestaruuskisoista l\u00e4htien. Kaikki Kisaveikkojen j\u00e4senet ovat toki t\u00e4t\u00e4kin ennen kisailleet erilaisilla kokoonpanoilla, mutta Kisaveikot nimi sai siis alkunsa Alaj\u00e4rven\u00a0\u00a0 Huipulla tuulee kisoista. Kisaveikkojen j\u00e4senist\u00f6\u00f6n kuuluvat mets\u00e4veikot Jussi Bj\u00f6rninen, Juuso Lahdenmaa ja Ville Pentti. Er\u00e4vaelluksen-SM kisoissa Kisaveikkojen joukkueessa kilpaili my\u00f6s Ilkka Lassila.\u00a0Yl\u00e4laidan kuva on EPP:n talvimestaruuskilpailuista P\u00e4ssitys 2004. Kuvassa vasemmalta oikealle Jussi, Juuso ja Ville. Viereisess\u00e4 kuvassa Juuso kev\u00e4\u00e4n 2004 Leon Lenkin aloitusteht\u00e4v\u00e4\u00e4 tekem\u00e4ss\u00e4.<\/p>\n<p>Vaikka tavoite kisoissa on aina palkintopallilla, niin Kisaveikot on tehnyt sanattoman periaate p\u00e4\u00e4t\u00f6ksen ett\u00e4 sinne ei menn\u00e4 trikoot jalassa. Nyky\u00e4\u00e4n SM-kisoissa k\u00e4rkip\u00e4\u00e4n vartiot ovat puoliammatilais-suunnistaja-kirvesmies-biologeja. Kisaveikot kumminkin luottaa menestyksess\u00e4\u00e4n vahvoihin vartiovuosina kertyneisiin retkeilytaitoihin. Pienell\u00e4 preppauksella, teht\u00e4v\u00e4jaolla ja rennolla meiningill\u00e4 olemme p\u00e4\u00e4sseet aina kunnialliseen tulokseen. Kilpailut otetaan tosissaan, mutta ei kumminkaan veren maku suussa. Kisakokemus, mets\u00e4veikkomaiset er\u00e4taidot, hyv\u00e4 vartiohenki ja hyvin hiljalleen parantuvat suunnistustaidot nostavat Kisaveikotkin viel\u00e4 joskus SM-kisoissa palkintopallille.<\/p>\n<p>Ty\u00f6njako porukasssa on kehittynyt kisojen varrella. Jussi on tavannut hoitaa ilmoittautumiset, Juuso etsinyt ty\u00f6kalut ja Ville etsinyt netist\u00e4 tai muualta teht\u00e4v\u00e4luettelon perusteella ennakkotietoa. Itse kisoissa on aina pyrkimys jakaa hommat niin ett\u00e4 kaikki tekee jotain. Mutta p\u00e4\u00e4asiallisesti Ville on hoitanut ensiavut, Jussi ruokarastit ja Juuso rakentelut. Villen osaksi on usein kaatunut ennakkotietojen haaliminen, h\u00e4n on muun muassa joutunut opettelemaan virkkausta ja H\u00e4meenlinnan historiaa. Lis\u00e4ksi Villen korkeampi (verrattuna Jussin l\u00e4\u00e4k.korpr.) sotilasarvo l\u00e4\u00e4kint\u00e4kersanttina on useimmiten antanut h\u00e4nelle vetovastuun EA-rastilla. Jussi taas on parhaimmalla ruokahalullaan ominut kaikki ruokaan liittyv\u00e4t jutut itselleen, trangialla ja nuotiolla on valmistunut niin kev\u00e4tk\u00e4\u00e4ryleet kuin makaroonilaatikotkin. Juuson koulutus rakennusinsin\u00f6\u00f6rin\u00e4 ja monen vuoden n\u00e4yt\u00f6t n\u00e4pp\u00e4r\u00e4n\u00e4 v\u00e4s\u00e4ilij\u00e4n\u00e4 ovat oikeuttaneet h\u00e4net vastaamaan l\u00e4hes kaikesta rakenteluun liittyv\u00e4st\u00e4, Villelle ja Jussille on j\u00e4\u00e4nyt l\u00e4hinn\u00e4 valonn\u00e4ytt\u00e4j\u00e4n rooli niill\u00e4 rasteilla..<\/p>\n<p>Kev\u00e4\u00e4ll\u00e4 2003 Kisaveikot sai Tuki ry:n hallinoimasta Reijo Salmen juhlarahastosta tuntuvan avustuksen kisatoimintaansa. T\u00e4ll\u00e4 avustuksella hankittiin kisoissa tarpeellisia v\u00e4lineit\u00e4, kuten loue, trangian kaasupoltin, karttalaukku, otsalamput, ea-laukku ja useita ty\u00f6kaluja. T\u00e4m\u00e4 antoi kisavartiolle taas uutta potkua jatkaa toimintaansa ja puhtia potkia muitakin mukaan kisailemaan. SUURKIITOKSET TUKI RY:LLE! V\u00e4lineit\u00e4 on testattu useissa kisoissa tosi tilanteessa ja ne ovat osoittautuneen loistaviksi!<\/p>\n<p>Kisaveikkojen yhten\u00e4 tavoitteena on omalla esimerkill\u00e4\u00e4n kilpailutoiminnan yleinen kehitt\u00e4minen lippukunnassa. N\u00e4kym\u00e4ll\u00e4 kaikissa Mets\u00e4veikko-medioissa vahvasti, Kisaveikot pyrkii houkuttelemaan muitakin mets\u00e4veikkoja mukaan, niin vanhoja kisaajia kuin uusiakin. Viime vuosina etenkin piirin kisoissa onkin ollut mukavasti Mets\u00e4veikko -vartioita, mutta uusia vartioita mahtuu edelleen mukaan.<\/p>\n<p class=\"Alaotsikko\">Saavutuksiamme:<\/p>\n<p><strong> <a title=\"\" href=\"http:\/\/www.lpk.partio.fi\/epp\/het\/yht\/kisa.htm\" target=\"_self\">Huipulla Tuulee<\/a> <\/strong>, EPP:n syysmestaruuskisat Alaj\u00e4rvell\u00e4 8.-9.9.01<br \/>\n2. sija, mukana JBj, VPe, sek\u00e4 Markku Antila<br \/>\nJuuson sairastuttua meinasivat kisat jo j\u00e4\u00e4d\u00e4 v\u00e4liin, mutta onneksi Markku l\u00e4hti todella lyhyell\u00e4 varoitusajalla ja lainatuilla varusteilla vahvistamaan joukuettamme. Kisat olivat melko perinteiset EPP:n syyskisat, joita vaivasi j\u00e4lleen kerran osanottajapula.<br \/>\n<a title=\"\" href=\"http:\/\/www.lpk.partio.fi\/epp\/vmv\/vmvsanomat\/3_01\/syyskisat.htm\" target=\"_self\">MV-sanomien juttu kisoista<\/a>.<\/p>\n<p><strong> <a title=\"\" href=\"http:\/\/www.epp.partio.fi\/?id=43\" target=\"_self\">R\u00e4hm\u00e4ily<\/a> <\/strong>, EPP:n syysmestaruuskisat Ylih\u00e4rm\u00e4ss\u00e4 7.-8.9.02<br \/>\n3. sija, mukana JBj, JLa, VPe<br \/>\nRento kisa, jonka j\u00e4rjest\u00e4minen oli todella hieno suoritus pienelt\u00e4 lippukunnalta! Lis\u00e4\u00e4 juttua:<br \/>\n<a title=\"\" href=\"http:\/\/www.lpk.partio.fi\/epp\/vmv\/vmvsanomat\/3_02\/piirinkisat.htm\" target=\"_self\">MV-sanomien juttu kisoista<\/a>.<\/p>\n<p><strong> <a title=\"\" href=\"http:\/\/www.hp.partio.fi\/karonkka\" target=\"_self\">Karonkka<\/a> <\/strong>, syys-SM-kilpailut H\u00e4meenlinnassa 5.-6.10.02<br \/>\n33. sija, mukana JBj, JLa, VPe<br \/>\nEnsimm\u00e4iset SM-kisamme t\u00e4ll\u00e4 kokoonpanolla sujuivat kohtalaisesti, vaikkei tavoitteeseen sijoituksessa p\u00e4\u00e4styk\u00e4\u00e4n. Harmittamaan j\u00e4i paha suunnistusmoka, joka vei tavoiteajan pisteet ensimm\u00e4isen\u00e4 p\u00e4iv\u00e4n\u00e4. Positiivista oli EA-rastilta ainoana Harmaan sarjan joukkueena saadut t\u00e4ydet pisteet! Suorituksen arvoa nostaa se tosiasia, ett\u00e4 useammassakin muussa joukkueessa oli kisaajina alan ammattilaisia!<\/p>\n<p><a title=\"\" href=\"http:\/\/www.epp.partio.fi\/?id=51\" target=\"_self\"> <strong>Hetkinen&#8230;<\/strong> <\/a>, EPP:n syysmestaruuskisat Sein\u00e4joella 6.-7.9.03<br \/>\nh\u00e4pe\u00e4llinen 5. sija, JBj, JLa, VPe<br \/>\nPerinteiset piirin syyskisat kisattiin t\u00e4ll\u00e4 kertaa Sein\u00e4joen maastoissa. Harmaassa sarjassa oli mukana per\u00e4ti kuusi vartiota, mik\u00e4 nosti huomattavasti kisaintoa. Sijoitukseksemme j\u00e4i kuitenkin h\u00e4pe\u00e4llisesti 5. sija, mik\u00e4 on Kisaveikkojen historian pohjanoteeraus piirin tasolla.<br \/>\nPositiivista oli punaisen sarjan voitto Mets\u00e4veikkojen Fiasko -vartiolle ja Imu -vartion kolmas sija harmaassa sarjassa.<\/p>\n<p><strong> <a title=\"\" href=\"http:\/\/www.suomenlatu.fi\/erapolku\" target=\"_self\"> Er\u00e4polku<\/a> <\/strong>, Er\u00e4vaelluksen SM-kilpailut Nuuksiossa <a href=\"https:\/\/www.vaasanmetsaveikot.fi\/site\/wp-content\/uploads\/2015\/11\/kisaveikot2.jpg\"><img loading=\"lazy\" decoding=\"async\" class=\"size-full wp-image-326 alignright\" src=\"https:\/\/www.vaasanmetsaveikot.fi\/site\/wp-content\/uploads\/2015\/11\/kisaveikot2.jpg\" alt=\"kisaveikot2\" width=\"266\" height=\"400\" srcset=\"https:\/\/www.vaasanmetsaveikot.fi\/site\/wp-content\/uploads\/2015\/11\/kisaveikot2.jpg 266w, https:\/\/www.vaasanmetsaveikot.fi\/site\/wp-content\/uploads\/2015\/11\/kisaveikot2-200x300.jpg 200w\" sizes=\"auto, (max-width: 266px) 100vw, 266px\" \/><\/a>25.-28.9.03<br \/>\n90. sija, mukana VPe, ILa<br \/>\nEr\u00e4vaelluksen SM-kisat olivat t\u00e4ysin uusi kokemus molemmille partion j\u00e4senille ja monta asiaa valmistautumisessa tulisikin nyt tehty\u00e4 toisin. Kilpailu on todella erilainen, kuin PT-skabat. Matka on reilusti pidempi ja tiukaksi tehty kilpailuaikataulu pakottaa pit\u00e4m\u00e4\u00e4n koko ajan vauhdin p\u00e4\u00e4ll\u00e4. T\u00e4m\u00e4n vuoksi mm. rinkan painon merkitys nousee valtavaksi (rinkat punnittiin maalissa, meid\u00e4n painoivat 16,5 ja 18,5 kiloa, k\u00e4rjen rinkat painoivat n. 6 kiloa&#8230;). Teht\u00e4v\u00e4tkin ovat hieman erilaisia, kuin mihin PT-skaboissa on tottunut. Mm. Perhosten toukkien ruokavaliot eiv\u00e4t oikein olleet hallussa.. Lopputuloksissa olimme 90. (maaliin tulleita partioita 112). Sijoitus j\u00e4i siis melko vaatimattomaksi, mutta t\u00e4ll\u00e4 kertaa matkaan l\u00e4hdettiinkin vain kokemusta hakemaan ja selvi\u00e4m\u00e4\u00e4n l\u00e4pi reitist\u00e4. Ehk\u00e4 sitten ensi vuonna tulostavoitteitakin.. Jokatapauksessa reissu oli hieno ja suosittelemme kilpailuun osallistumista muillekin mets\u00e4veikoille! Lis\u00e4\u00e4 juttua kisastamme on tulossa seuraavaan MV-sanomien numeroon. (Kuvassa Ilkka sammuttaa teht\u00e4v\u00e4rastilla palavaa rasvakattilaa sammutuspeitteell\u00e4. Ville seuraa suoritusta taustalla.)<\/p>\n<p><strong> <a title=\"\" href=\"http:\/\/www.papa.partio.fi\/smuglaus\" target=\"_self\">Smuglaus<\/a> <\/strong>, syys-SM-kilpailut Kirkkonummella 4.-5.10.03<br \/>\n33. sija, mukana JBj, JLa, VPe<br \/>\nSmuglaukseen l\u00e4hdettiin parantamaan viimevuotista suoritusta, mutta sijoitus j\u00e4i juurikin samaksi kuin viime vuonna. Kisat olivat hyvin j\u00e4rjestetyt ja teht\u00e4v\u00e4t enimm\u00e4kseen mukavan partiomaisia. SM-kisoiksi reitti oli jopa melko lyhyt ja helppo. Erityisesti kisoissa oli positiivista y\u00f6rasti hyvine teht\u00e4vineen. Y\u00f6rastilla olikin jaossa per\u00e4ti 34 pistett\u00e4! Meid\u00e4n heikoksi kohdaksi paljastui j\u00e4lleen kerran suunnistus, sek\u00e4 muutaman ennakkoon vihjatun teht\u00e4v\u00e4aiheen opettelematta j\u00e4tt\u00e4minen. Hyvin sujuivat j\u00e4lleen k\u00e4tevyysrastit sek\u00e4 ruokarasti.<br \/>\nMets\u00e4veikoista oli per\u00e4ti kolme vartiota mukana! Kisaveikot, Imu ja Fiasko. Loistavaa!!!<br \/>\nImu: 41. sija (harmaa sarja)<br \/>\nFiasko: 14. sija (punainen sarja)<\/p>\n<p><strong> <a title=\"\" href=\"http:\/\/www.epp.partio.fi\/?id=54\" target=\"_self\">P\u00e4ssitys<\/a> <\/strong>, EPP:n talvimestaruuskilpailut Ilmajoella 6.-7.3.2004<br \/>\n4. sija, mukana JBj, JLa, VPe<br \/>\nVartiomme ensimm\u00e4iset talvikisat sujuivat kunnialla l\u00e4pi. Tosin sijoitus j\u00e4i vaatimattomaksi. Kisat olivat kokonaisuudessaan hyvin j\u00e4rjestetyt ja teht\u00e4viss\u00e4 oli mukavia uusia ideoita. Ja kun kelikin oli koko viikonlopun t\u00e4ydellinen, niin kisaamisesta todella nautti. J\u00e4lleen kerran olisi vaan toivonut EPP:n alueelta l\u00f6ytyv\u00e4n edes muutama kilpailuista innostuva vartio lis\u00e4\u00e4. Ennakkotiedoista poiketen talvi-SM-kisat j\u00e4\u00e4v\u00e4t t\u00e4ll\u00e4 kertaa v\u00e4liin ty\u00f6- ja opiskelukiireiden vuoksi.<\/p>\n<p><a href=\"https:\/\/www.vaasanmetsaveikot.fi\/site\/wp-content\/uploads\/2015\/11\/kisaveikot3.jpg\"><img loading=\"lazy\" decoding=\"async\" class=\"size-full wp-image-325 alignright\" src=\"https:\/\/www.vaasanmetsaveikot.fi\/site\/wp-content\/uploads\/2015\/11\/kisaveikot3.jpg\" alt=\"kisaveikot3\" width=\"266\" height=\"355\" srcset=\"https:\/\/www.vaasanmetsaveikot.fi\/site\/wp-content\/uploads\/2015\/11\/kisaveikot3.jpg 266w, https:\/\/www.vaasanmetsaveikot.fi\/site\/wp-content\/uploads\/2015\/11\/kisaveikot3-225x300.jpg 225w\" sizes=\"auto, (max-width: 266px) 100vw, 266px\" \/><\/a>\u00a0<a title=\"\" href=\"http:\/\/www.hp.partio.fi\/kilpailut\/llhk\/2004\/\" target=\"_self\"><strong>LI Leon Lenkki<\/strong> <\/a>, kansallisen tason\u00a0pt-kilpailu Kangasalla 15.-16.5.2004<br \/>\n26. sija, mukana JBj, JLa, VPe<br \/>\nLenksa tarjosi uusia kokemuksia mm. etenemismuodon kautta. Soutuveneell\u00e4 liikkuminen pt-kisoissa oli kaikille meille uutta, mutta totesimme vesill\u00e4 liikkumisen olevan mukava ja melko kevyt etenemismuoto. Ainakin kun s\u00e4iden haltia suosivat ja tuuli pysyi rauhallisena, eik\u00e4 vett\u00e4k\u00e4\u00e4n juuri satanut. Muutenkin kisat olivat hyvin j\u00e4rjestetyt ja tarjosivat haasteellisia ja mukavia teht\u00e4vi\u00e4. Sijotuksemme tosin j\u00e4i melko vaatimattomaksi, mutta oli pisteiss\u00e4 muutama mukava yll\u00e4tyskin. Erityisesti suunnistuksessa on tapahtunut viimeinkin edes jonkinlaista kehityst\u00e4, sill\u00e4 emme j\u00e4\u00e4neet nollille! My\u00f6s kirin pisteet ilahduttivat. Taisi olla ensimm\u00e4inen kerta, kun saimme kiri teht\u00e4v\u00e4st\u00e4 t\u00e4ydet pisteet. Mukana kisassa oli my\u00f6s Toimenpojat kokoonpanolla EAh, KHi ja TeHa. Toimenpojat sijoittuivat komeasti 13:sta. (Kuva y\u00f6rastilta. Takana vasemmalla Juuso ja oikealla Ville. Aivan vasemmassa reunassa n\u00e4kyy Jussi Trangian \u00e4\u00e4ress\u00e4. Kuvan ottaja: Iina Laitinen, RoTy, H\u00e4me)<\/p>\n<p><strong> Paluu juurille <\/strong>, EPP:n syysmestaruuskilpailut Vaasassa 11.-12.9.2004<br \/>\nmukana JBj, JLa, VPe, ILa&#8230;<br \/>\nN\u00e4iden kisojen tulosluettelosta ei Kisaveikkoja l\u00f6ydy, sill\u00e4 t\u00e4ll\u00e4 kertaa oli Mets\u00e4veikkojen vuoro j\u00e4rjest\u00e4\u00e4 kisat. Sen sijaan kaikki Kisaveikkojen j\u00e4senet toimivat j\u00e4rjestelyorganisaatiossa vastuuteht\u00e4viss\u00e4. Vuoden projekti huipentui kisaviikonloppuun, jota s\u00e4idenhaltijakin suosi tarjoamalla lauantaille parhaan mahdollisen kisakelin. Kisojen j\u00e4rjest\u00e4minen oli hieno ja Todella opettava kokemus. Nyt saamme taas ainakin hetkeksi keskitty\u00e4 itse kisaamiseen.<br \/>\nEnnakkotiedoista poiketen SM-kisat j\u00e4\u00e4v\u00e4t t\u00e4n\u00e4 syksyn\u00e4 v\u00e4liin.<\/p>\n<p><strong> <a title=\"\" href=\"http:\/\/www.epp.partio.fi\/hamina\" target=\"_self\">Hamina<\/a> <\/strong>, EPP:n talvimestaruuskilpailut Pietarsaaressa 5.-6.2.2005<br \/>\n3. sija, mukana JBj, VPe, I. Larimo<br \/>\nS\u00e4\u00e4nhaltiat eiv\u00e4t oikeen suosineet talvikisaamista, mutta huolimatta lauantain vesisateesta p\u00e4\u00e4stiin kisoissa juuri ja juuri etenem\u00e4\u00e4n hiiht\u00e4m\u00e4ll\u00e4. Tosin sukset eiv\u00e4t v\u00e4ltt\u00e4m\u00e4tt\u00e4 ihan joka hetkell\u00e4 varsinaisesti\u00a0helpottaneet liikkumista.\u00a0Itse kisat olivat hyvin j\u00e4rjestetyt ja teht\u00e4vist\u00e4 l\u00f6ytyi muutamia erinomaisia ja tuoreita ideoita. Sijoituksessa p\u00e4\u00e4simme minimitavoitteeseemme. Teht\u00e4vist\u00e4 erityisesti suunnistus sujui tasoomme n\u00e4hden kohtalaisesti. Pahoja mokia sattui erityisesti ruokateht\u00e4viss\u00e4, joissa ajoitus ongelmat, sek\u00e4 kotiin j\u00e4\u00e4nyt pakki veiv\u00e4t pisteet k\u00e4yt\u00e4nn\u00f6ss\u00e4 nolliin. Juuso ei ty\u00f6esteiden takia p\u00e4\u00e4ssyt n\u00e4ihin kisoihin, joten Ilkka Larimo teki debyyttinsa Kisaveikoissa.<\/p>\n<p><a title=\"\" href=\"http:\/\/www.tume.fi\/kontio\/\" target=\"_self\"> <strong>Kontio<\/strong> <\/a>, syys-SM-kilpailut Turussa 1.-2.10.2005<br \/>\n31.\u00a0sija, JBj, VPe, EAh<br \/>\nPiirin syyskisojen j\u00e4\u00e4ty\u00e4 joukkueen kaataneen flunssa-aallon takia v\u00e4liin suuntasimme innolla Turkuun testaamaan j\u00e4lleen kerran valtakunnallista tasoa. Juuso ei t\u00e4ll\u00e4 kertaa kisoihin p\u00e4\u00e4ssyt, joten kolmantena vartiossamme\u00a0kisasi Eero Ahonen.\u00a0Erinomaisesti sujunut l\u00e4ht\u00f6teht\u00e4v\u00e4 toi mukavasti intoa heti kisan alkuun ja lauantai p\u00e4iv\u00e4n rastit sujuivatkin ilman suurempia mokia, muutama k\u00e4tevyys eritt\u00e4inkin hyvin. Lauantain reitti oli yll\u00e4tt\u00e4v\u00e4n lyhyt ja saavuimme y\u00f6rastille reilusti ennen pime\u00e4n tuloa. Tai siis Jussi ja Eero saapuivat, Villen suorittaessa excursiota Turun terveyskeskukseen. Kohtuu ajassa saimme kuitenkin koko vartion taas kasaan ja y\u00f6rastiteht\u00e4v\u00e4tki sujuivat mukavasti. Sunnuntain reitti jatkui hiukan erikoisesti vesibussikyydill\u00e4 naapurikunta Naantalin puolelle. Idea oli sin\u00e4ns\u00e4 ihan hyv\u00e4, mutta toteutus meni hiukan vesibussin odotteluksi.. Sunnuntai sis\u00e4lsi viel\u00e4 niin meille vahvoja k\u00e4tevyys teht\u00e4vi\u00e4, kuin v\u00e4hemm\u00e4n vahvan suunnistuksenkin. Ja ylityskin tuli Eeron suoritettua kaikki vaatteet p\u00e4\u00e4ll\u00e4 uimalla. Kokonaisuudessaan kisoista j\u00e4i mukava fiilis, vaikka sijoituksessa tavoitteista hiukan j\u00e4\u00e4tiinkin. J\u00e4lleen kerran erityisesti suunnistus teht\u00e4v\u00e4t tiputtivat sijoitustamme reilusti.<\/p>\n<p><a title=\"\" href=\"http:\/\/www.epp.partio.fi\/kilpailut\/2006\/talvikisa\/\" target=\"_self\"> <strong>Oi Niit\u00e4 Aikoja<\/strong> <\/a>, EPP:n talvimestaruuskilpailut\u00a0Kannuksessa 18.2.2006<br \/>\n4. sija, mukana JBj, JLa, VPe<br \/>\nPiirin talvimestaruudet ratkaistiin t\u00e4ll\u00e4 kertaa Keski-Pohjanmaan Partiolaisten talvikisojen yhteydess\u00e4. Tosin harmaassa sarjassa ei K-PP:n vartioita ollut. Kisa oli my\u00f6s aiemmista vuosista poiketen p\u00e4iv\u00e4kisa kaikille sarjoille. Koska reittikin oli lyhyt oli kisa todella kevyt p\u00e4iv\u00e4retkimainen pyr\u00e4hdys. Sijoituksissa p\u00e4\u00e4simme minimitavoitteeseen v\u00e4ltt\u00e4m\u00e4ll\u00e4 jumbosijan. K\u00e4rkikolmikon vauhdista tipuimme suunnistuksessa, johon totesimme hetken pohdinnan j\u00e4lkeen turhaksi edes l\u00e4hte\u00e4. Mets\u00e4suksilla kun\u00a0ei ladulla p\u00e4rj\u00e4\u00e4 vauhdissa luistelusuksille.<\/p>\n<p><a href=\"http:\/\/www.epp.partio.fi\/tapahtumat\/341\/\" target=\"_blank\"> <strong>Kierros kaikille<\/strong> <\/a>, EPP:n syysmestaruuskilpailut \u00c4ht\u00e4riss\u00e4 23.-24.9.2006<br \/>\n4. sija, mukana JBj, JLa, VPe<br \/>\nPerinteiset piirin syyskisat kuuluivat t\u00e4n\u00e4kin syksyn\u00e4 kilpailukalenteriimme. Tunnettuina kisaajina \u00e4ht\u00e4ril\u00e4iset\u00a0saivat\u00a0j\u00e4rjestetty\u00e4 meille kelvot kisat. Johdimme kilpailua aina, meid\u00e4n kannalta harmilliseen, yll\u00e4riteht\u00e4v\u00e4\u00e4n eli l\u00e4hes y\u00f6rastille asti, mutta kisakunto ei viel\u00e4 riitt\u00e4nyt puristamaan voittoon asti vaan kohtalona oli valua toisen p\u00e4iv\u00e4n aikana aina nelj\u00e4nnelle sijalle asti. Sijoitus j\u00e4i hieman harmittamaan, mutta positiivista oli hyvin menneet suunnitukset ja parhaat pisteet k\u00e4yt\u00f6ksest\u00e4! Kokemus on kuitenkin selke\u00e4sti tuonut varmuutta tekemiseen ja pienell\u00e4 petrauksella\u00a0sek\u00e4 s\u00e4k\u00e4ll\u00e4 se voittokin viel\u00e4 irtoaa.<br \/>\nOnnittelut harmaan sarjan voittaneelle Saumalle ja hopeaa punaisessa sarjassa napanneelle Team Fendarille.<\/p>\n<p><a title=\"\" href=\"http:\/\/www.sata.partio.fi\/karhunkierros2006\/\" target=\"_self\"> <strong>Karhunkierros VIII<\/strong> <\/a>, syys-SM-kilpailut S\u00e4kyl\u00e4ss\u00e4 21.-22.10.2006<br \/>\n31. sija, mukana JBj, JLa, VPe<br \/>\nKisat sujuivat rutiinilla huolimatta l\u00e4hes historiallisen surkeasta kelist\u00e4 (koko kisan ajan satoi vett\u00e4 ja l\u00e4mp\u00f6tila oli 0 &#8211; +2 C), mutta\u00a0jostain syyst\u00e4 meilt\u00e4 puuttui todellinen yritt\u00e4minen. Kisat olivat toimivat, ihmetyst\u00e4 her\u00e4tti kaikista k\u00e4tevyyksist\u00e4 puuttunut maksimiaika, joka aiheutti muutamien vartioiden my\u00f6h\u00e4isen saapumisen y\u00f6rastille. Kisa k\u00e4ytiin Porin Prikaatin harjoitusalueella Villelle eritt\u00e4in tutuissa maastoissa. Liika itsevarmuus &#8221;tutussa&#8221; (muutamassa vuodessa unohtaa yll\u00e4tt\u00e4v\u00e4n paljon) maastossa\u00a0suunnistamisessa (yhdistettyn\u00e4 miljoonaan kartassa n\u00e4kym\u00e4tt\u00f6m\u00e4\u00e4n ajouraan) johti suunnistamisessa muutamiin haparointeihin, joka huipentui harhailuun viimeist\u00e4 rastia etsiess\u00e4, mutta kaikki l\u00f6ytyy ajallaan..<\/p>\n<p><a title=\"\" href=\"http:\/\/www.lpk.partio.fi\/epp\/kkk\/viimeinen\/etusivu\/\" target=\"_self\"> <strong>Lajinsa viimeinen<\/strong> <\/a>, EPP:n syysmestaruuskilpailut Kurikassa 15.-16.9.2007<br \/>\n4.\u00a0sija, mukana JBj, VPe, I. Larimo<br \/>\nPiirin syyskisat kisattiin t\u00e4ll\u00e4 kertaa Kurikassa mukavissa maastoissa ja\u00a0hyvin vaihtelevassa s\u00e4\u00e4ss\u00e4. Juuso oli estynyt saapumasta kisoihin, joten vahvistuksena Kisaveikoissa esiintyi jo toista kertaa Ilkka Larimo. Kisat olivat hyvin j\u00e4rjestetyt ja teht\u00e4v\u00e4t mukavia. Vartioita oli koko kisoissa paljon ja harmaan sarjan tasokin oli poikkeuksellisen laaja ja kova, joten olimme tyytyv\u00e4isi\u00e4 nelj\u00e4nteen sijaan. Erityisesti tietysti l\u00e4mmitti Sauman j\u00e4tt\u00e4minen taaksemme kirkkaalla 2,7 pisteen erolla..<br \/>\nSM -kisat j\u00e4\u00e4v\u00e4t\u00a0t\u00e4n\u00e4 syksyn\u00e4\u00a0ensimm\u00e4ist\u00e4 kertaa pitk\u00e4\u00e4n aikaan v\u00e4liin opiskelu- ja ty\u00f6kiireiden vuoksi.<\/p>\n<p><a title=\"\" href=\"http:\/\/tampereenkotkat.fi\/kotkat\/llhk\/2008\/\" target=\"_self\"> <strong>LV Leon Lenkki<\/strong> <\/a>, Kansallisen tason pt -kilpailu Kangasalla 17.-18.5.2008<br \/>\n20. sija, mukana JBj, JLa, VPe<br \/>\nPitk\u00e4st\u00e4 aikaa onnistuimme kaikki raivaamaan toukokuussa viikonlopun kisoille ja p\u00e4\u00e4simme Lenksaan original -kokoonpanolla. P\u00e4\u00e4timme heti alusta l\u00e4hte\u00e4 kisaan rennolla asenteella ja sill\u00e4 linjalla pysyimme. Tosin sunnuntaina homma muttui ehk\u00e4 jo hiukan liiankin rennoksi. Mutta kisat tuli menty\u00e4 l\u00e4pi, eik\u00e4 viimeiseksik\u00e4\u00e4n j\u00e4\u00e4ty. Teht\u00e4vien puolesta kisat tarjosivat mukavia uusia ideoita. Meid\u00e4n suoritusten huipennus oli j\u00e4lleen kerran, kiitos Jussin, ruoka. Niin hyv\u00e4\u00e4 Mustaamakkaraa ja Sacher -kakkua ei saa edes Tammelan torilta, eik\u00e4 Tampereen kaupunginteatterin v\u00e4liaikaravintolasta. Harmaaseen sarjaan osallistuivat my\u00f6s Toimenpojat, sek\u00e4 Team Fendari, joista molemmat sijoittuivat loistavasti 10. joukkoon.<\/p>\n<p>Torppa 2008 -koekisat, 2008-syys-SM-kilpailujen koekilpailut Pietarsaaressa 24.-25.5.2008<br \/>\nmukana JBj, VPe, ILa<br \/>\nTestasimme SM-kisojen reitin, teht\u00e4v\u00e4t ja l\u00e4pimenon muutenkin koekisoissa. Hiottavaa oli, eli testauksesta oli hy\u00f6ty\u00e4, mutta kokonaisuudessaan j\u00e4rjestelyt vaikuttivat lupaavilta.<\/p>\n<p><a href=\"http:\/\/www.epp.partio.fi\/torppa\/\" target=\"_self\"> <strong>Torppa 2008<\/strong> <\/a>, syys-SM-kilpailut Pietarsaaressa 4.-5.10.2008<br \/>\nmukana JBj, VPe, JLa, ILa<br \/>\nJ\u00e4rjest\u00e4v\u00e4n piirin (tai alueen) edustajina emme p\u00e4\u00e4sseet kisaamaan, mutta erilaisissa j\u00e4rjestelyteht\u00e4viss\u00e4 olimme mukana.<\/p>\n<p><strong>Tulevia skaboja:<\/strong><\/p>\n<p><a href=\"http:\/\/www.pohjanmaa.partio.fi\/kisalli\/\" target=\"_self\"> <strong>Kis\u00e4lli 09<\/strong> <\/a>, PP:n syysmestaruuskilpailut Jurvassa 12.-13.9.2009<br \/>\nmukana JBj, VPe, ILa<br \/>\nPerinteiset piirin syyskilpailut ovat taas vuoden tauon j\u00e4lkeen ohjelmassa. Viime vuonna kun SM-kisojen j\u00e4rjestelyvastuu sotki omaa osallistumista. Piiri tosin on v\u00e4lil\u00e4 vaihtunut, eli ensimm\u00e4ist\u00e4 kertaa osallistumme Pohjanmaan Partiolaisten kilpailuihin.<br \/>\nTavoitteena ei\u00a0luonnollisesti voi olla mik\u00e4\u00e4n muu, kuin piirin mestaruus. Varsinkin kun harmaassa sarjassa vartioita on valitettavasti ainoastaan kolme kappaletta. SM-kisoihin l\u00e4ht\u00f6 on sen sijaan viel\u00e4 auki erin\u00e4isten ty\u00f6 yms. esteiden vuoksi.<\/p>\n","protected":false},"excerpt":{"rendered":"<p>Kisaveikot on kolmesta Mets\u00e4veikkojen j\u00e4senest\u00e4 koostuva kilpailuvartio, joka on kiert\u00e4nyt partiotaitokilpailuja syksyn 2001 EPP:n piirimestaruuskisoista l\u00e4htien. Kaikki Kisaveikkojen j\u00e4senet ovat toki t\u00e4t\u00e4kin ennen kisailleet erilaisilla <a class=\"read-more\" href=\"https:\/\/www.vaasanmetsaveikot.fi\/index.php\/kisaveikot-2\/\"> (Continue Reading)<\/a><\/p>\n","protected":false},"author":1,"featured_media":0,"parent":0,"menu_order":0,"comment_status":"closed","ping_status":"closed","template":"","meta":{"footnotes":""},"class_list":["post-324","page","type-page","status-publish","hentry"],"_links":{"self":[{"href":"https:\/\/www.vaasanmetsaveikot.fi\/index.php\/wp-json\/wp\/v2\/pages\/324","targetHints":{"allow":["GET"]}}],"collection":[{"href":"https:\/\/www.vaasanmetsaveikot.fi\/index.php\/wp-json\/wp\/v2\/pages"}],"about":[{"href":"https:\/\/www.vaasanmetsaveikot.fi\/index.php\/wp-json\/wp\/v2\/types\/page"}],"author":[{"embeddable":true,"href":"https:\/\/www.vaasanmetsaveikot.fi\/index.php\/wp-json\/wp\/v2\/users\/1"}],"replies":[{"embeddable":true,"href":"https:\/\/www.vaasanmetsaveikot.fi\/index.php\/wp-json\/wp\/v2\/comments?post=324"}],"version-history":[{"count":7,"href":"https:\/\/www.vaasanmetsaveikot.fi\/index.php\/wp-json\/wp\/v2\/pages\/324\/revisions"}],"predecessor-version":[{"id":340,"href":"https:\/\/www.vaasanmetsaveikot.fi\/index.php\/wp-json\/wp\/v2\/pages\/324\/revisions\/340"}],"wp:attachment":[{"href":"https:\/\/www.vaasanmetsaveikot.fi\/index.php\/wp-json\/wp\/v2\/media?parent=324"}],"curies":[{"name":"wp","href":"https:\/\/api.w.org\/{rel}","templated":true}]}}