{"id":30,"date":"2015-10-25T23:23:18","date_gmt":"2015-10-25T20:23:18","guid":{"rendered":"http:\/\/localhost\/wordpress\/?page_id=30"},"modified":"2025-01-03T14:58:08","modified_gmt":"2025-01-03T12:58:08","slug":"tapahtumat","status":"publish","type":"page","link":"https:\/\/www.vaasanmetsaveikot.fi\/index.php\/tapahtumat\/","title":{"rendered":"Tapahtumat"},"content":{"rendered":"\n<h1 class=\"wp-block-heading\"><\/h1>\n\n\n\n<iframe loading=\"lazy\" src=\"https:\/\/calendar.google.com\/calendar\/embed?src=vaasanmetsaveikot%40gmail.com&amp;ctz=Europe%2FHelsinki\" style=\"border: 0\" width=\"700\" height=\"600\" frameborder=\"0\" scrolling=\"no\"><\/iframe>\n\n\n\n\n\n<h1 class=\"wp-block-heading\"><strong>Tulevat tapahtumat:<\/strong><\/h1>\n\n\n\n<hr class=\"wp-block-separator has-css-opacity\"\/>\n\n\n\n<h2 class=\"wp-block-heading\"><\/h2>\n\n\n<h2>Tapahtumakalenteri\u00a0 Kev\u00e4t 2025<\/h2>\n<pre>\u00a0<\/pre>\n<table style=\"border-collapse: collapse; width: 89.3589%; height: 881px;\" border=\"1\">\n<tbody>\n<tr style=\"height: 38px;\">\n<td style=\"width: 7.85536%; height: 75px;\" rowspan=\"2\" width=\"127\">Aika<\/td>\n<td style=\"width: 43.8301%; height: 75px;\" rowspan=\"2\" width=\"376\">Tapahtuma<\/td>\n<td style=\"width: 6.92568%; height: 75px;\" rowspan=\"2\" width=\"111\">Paikka<\/td>\n<td style=\"width: 17.5924%; height: 75px;\" rowspan=\"2\" width=\"69\">J\u00e4rjest\u00e4j\u00e4<\/td>\n<td style=\"width: 27.8575%; height: 38px;\" colspan=\"5\" width=\"130\">Ik\u00e4kausi<\/td>\n<\/tr>\n<tr style=\"height: 37px;\">\n<td style=\"width: 6.47611%; height: 37px;\">Su<\/td>\n<td style=\"width: 6.66118%; height: 37px;\">Se<\/td>\n<td style=\"width: 7.0512%; height: 37px;\">Var<\/td>\n<td style=\"width: 5.95964%; height: 37px;\">Sam<\/td>\n<td style=\"width: 1.7094%; height: 37px;\">Aik<\/td>\n<\/tr>\n<tr style=\"height: 48px;\">\n<td style=\"width: 7.85536%; height: 48px;\">16.-19.1<\/td>\n<td style=\"width: 43.8301%; height: 48px;\">Lunit part 3: skibidi sigma kerma-ranu no-scope edition<\/td>\n<td style=\"width: 6.92568%; height: 48px;\">Kolo<\/td>\n<td style=\"width: 17.5924%; height: 48px;\">VMV<\/td>\n<td style=\"width: 6.47611%; height: 48px;\">\u00a0<\/td>\n<td style=\"width: 6.66118%; height: 48px;\">\u00a0<\/td>\n<td style=\"width: 7.0512%; height: 48px;\">\u00a0<\/td>\n<td style=\"width: 5.95964%; height: 48px;\">x<\/td>\n<td style=\"width: 1.7094%; height: 48px;\">\u00a0<\/td>\n<\/tr>\n<tr style=\"height: 24px;\">\n<td style=\"width: 7.85536%; height: 24px;\">20.1<\/td>\n<td style=\"width: 43.8301%; height: 24px;\">Aluetapaaminen<\/td>\n<td style=\"width: 6.92568%; height: 24px;\">Laihia<\/td>\n<td style=\"width: 17.5924%; height: 24px;\">PP<\/td>\n<td style=\"width: 6.47611%; height: 24px;\">\u00a0<\/td>\n<td style=\"width: 6.66118%; height: 24px;\">\u00a0<\/td>\n<td style=\"width: 7.0512%; height: 24px;\">\u00a0<\/td>\n<td style=\"width: 5.95964%; height: 24px;\">\u00a0<\/td>\n<td style=\"width: 1.7094%; height: 24px;\">x<\/td>\n<\/tr>\n<tr style=\"height: 24px;\">\n<td style=\"width: 7.85536%; height: 24px;\">21.1<\/td>\n<td style=\"width: 43.8301%; height: 24px;\">Orbis vanhempainilta<\/td>\n<td style=\"width: 6.92568%; height: 24px;\">Kolo<\/td>\n<td style=\"width: 17.5924%; height: 24px;\">VMV<\/td>\n<td style=\"width: 6.47611%; height: 24px;\">x<\/td>\n<td style=\"width: 6.66118%; height: 24px;\">x<\/td>\n<td style=\"width: 7.0512%; height: 24px;\">x<\/td>\n<td style=\"width: 5.95964%; height: 24px;\">x<\/td>\n<td style=\"width: 1.7094%; height: 24px;\">x<\/td>\n<\/tr>\n<tr style=\"height: 24px;\">\n<td style=\"width: 7.85536%; height: 24px;\">15.-16.2<\/td>\n<td style=\"width: 43.8301%; height: 24px;\">Kasino Royal Talvikisat,<\/td>\n<td style=\"width: 6.92568%; height: 24px;\">Kauhajoki<\/td>\n<td style=\"width: 17.5924%; height: 24px;\">PP<\/td>\n<td style=\"width: 6.47611%; height: 24px;\">\u00a0<\/td>\n<td style=\"width: 6.66118%; height: 24px;\">\u00a0<\/td>\n<td style=\"width: 7.0512%; height: 24px;\">x<\/td>\n<td style=\"width: 5.95964%; height: 24px;\">x<\/td>\n<td style=\"width: 1.7094%; height: 24px;\">x<\/td>\n<\/tr>\n<tr style=\"height: 24px;\">\n<td style=\"width: 7.85536%; height: 24px;\">15.-16.2<\/td>\n<td style=\"width: 43.8301%; height: 24px;\">Seikos Maja<\/td>\n<td style=\"width: 6.92568%; height: 24px;\">Maja<\/td>\n<td style=\"width: 17.5924%; height: 24px;\">VMV<\/td>\n<td style=\"width: 6.47611%; height: 24px;\">\u00a0<\/td>\n<td style=\"width: 6.66118%; height: 24px;\">x<\/td>\n<td style=\"width: 7.0512%; height: 24px;\">\u00a0<\/td>\n<td style=\"width: 5.95964%; height: 24px;\">\u00a0<\/td>\n<td style=\"width: 1.7094%; height: 24px;\">\u00a0<\/td>\n<\/tr>\n<tr style=\"height: 24px;\">\n<td style=\"width: 7.85536%; height: 24px;\">23.2.<\/td>\n<td style=\"width: 43.8301%; height: 24px;\">Talviloman siivoushetki<\/td>\n<td style=\"width: 6.92568%; height: 24px;\">Kolo<\/td>\n<td style=\"width: 17.5924%; height: 24px;\">VMV<\/td>\n<td style=\"width: 6.47611%; height: 24px;\">\u00a0<\/td>\n<td style=\"width: 6.66118%; height: 24px;\">\u00a0<\/td>\n<td style=\"width: 7.0512%; height: 24px;\">\u00a0<\/td>\n<td style=\"width: 5.95964%; height: 24px;\">x<\/td>\n<td style=\"width: 1.7094%; height: 24px;\">x<\/td>\n<\/tr>\n<tr style=\"height: 24px;\">\n<td style=\"width: 7.85536%; height: 24px;\">Vko 9<\/td>\n<td style=\"width: 43.8301%; height: 24px;\">Talviloma ei viikko toimintaa<\/td>\n<td style=\"width: 6.92568%; height: 24px;\">\u00a0<\/td>\n<td style=\"width: 17.5924%; height: 24px;\">\u00a0<\/td>\n<td style=\"width: 6.47611%; height: 24px;\">\u00a0<\/td>\n<td style=\"width: 6.66118%; height: 24px;\">\u00a0<\/td>\n<td style=\"width: 7.0512%; height: 24px;\">\u00a0<\/td>\n<td style=\"width: 5.95964%; height: 24px;\">\u00a0<\/td>\n<td style=\"width: 1.7094%; height: 24px;\">\u00a0<\/td>\n<\/tr>\n<tr style=\"height: 24px;\">\n<td style=\"width: 7.85536%; height: 24px;\">6.-9.3<\/td>\n<td style=\"width: 43.8301%; height: 24px;\">Inkeli XXI Kalevala<\/td>\n<td style=\"width: 6.92568%; height: 24px;\">Inkelinmaa<\/td>\n<td style=\"width: 17.5924%; height: 24px;\">VMV<\/td>\n<td style=\"width: 6.47611%; height: 24px;\">x<\/td>\n<td style=\"width: 6.66118%; height: 24px;\">x<\/td>\n<td style=\"width: 7.0512%; height: 24px;\">x<\/td>\n<td style=\"width: 5.95964%; height: 24px;\">x<\/td>\n<td style=\"width: 1.7094%; height: 24px;\">x<\/td>\n<\/tr>\n<tr style=\"height: 24px;\">\n<td style=\"width: 7.85536%; height: 24px;\">21.-23.3<\/td>\n<td style=\"width: 43.8301%; height: 24px;\">VOK teoria osa<\/td>\n<td style=\"width: 6.92568%; height: 24px;\">Pohjoinen<\/td>\n<td style=\"width: 17.5924%; height: 24px;\">PP<\/td>\n<td style=\"width: 6.47611%; height: 24px;\">\u00a0<\/td>\n<td style=\"width: 6.66118%; height: 24px;\">\u00a0<\/td>\n<td style=\"width: 7.0512%; height: 24px;\">\u00a0<\/td>\n<td style=\"width: 5.95964%; height: 24px;\">x<\/td>\n<td style=\"width: 1.7094%; height: 24px;\">x<\/td>\n<\/tr>\n<tr style=\"height: 24px;\">\n<td style=\"width: 7.85536%; height: 24px;\">21.-23.3<\/td>\n<td style=\"width: 43.8301%; height: 24px;\">Johtajiston tutustumis retki VPT Maja<\/td>\n<td style=\"width: 6.92568%; height: 24px;\">VPT Maja<\/td>\n<td style=\"width: 17.5924%; height: 24px;\">VMV<\/td>\n<td style=\"width: 6.47611%; height: 24px;\">\u00a0<\/td>\n<td style=\"width: 6.66118%; height: 24px;\">\u00a0<\/td>\n<td style=\"width: 7.0512%; height: 24px;\">\u00a0<\/td>\n<td style=\"width: 5.95964%; height: 24px;\">x<\/td>\n<td style=\"width: 1.7094%; height: 24px;\">x<\/td>\n<\/tr>\n<tr style=\"height: 24px;\">\n<td style=\"width: 7.85536%; height: 24px;\">29.3<\/td>\n<td style=\"width: 43.8301%; height: 24px;\">Piirin kev\u00e4tkokous<\/td>\n<td style=\"width: 6.92568%; height: 24px;\">Pohjoinen<\/td>\n<td style=\"width: 17.5924%; height: 24px;\">PP<\/td>\n<td style=\"width: 6.47611%; height: 24px;\">\u00a0<\/td>\n<td style=\"width: 6.66118%; height: 24px;\">\u00a0<\/td>\n<td style=\"width: 7.0512%; height: 24px;\">\u00a0<\/td>\n<td style=\"width: 5.95964%; height: 24px;\">\u00a0<\/td>\n<td style=\"width: 1.7094%; height: 24px;\">x<\/td>\n<\/tr>\n<tr style=\"height: 24px;\">\n<td style=\"width: 7.85536%; height: 24px;\">29.-30.3<\/td>\n<td style=\"width: 43.8301%; height: 24px;\">Seikos Maja<\/td>\n<td style=\"width: 6.92568%; height: 24px;\">Maja<\/td>\n<td style=\"width: 17.5924%; height: 24px;\">VMV<\/td>\n<td style=\"width: 6.47611%; height: 24px;\">\u00a0<\/td>\n<td style=\"width: 6.66118%; height: 24px;\">x<\/td>\n<td style=\"width: 7.0512%; height: 24px;\">\u00a0<\/td>\n<td style=\"width: 5.95964%; height: 24px;\">\u00a0<\/td>\n<td style=\"width: 1.7094%; height: 24px;\">\u00a0<\/td>\n<\/tr>\n<tr style=\"height: 24px;\">\n<td style=\"width: 7.85536%; height: 24px;\">4.-6.4<\/td>\n<td style=\"width: 43.8301%; height: 24px;\">VSP tarpojat KITT<\/td>\n<td style=\"width: 6.92568%; height: 24px;\">Vaasa<\/td>\n<td style=\"width: 17.5924%; height: 24px;\">VSP<\/td>\n<td style=\"width: 6.47611%; height: 24px;\">\u00a0<\/td>\n<td style=\"width: 6.66118%; height: 24px;\">\u00a0<\/td>\n<td style=\"width: 7.0512%; height: 24px;\">x<\/td>\n<td style=\"width: 5.95964%; height: 24px;\">\u00a0<\/td>\n<td style=\"width: 1.7094%; height: 24px;\">\u00a0<\/td>\n<\/tr>\n<tr style=\"height: 24px;\">\n<td style=\"width: 7.85536%; height: 24px;\">5.-6.4<\/td>\n<td style=\"width: 43.8301%; height: 24px;\">Parola retki<\/td>\n<td style=\"width: 6.92568%; height: 24px;\">Parola<\/td>\n<td style=\"width: 17.5924%; height: 24px;\">VMV<\/td>\n<td style=\"width: 6.47611%; height: 24px;\">x<\/td>\n<td style=\"width: 6.66118%; height: 24px;\">x<\/td>\n<td style=\"width: 7.0512%; height: 24px;\">\u00a0<\/td>\n<td style=\"width: 5.95964%; height: 24px;\">\u00a0<\/td>\n<td style=\"width: 1.7094%; height: 24px;\">\u00a0<\/td>\n<\/tr>\n<tr style=\"height: 24px;\">\n<td style=\"width: 7.85536%; height: 24px;\">23.4<\/td>\n<td style=\"width: 43.8301%; height: 24px;\">Yrj\u00f6np\u00e4iv\u00e4juhla<\/td>\n<td style=\"width: 6.92568%; height: 24px;\">Vaasa<\/td>\n<td style=\"width: 17.5924%; height: 24px;\">VSP<\/td>\n<td style=\"width: 6.47611%; height: 24px;\">x<\/td>\n<td style=\"width: 6.66118%; height: 24px;\">x<\/td>\n<td style=\"width: 7.0512%; height: 24px;\">x<\/td>\n<td style=\"width: 5.95964%; height: 24px;\">x<\/td>\n<td style=\"width: 1.7094%; height: 24px;\">x<\/td>\n<\/tr>\n<tr style=\"height: 24px;\">\n<td style=\"width: 7.85536%; height: 24px;\">2.-4.5<\/td>\n<td style=\"width: 43.8301%; height: 24px;\">Kev\u00e4tvaellus<\/td>\n<td style=\"width: 6.92568%; height: 24px;\">Helvetinj\u00e4rvi<\/td>\n<td style=\"width: 17.5924%; height: 24px;\">VMV<\/td>\n<td style=\"width: 6.47611%; height: 24px;\">\u00a0<\/td>\n<td style=\"width: 6.66118%; height: 24px;\">\u00a0<\/td>\n<td style=\"width: 7.0512%; height: 24px;\">x<\/td>\n<td style=\"width: 5.95964%; height: 24px;\">x<\/td>\n<td style=\"width: 1.7094%; height: 24px;\">x<\/td>\n<\/tr>\n<tr style=\"height: 24px;\">\n<td style=\"width: 7.85536%; height: 24px;\">10.5<\/td>\n<td style=\"width: 43.8301%; height: 24px;\">Sudenpentu ja seikkailija kisat<\/td>\n<td style=\"width: 6.92568%; height: 24px;\">\u00c4ht\u00e4ri<\/td>\n<td style=\"width: 17.5924%; height: 24px;\">PP<\/td>\n<td style=\"width: 6.47611%; height: 24px;\">x<\/td>\n<td style=\"width: 6.66118%; height: 24px;\">x<\/td>\n<td style=\"width: 7.0512%; height: 24px;\">\u00a0<\/td>\n<td style=\"width: 5.95964%; height: 24px;\">\u00a0<\/td>\n<td style=\"width: 1.7094%; height: 24px;\">\u00a0<\/td>\n<\/tr>\n<tr style=\"height: 24px;\">\n<td style=\"width: 7.85536%; height: 24px;\">24.-25.5<\/td>\n<td style=\"width: 43.8301%; height: 24px;\">Riihitykset ja kaudenp\u00e4\u00e4tt\u00e4j\u00e4iset<\/td>\n<td style=\"width: 6.92568%; height: 24px;\">Maja<\/td>\n<td style=\"width: 17.5924%; height: 24px;\">VMV<\/td>\n<td style=\"width: 6.47611%; height: 24px;\">\u00a0<\/td>\n<td style=\"width: 6.66118%; height: 24px;\">\u00a0<\/td>\n<td style=\"width: 7.0512%; height: 24px;\">x<\/td>\n<td style=\"width: 5.95964%; height: 24px;\">x<\/td>\n<td style=\"width: 1.7094%; height: 24px;\">x<\/td>\n<\/tr>\n<tr style=\"height: 24px;\">\n<td style=\"width: 7.85536%; height: 24px;\">14.-15.6<\/td>\n<td style=\"width: 43.8301%; height: 24px;\">Talkoot<\/td>\n<td style=\"width: 6.92568%; height: 24px;\">Inkelinmaa\/Maja<\/td>\n<td style=\"width: 17.5924%; height: 24px;\">VMV<\/td>\n<td style=\"width: 6.47611%; height: 24px;\">\u00a0<\/td>\n<td style=\"width: 6.66118%; height: 24px;\">\u00a0<\/td>\n<td style=\"width: 7.0512%; height: 24px;\">x<\/td>\n<td style=\"width: 5.95964%; height: 24px;\">x<\/td>\n<td style=\"width: 1.7094%; height: 24px;\">x<\/td>\n<\/tr>\n<tr style=\"height: 24px;\">\n<td style=\"width: 7.85536%; height: 24px;\">10.-16.7<\/td>\n<td style=\"width: 43.8301%; height: 24px;\">Piirileiri Orbis<\/td>\n<td style=\"width: 6.92568%; height: 24px;\">Vaala<\/td>\n<td style=\"width: 17.5924%; height: 24px;\">PP<\/td>\n<td style=\"width: 6.47611%; height: 24px;\">x<\/td>\n<td style=\"width: 6.66118%; height: 24px;\">x<\/td>\n<td style=\"width: 7.0512%; height: 24px;\">x<\/td>\n<td style=\"width: 5.95964%; height: 24px;\">x<\/td>\n<td style=\"width: 1.7094%; height: 24px;\">x<\/td>\n<\/tr>\n<\/tbody>\n<\/table>\n<hr \/>\n<h3>\u00a0<\/h3>\n<h3>Tutkimalla <a href=\"https:\/\/pohjanmaa.partio.fi\/tapahtumakalenteri\/?s_organizer=pohjanmaan-partiolaiset-ry\">piirin tapahtumakalenteria<\/a>\u00a0voit l\u00f6yt\u00e4\u00e4 tuoreimpia tapahtumia:<\/h3>\n\n\n<h2 class=\"wp-block-heading\"><\/h2>\n\n\n\n<hr class=\"wp-block-separator has-css-opacity\"\/>\n\n\n\n<p><\/p>\n","protected":false},"excerpt":{"rendered":"<p>Tulevat tapahtumat: Tapahtumakalenteri\u00a0 Kev\u00e4t 2025 \u00a0 Aika Tapahtuma Paikka J\u00e4rjest\u00e4j\u00e4 Ik\u00e4kausi Su Se Var Sam Aik 16.-19.1 Lunit part 3: skibidi sigma kerma-ranu no-scope edition <a class=\"read-more\" href=\"https:\/\/www.vaasanmetsaveikot.fi\/index.php\/tapahtumat\/\"> (Continue Reading)<\/a><\/p>\n","protected":false},"author":21,"featured_media":0,"parent":0,"menu_order":0,"comment_status":"closed","ping_status":"closed","template":"","meta":{"footnotes":""},"class_list":["post-30","page","type-page","status-publish","hentry"],"_links":{"self":[{"href":"https:\/\/www.vaasanmetsaveikot.fi\/index.php\/wp-json\/wp\/v2\/pages\/30","targetHints":{"allow":["GET"]}}],"collection":[{"href":"https:\/\/www.vaasanmetsaveikot.fi\/index.php\/wp-json\/wp\/v2\/pages"}],"about":[{"href":"https:\/\/www.vaasanmetsaveikot.fi\/index.php\/wp-json\/wp\/v2\/types\/page"}],"author":[{"embeddable":true,"href":"https:\/\/www.vaasanmetsaveikot.fi\/index.php\/wp-json\/wp\/v2\/users\/21"}],"replies":[{"embeddable":true,"href":"https:\/\/www.vaasanmetsaveikot.fi\/index.php\/wp-json\/wp\/v2\/comments?post=30"}],"version-history":[{"count":177,"href":"https:\/\/www.vaasanmetsaveikot.fi\/index.php\/wp-json\/wp\/v2\/pages\/30\/revisions"}],"predecessor-version":[{"id":5697,"href":"https:\/\/www.vaasanmetsaveikot.fi\/index.php\/wp-json\/wp\/v2\/pages\/30\/revisions\/5697"}],"wp:attachment":[{"href":"https:\/\/www.vaasanmetsaveikot.fi\/index.php\/wp-json\/wp\/v2\/media?parent=30"}],"curies":[{"name":"wp","href":"https:\/\/api.w.org\/{rel}","templated":true}]}}