{"id":25,"date":"2015-10-25T22:59:03","date_gmt":"2015-10-25T19:59:03","guid":{"rendered":"http:\/\/localhost\/wordpress\/?page_id=25"},"modified":"2025-02-03T20:45:58","modified_gmt":"2025-02-03T18:45:58","slug":"koskon-maja","status":"publish","type":"page","link":"https:\/\/www.vaasanmetsaveikot.fi\/index.php\/koskon-maja\/","title":{"rendered":"Kosk\u00f6n maja"},"content":{"rendered":"<p><a href=\"https:\/\/www.vaasanmetsaveikot.fi\/site\/wp-content\/uploads\/2025\/02\/MAJA_VUOROT_KEVAT_2025.pdf\">MAJA_VUOROT_KEV\u00c4T_2025<\/a><\/p>\n<p>Li<a href=\"https:\/\/www.vaasanmetsaveikot.fi\/site\/wp-content\/uploads\/2015\/10\/kosko.jpg\"><img loading=\"lazy\" decoding=\"async\" class=\"alignright wp-image-107 size-full\" src=\"https:\/\/www.vaasanmetsaveikot.fi\/site\/wp-content\/uploads\/2015\/10\/kosko.jpg\" alt=\"kosko\" width=\"266\" height=\"200\" \/><\/a>ppukunnalla on\u00a0retkeilymaja l\u00e4hell\u00e4 Vaasaa Mustasaaren kunnan alueella. Maja vihittiin k\u00e4ytt\u00f6\u00f6n syyskuussa 2001.<\/p>\n<p>Kosk\u00f6n maja on rakennettu meren rannalle lippukunan retkeilyalueelle. Majan ymp\u00e4rist\u00f6 tarjoaa mainiot mahdollisuudet retkeilyyn niin vartioille, sudenpennuille kuin vaeltajillekin.<\/p>\n<p>Majan alueen it\u00e4osa ja ns. palloniemen alue on muuttunut lokakuussa 2009 LUONNONSUOJELUALUEEKSI. Puiden kaataminen ja ottaminen alueelta on kielletty.<\/p>\n<p>V\u00e4litt\u00f6m\u00e4sti majaa ymp\u00e4r\u00f6iv\u00e4n retkeilyalueen pohjoispuolella sijaitsee lippukunnan omistama <a href=\"https:\/\/www.vaasanmetsaveikot.fi\/index.php\/inkelinmaan-leirialue\/\">Inkelinmaan leirialue.<\/a><\/p>\n<p>Majalle on syyskussa 2008 hankittu vartioiden k\u00e4ytt\u00f6\u00f6n LOKARI 385 soutuvene.<\/p>\n<p>Majan is\u00e4nt\u00e4n\u00e4 toimii Rolf Puska puh: 0500-162211.<\/p>\n<p><strong><u>Majalle kulkeminen:<\/u><\/strong><a href=\"https:\/\/www.vaasanmetsaveikot.fi\/site\/wp-content\/uploads\/2015\/10\/vene.jpg\"><img loading=\"lazy\" decoding=\"async\" class=\"alignright wp-image-108 size-thumbnail\" src=\"https:\/\/www.vaasanmetsaveikot.fi\/site\/wp-content\/uploads\/2015\/10\/vene-150x150.jpg\" alt=\"vene\" width=\"150\" height=\"150\" \/><\/a><\/p>\n<p>Majalle menev\u00e4 liikenne kulkee mets\u00e4tien kautta. Mets\u00e4tien alussa on puomi, jonka avaimen saa majanavaimen lainauksen yhteydess\u00e4. Kaikki moottoriajoneuvot tulee j\u00e4tt\u00e4\u00e4 parkkipaikalle. Parkkipaikalta l\u00e4htee naapurin tie ja siit\u00e4 sitten vasemmalle polku majalle. Polku kulkee ns. tieoikeuslinjaa pitkin, jotenka polkua voidaan parantaa ja tasoittaa tilanteen niin vaatiessa.<\/p>\n<hr \/>\n<p>Huoltoa varten tulee tie Inkelinmaan puolelle. Tie p\u00e4\u00e4tty Inkelinmaalla rantaan, joten sen kautta voi kuljettaa tavaraa majalle venekuljetuksina.<\/p>\n<p><strong>AJO-OHJE MAJALLE \/ INKELINMAAN LEIRIALUEELLE<\/strong>:<\/p>\n<p>Reittiopastus Vaasasta leirialueelle Google Mapsilla <a href=\"http:\/\/maps.google.fi\/maps?saddr=Vaasa&amp;daddr=Ingelsj%C3%B6skatan&amp;hl=fi&amp;ie=UTF8&amp;ll=63.232487,21.709328&amp;spn=0.012544,0.036221&amp;sll=63.225161,21.724176&amp;sspn=0.025094,0.072441&amp;geocode=FWXBwgMdgddJASlDsjpiPmB9RjEOgKphqn8dHg%3BFTHmxAMdvixLAQ&amp;mra=ls&amp;t=m&amp;z=15\" target=\"_blank\" rel=\"noopener noreferrer\">t\u00e4st\u00e4 linkist\u00e4.<\/a><\/p>\n<p>Vaasasta Botniahallille ja risteyksest\u00e4 vasemmalle Karper\u00f6\u00f6h\u00f6n. Karper\u00f6n kaupalta kohti Kosk\u00f6n kyl\u00e4\u00e4. Kosk\u00f6n kyl\u00e4ss\u00e4 Koivulahdentien ja Furuholmv\u00e4genin risteyksest\u00e4 viel\u00e4 suoraan n. 2,5 km jolloin k\u00e4\u00e4nnyt\u00e4\u00e4n vasemmalle menev\u00e4lle mets\u00e4tielle, heti alussa on puomi. Puomilta ajetaan kartan mukaisesti parkkipaikalle.<\/p>\n<p><a href=\"https:\/\/www.vaasanmetsaveikot.fi\/site\/wp-content\/uploads\/2015\/10\/inkeli_kartta.jpg\"><img loading=\"lazy\" decoding=\"async\" class=\"alignnone wp-image-105 size-medium\" src=\"https:\/\/www.vaasanmetsaveikot.fi\/site\/wp-content\/uploads\/2015\/10\/inkeli_kartta-203x300.jpg\" alt=\"inkeli_kartta\" width=\"203\" height=\"300\" srcset=\"https:\/\/www.vaasanmetsaveikot.fi\/site\/wp-content\/uploads\/2015\/10\/inkeli_kartta-203x300.jpg 203w, https:\/\/www.vaasanmetsaveikot.fi\/site\/wp-content\/uploads\/2015\/10\/inkeli_kartta.jpg 406w\" sizes=\"auto, (max-width: 203px) 100vw, 203px\" \/><\/a><\/p>\n\n\n<h2 class=\"wp-block-heading\">MAJAN VARAUSKALENTERI<\/h2>\n\n\n\n<iframe loading=\"lazy\" src=\"https:\/\/calendar.google.com\/calendar\/embed?src=gtid6g4k2rj7rqk0i2b9tnhfqc%40group.calendar.google.com&amp;ctz=Europe%2FHelsinki\" style=\"border: 0\" width=\"700\" height=\"600\" frameborder=\"0\" scrolling=\"no\"><\/iframe>\n\n\n\n<p><\/p>\n","protected":false},"excerpt":{"rendered":"<p>MAJA_VUOROT_KEV\u00c4T_2025 Lippukunnalla on\u00a0retkeilymaja l\u00e4hell\u00e4 Vaasaa Mustasaaren kunnan alueella. Maja vihittiin k\u00e4ytt\u00f6\u00f6n syyskuussa 2001. Kosk\u00f6n maja on rakennettu meren rannalle lippukunan retkeilyalueelle. Majan ymp\u00e4rist\u00f6 tarjoaa mainiot <a class=\"read-more\" href=\"https:\/\/www.vaasanmetsaveikot.fi\/index.php\/koskon-maja\/\"> (Continue Reading)<\/a><\/p>\n","protected":false},"author":1,"featured_media":0,"parent":0,"menu_order":0,"comment_status":"closed","ping_status":"closed","template":"","meta":{"footnotes":""},"class_list":["post-25","page","type-page","status-publish","hentry"],"_links":{"self":[{"href":"https:\/\/www.vaasanmetsaveikot.fi\/index.php\/wp-json\/wp\/v2\/pages\/25","targetHints":{"allow":["GET"]}}],"collection":[{"href":"https:\/\/www.vaasanmetsaveikot.fi\/index.php\/wp-json\/wp\/v2\/pages"}],"about":[{"href":"https:\/\/www.vaasanmetsaveikot.fi\/index.php\/wp-json\/wp\/v2\/types\/page"}],"author":[{"embeddable":true,"href":"https:\/\/www.vaasanmetsaveikot.fi\/index.php\/wp-json\/wp\/v2\/users\/1"}],"replies":[{"embeddable":true,"href":"https:\/\/www.vaasanmetsaveikot.fi\/index.php\/wp-json\/wp\/v2\/comments?post=25"}],"version-history":[{"count":20,"href":"https:\/\/www.vaasanmetsaveikot.fi\/index.php\/wp-json\/wp\/v2\/pages\/25\/revisions"}],"predecessor-version":[{"id":5712,"href":"https:\/\/www.vaasanmetsaveikot.fi\/index.php\/wp-json\/wp\/v2\/pages\/25\/revisions\/5712"}],"wp:attachment":[{"href":"https:\/\/www.vaasanmetsaveikot.fi\/index.php\/wp-json\/wp\/v2\/media?parent=25"}],"curies":[{"name":"wp","href":"https:\/\/api.w.org\/{rel}","templated":true}]}}