{"id":2403,"date":"2019-01-12T10:14:28","date_gmt":"2019-01-12T08:14:28","guid":{"rendered":"http:\/\/www.vaasanmetsaveikot.fi\/?page_id=2403"},"modified":"2026-03-03T18:26:38","modified_gmt":"2026-03-03T16:26:38","slug":"samoajat","status":"publish","type":"page","link":"https:\/\/www.vaasanmetsaveikot.fi\/index.php\/samoajat\/","title":{"rendered":"Samoajat"},"content":{"rendered":"<p><a href=\"https:\/\/partio-ohjelma.fi\/partio-ohjelma\/samoajat-15-17-v\/\" target=\"_blank\" rel=\"noopener noreferrer\"><img loading=\"lazy\" decoding=\"async\" class=\"wp-image-2529  alignleft\" src=\"https:\/\/www.vaasanmetsaveikot.fi\/site\/wp-content\/uploads\/2019\/01\/04merkki-samoaja2-294x300.png\" alt=\"\" width=\"107\" height=\"109\" \/><\/a><\/p>\n<p><strong>Samoaja<\/strong>osastossa toimintaa j\u00e4rjestet\u00e4\u00e4n <strong>15-17-vuotiaille<\/strong>. Samoajat toimivat samoajavartioissa, ik\u00e4vuosittain. Samoajavartioiden aktiivisuus vaihtelee vartioittain. V\u00e4hemm\u00e4n toimintaa on vartioissa, joiden j\u00e4senet toimivat muissa johtajateht\u00e4viss\u00e4 lippukunnassa. Aktiivisempaa toiminta on vartioissa, joiden j\u00e4senill\u00e4 ei samoajatoiminnan lis\u00e4ksi ole paljoa muuta partioteht\u00e4v\u00e4\u00e4. Samoajat kokoontuvat kolon samoajaluolassa.\u00a0 Kokouksissa vartiot tekev\u00e4t suomen partiolaisten ja lippukuntamme r\u00e4\u00e4t\u00e4l\u00f6idyn ohjelmapaketin mukaista samoajaohjelmaa. Samoajavartiota johtaa puolivuosittain vaihtuva vartionjohtaja, ja vartion tukena ja oppaana toimii t\u00e4ysi-ik\u00e4inen <strong>luotsi<\/strong>.<\/p>\n<p><strong>Osastonjohtaja:<\/strong> Tuomas Rajala\u00a0<\/p>\n\n\n<hr class=\"wp-block-separator has-css-opacity\"\/>\n\n\n\n<h3 class=\"wp-block-heading\">Samoajavartiot:<\/h3>\n\n\n<table style=\"width: 100%; border-collapse: collapse; border-style: hidden;\" border=\"1\" cellpadding=\"1\">\n<tbody>\n<tr style=\"height: 22px;\">\n<td style=\"width: 25%; text-align: center; height: 22px;\"><strong>Kontio<\/strong><\/td>\n<td style=\"width: 25%; text-align: center; height: 22px;\"><strong>Otso<\/strong><\/td>\n<td style=\"width: 25%; text-align: center; height: 22px;\"><strong>Repolainen<\/strong><\/td>\n<td style=\"width: 25%; text-align: center; height: 22px;\"><strong>Hukka<\/strong><\/td>\n<\/tr>\n<tr style=\"height: 23px;\">\n<td style=\"width: 25%; text-align: center; height: 23px;\">VJ:\u00a0<\/td>\n<td style=\"width: 25%; text-align: center; height: 23px;\">VJ:\u00a0<\/td>\n<td style=\"width: 25%; text-align: center; height: 23px;\">VJ:\u00a0<\/td>\n<td style=\"width: 25%; text-align: center; height: 23px;\">VJ:\u00a0<\/td>\n<\/tr>\n<tr style=\"height: 43px;\">\n<td style=\"width: 25%; height: 35px; text-align: center;\">\u00a0<\/td>\n<td style=\"width: 25%; height: 35px; text-align: center;\">\u00a0<\/td>\n<td style=\"width: 25%; height: 35px; text-align: center;\">\u00a0<\/td>\n<td style=\"width: 25%; height: 35px; text-align: center;\">\u00a0<\/td>\n<\/tr>\n<tr style=\"height: 23px;\">\n<td style=\"width: 25%; height: 23px;\">\u00a0<\/td>\n<td style=\"width: 25%; height: 23px;\">\u00a0<\/td>\n<td style=\"width: 25%; height: 23px;\">\u00a0<\/td>\n<td style=\"width: 25%; height: 23px;\">\u00a0<\/td>\n<\/tr>\n<\/tbody>\n<\/table>\n\n\n<hr class=\"wp-block-separator has-css-opacity\"\/>\n\n\n\n<h2 class=\"wp-block-heading\">Tapahtumat:<\/h2>\n\n\n\n<p><em>Lis\u00e4tietoa tulossa<\/em><\/p>\n\n\n\n<hr class=\"wp-block-separator has-css-opacity\"\/>\n\n\n\n<h2 class=\"wp-block-heading\">Retkiaikataulut<\/h2>\n\n\n\n<p><\/p>\n","protected":false},"excerpt":{"rendered":"<p>Samoajaosastossa toimintaa j\u00e4rjestet\u00e4\u00e4n 15-17-vuotiaille. Samoajat toimivat samoajavartioissa, ik\u00e4vuosittain. Samoajavartioiden aktiivisuus vaihtelee vartioittain. V\u00e4hemm\u00e4n toimintaa on vartioissa, joiden j\u00e4senet toimivat muissa johtajateht\u00e4viss\u00e4 lippukunnassa. Aktiivisempaa toiminta on <a class=\"read-more\" href=\"https:\/\/www.vaasanmetsaveikot.fi\/index.php\/samoajat\/\"> (Continue Reading)<\/a><\/p>\n","protected":false},"author":1,"featured_media":0,"parent":0,"menu_order":0,"comment_status":"closed","ping_status":"closed","template":"","meta":{"footnotes":""},"class_list":["post-2403","page","type-page","status-publish","hentry"],"_links":{"self":[{"href":"https:\/\/www.vaasanmetsaveikot.fi\/index.php\/wp-json\/wp\/v2\/pages\/2403","targetHints":{"allow":["GET"]}}],"collection":[{"href":"https:\/\/www.vaasanmetsaveikot.fi\/index.php\/wp-json\/wp\/v2\/pages"}],"about":[{"href":"https:\/\/www.vaasanmetsaveikot.fi\/index.php\/wp-json\/wp\/v2\/types\/page"}],"author":[{"embeddable":true,"href":"https:\/\/www.vaasanmetsaveikot.fi\/index.php\/wp-json\/wp\/v2\/users\/1"}],"replies":[{"embeddable":true,"href":"https:\/\/www.vaasanmetsaveikot.fi\/index.php\/wp-json\/wp\/v2\/comments?post=2403"}],"version-history":[{"count":126,"href":"https:\/\/www.vaasanmetsaveikot.fi\/index.php\/wp-json\/wp\/v2\/pages\/2403\/revisions"}],"predecessor-version":[{"id":5858,"href":"https:\/\/www.vaasanmetsaveikot.fi\/index.php\/wp-json\/wp\/v2\/pages\/2403\/revisions\/5858"}],"wp:attachment":[{"href":"https:\/\/www.vaasanmetsaveikot.fi\/index.php\/wp-json\/wp\/v2\/media?parent=2403"}],"curies":[{"name":"wp","href":"https:\/\/api.w.org\/{rel}","templated":true}]}}