{"id":23,"date":"2015-10-25T22:58:46","date_gmt":"2015-10-25T19:58:46","guid":{"rendered":"http:\/\/localhost\/wordpress\/?page_id=23"},"modified":"2025-03-15T18:04:12","modified_gmt":"2025-03-15T16:04:12","slug":"kolo","status":"publish","type":"page","link":"https:\/\/www.vaasanmetsaveikot.fi\/index.php\/vaasan-metsaveikot\/kolo\/","title":{"rendered":"Kolo"},"content":{"rendered":"<div id=\"attachment_4067\" style=\"width: 326px\" class=\"wp-caption alignright\"><a href=\"https:\/\/www.vaasanmetsaveikot.fi\/site\/wp-content\/uploads\/2021\/04\/KuvaTiloistaVMV.jpg\"><img loading=\"lazy\" decoding=\"async\" aria-describedby=\"caption-attachment-4067\" class=\"wp-image-4067 \" src=\"https:\/\/www.vaasanmetsaveikot.fi\/site\/wp-content\/uploads\/2021\/04\/KuvaTiloistaVMV-300x225.jpg\" alt=\"\" width=\"316\" height=\"237\" srcset=\"https:\/\/www.vaasanmetsaveikot.fi\/site\/wp-content\/uploads\/2021\/04\/KuvaTiloistaVMV-300x225.jpg 300w, https:\/\/www.vaasanmetsaveikot.fi\/site\/wp-content\/uploads\/2021\/04\/KuvaTiloistaVMV-1024x768.jpg 1024w, https:\/\/www.vaasanmetsaveikot.fi\/site\/wp-content\/uploads\/2021\/04\/KuvaTiloistaVMV-768x576.jpg 768w, https:\/\/www.vaasanmetsaveikot.fi\/site\/wp-content\/uploads\/2021\/04\/KuvaTiloistaVMV.jpg 1280w\" sizes=\"auto, (max-width: 316px) 100vw, 316px\" \/><\/a><p id=\"caption-attachment-4067\" class=\"wp-caption-text\">Kokous 10 paketti. Jokaiselle oma p\u00f6yt\u00e4<\/p><\/div>\n<p>Lippukunnan kookoontumistila, eli kolo l\u00f6ytyy osoitteesta Kauppapuistikko 16 C, 65100 Vaasa. Kolo sijaitsee siis aivan kaupungin keskustassa l\u00e4hell\u00e4 kaupungin lukioita ja toria.<\/p>\n<p>Kolossa on yksi tilava kokoontumissali, jossa sudenpennut pit\u00e4v\u00e4t kokouksiaan ja jossa pidet\u00e4\u00e4n my\u00f6s lippukunnan yhteiset tilaisuudet. Salissa on istumapaikkoja 50-80 henkil\u00f6lle j\u00e4rjestelyist\u00e4 riippuen.<\/p>\n<p>Salin toisessa p\u00e4\u00e4ss\u00e4 on keitti\u00f6, joka palvelee hyvin eri tilaisuuksien huoltamista ja toimisto. Toisessa p\u00e4\u00e4ss\u00e4 on perinnehuone, jossa sijaitsee valokuva-arkistot yms. perinne materiaali. Huoneessa voi my\u00f6s kokoustaa pienryhm\u00e4t.<\/p>\n<p>Vartioiden k\u00e4yt\u00f6ss\u00e4 on lis\u00e4ksi kaksi kokoushuonetta, joiden sis\u00e4\u00e4nk\u00e4ynti on omalta\u00a0k\u00e4yt\u00e4v\u00e4lt\u00e4.<\/p>\n<p><strong>Sis\u00e4\u00e4nk\u00e4ynti kololle: <\/strong>Kauppapuistikon ja Raastuvankadun v\u00e4liss\u00e4 sijaitsevan palokujan kautta. Palokujalle p\u00e4\u00e4see autolla Rauhankadulta. My\u00f6s sis\u00e4pihalta C-rapusta p\u00e4\u00e4see, mik\u00e4li on tarvetta.<\/p>\n<h2>Kokoustilaa vuokrataan<\/h2>\n<p>Partiolippukunta Vaasan Mets\u00e4veikot ry:n kokoontumistilat partiokololla Vaasan keskustassa ovat vuokrattavissa, kun salissa on vapaata omasta k\u00e4yt\u00f6st\u00e4mme. Sopivat tilat yhti\u00f6- ja vuosikokouksiin, syntym\u00e4p\u00e4iviin, koulutusp\u00e4iviin tms. tilaisuuksiin.<br \/>Salissa on 10 p\u00f6yt\u00e4\u00e4 istuimineen, videotykki ja tussitaulu k\u00e4ytett\u00e4viss\u00e4. Kalustoa voidaan j\u00e4rjestell\u00e4 toiveiden mukaan, pitkiin p\u00f6ytiin tai pulpettimallin. Pirttipenkkien tilalle l\u00f6ytyy my\u00f6s vaihtoehtona irtotuoleja. Selk\u00e4nojapaikkoja on saatavissa n. 40 henkil\u00f6lle<br \/>Kokouskahvit onnistumme j\u00e4rjest\u00e4m\u00e4\u00e4n jopa 60 henkil\u00f6lle helposti omalla astiastollamme. Kaikkiin tapahtumiin nime\u00e4mme oman is\u00e4nn\u00e4n partiolaisista, joka hoitaa j\u00e4rjestelyt ja tarjoilut paikan p\u00e4\u00e4ll\u00e4.<\/p>\n<p>Osoite: Vaasan Mets\u00e4veikot ry, Kauppapuistikko 16 C, 2.krs, sis\u00e4pihalta sis\u00e4\u00e4n.<\/p>\n<p><strong>Hinnasto 2023 eteenp\u00e4in<\/strong><br \/>Kokoustila. Salivuokra p\u00e4iv\u00e4- tai iltatapahtuma max. 3h 50,00\u20ac <br \/>Kokoustila. Salivuokra p\u00e4iv\u00e4tapahtuma 3-12h 80,00\u20ac <br \/>Tarjoilut sopimuksen mukaan.<\/p>\n<p><strong>Valmispaketit:<\/strong><br \/>Sis\u00e4lt\u00e4\u00e4 kokoustilan k\u00e4yt\u00f6n sek\u00e4 tarjoilun: Vichy, kahvi tai tee ja pulla \/ hl\u00f6.<br \/>Kokouspaketti 6, 6 henkil\u00f6n paketti 62,00\u20ac<br \/>Kokouspaketti 10, 10 henkil\u00f6n paketti 70,00\u20ac<br \/>Lis\u00e4tarjoilut 4\u20ac\/hl\u00f6.<\/p>\n<p><strong>Varaukset ja tiedustelut<\/strong><br \/>s\u00e4hk\u00f6postitse: kolo@vaasanmetsaveikot.fi<br \/>Laskutus tapahtuu PDF laskulla s\u00e4hk\u00f6postitse tai paperisena kirjeitse. <br \/>Laskutuslis\u00e4 kirjeest\u00e4 on 4,00 euroa.<\/p>\n<p class=\"Alaotsikko\"><a href=\"https:\/\/www.google.com\/calendar\/embed?src=jrb915pon19p0ujub94k336tkc%40group.calendar.google.com&amp;ctz=Europe\/Helsinki\" target=\"_blank\" rel=\"noopener noreferrer\">Linkki kolon salin varauskalenteriin.<\/a><\/p>\n\n\n<figure class=\"wp-block-gallery has-nested-images columns-default is-cropped wp-block-gallery-1 is-layout-flex wp-block-gallery-is-layout-flex\">\n<figure class=\"wp-block-image size-large\"><a href=\"https:\/\/www.vaasanmetsaveikot.fi\/site\/wp-content\/uploads\/2021\/04\/KuvaTiloistaVMV.jpg\"><img loading=\"lazy\" decoding=\"async\" width=\"1024\" height=\"768\" data-id=\"4067\" src=\"https:\/\/www.vaasanmetsaveikot.fi\/site\/wp-content\/uploads\/2021\/04\/KuvaTiloistaVMV-1024x768.jpg\" alt=\"\" class=\"wp-image-4067\" srcset=\"https:\/\/www.vaasanmetsaveikot.fi\/site\/wp-content\/uploads\/2021\/04\/KuvaTiloistaVMV-1024x768.jpg 1024w, https:\/\/www.vaasanmetsaveikot.fi\/site\/wp-content\/uploads\/2021\/04\/KuvaTiloistaVMV-300x225.jpg 300w, https:\/\/www.vaasanmetsaveikot.fi\/site\/wp-content\/uploads\/2021\/04\/KuvaTiloistaVMV-768x576.jpg 768w, https:\/\/www.vaasanmetsaveikot.fi\/site\/wp-content\/uploads\/2021\/04\/KuvaTiloistaVMV.jpg 1280w\" sizes=\"auto, (max-width: 1024px) 100vw, 1024px\" \/><\/a><figcaption class=\"wp-element-caption\">Iso kokoontumissali<\/figcaption><\/figure>\n\n\n\n<figure class=\"wp-block-image size-large\"><a href=\"https:\/\/www.vaasanmetsaveikot.fi\/site\/wp-content\/uploads\/2015\/10\/kolo5.jpg\"><img loading=\"lazy\" decoding=\"async\" width=\"266\" height=\"178\" data-id=\"101\" src=\"https:\/\/www.vaasanmetsaveikot.fi\/site\/wp-content\/uploads\/2015\/10\/kolo5.jpg\" alt=\"\" class=\"wp-image-101\"\/><\/a><\/figure>\n\n\n\n<figure class=\"wp-block-image size-large\"><a href=\"https:\/\/www.vaasanmetsaveikot.fi\/site\/wp-content\/uploads\/2015\/10\/kolo4.jpg\"><img loading=\"lazy\" decoding=\"async\" width=\"266\" height=\"178\" data-id=\"100\" src=\"https:\/\/www.vaasanmetsaveikot.fi\/site\/wp-content\/uploads\/2015\/10\/kolo4.jpg\" alt=\"\" class=\"wp-image-100\"\/><\/a><figcaption class=\"wp-element-caption\">Vartioiden kokoussali<\/figcaption><\/figure>\n\n\n\n<figure class=\"wp-block-image size-large\"><a href=\"https:\/\/www.vaasanmetsaveikot.fi\/site\/wp-content\/uploads\/2015\/10\/kolo3.jpg\"><img loading=\"lazy\" decoding=\"async\" width=\"500\" height=\"375\" data-id=\"99\" src=\"https:\/\/www.vaasanmetsaveikot.fi\/site\/wp-content\/uploads\/2015\/10\/kolo3.jpg\" alt=\"\" class=\"wp-image-99\" srcset=\"https:\/\/www.vaasanmetsaveikot.fi\/site\/wp-content\/uploads\/2015\/10\/kolo3.jpg 500w, https:\/\/www.vaasanmetsaveikot.fi\/site\/wp-content\/uploads\/2015\/10\/kolo3-300x225.jpg 300w\" sizes=\"auto, (max-width: 500px) 100vw, 500px\" \/><\/a><\/figure>\n\n\n\n<figure class=\"wp-block-image size-large\"><a href=\"https:\/\/www.vaasanmetsaveikot.fi\/site\/wp-content\/uploads\/2015\/10\/kolo2.jpg\"><img loading=\"lazy\" decoding=\"async\" width=\"500\" height=\"375\" data-id=\"98\" src=\"https:\/\/www.vaasanmetsaveikot.fi\/site\/wp-content\/uploads\/2015\/10\/kolo2.jpg\" alt=\"\" class=\"wp-image-98\" srcset=\"https:\/\/www.vaasanmetsaveikot.fi\/site\/wp-content\/uploads\/2015\/10\/kolo2.jpg 500w, https:\/\/www.vaasanmetsaveikot.fi\/site\/wp-content\/uploads\/2015\/10\/kolo2-300x225.jpg 300w\" sizes=\"auto, (max-width: 500px) 100vw, 500px\" \/><\/a><figcaption class=\"wp-element-caption\">Perinnehuone<\/figcaption><\/figure>\n\n\n\n<figure class=\"wp-block-image size-large\"><a href=\"https:\/\/www.vaasanmetsaveikot.fi\/site\/wp-content\/uploads\/2015\/10\/kolo1.jpg\"><img loading=\"lazy\" decoding=\"async\" width=\"266\" height=\"178\" data-id=\"97\" src=\"https:\/\/www.vaasanmetsaveikot.fi\/site\/wp-content\/uploads\/2015\/10\/kolo1.jpg\" alt=\"\" class=\"wp-image-97\"\/><\/a><\/figure>\n<\/figure>\n\n\n\n<div class=\"wp-block-columns is-layout-flex wp-container-core-columns-is-layout-9d6595d7 wp-block-columns-is-layout-flex\">\n<div class=\"wp-block-column is-layout-flow wp-block-column-is-layout-flow\"><\/div>\n<\/div>\n\n\n\n<h2 class=\"wp-block-heading\"><strong>Vapaat ajat ovat n\u00e4ht\u00e4viss\u00e4 kalenterista:<\/strong><\/h2>\n\n\n\n<iframe loading=\"lazy\" src=\"https:\/\/calendar.google.com\/calendar\/embed?src=jrb915pon19p0ujub94k336tkc@group.calendar.google.com&#038;ctz=Europe\/Helsinki\" style=\"border: 0\" width=\"700\" height=\"600\" frameborder=\"0\" scrolling=\"no\"><\/iframe>\n\n\n\n<p><a rel=\"noreferrer noopener\" href=\"https:\/\/www.google.com\/calendar\/embed?src=jrb915pon19p0ujub94k336tkc%40group.calendar.google.com&amp;ctz=Europe\/Helsinki\" target=\"_blank\">Linkki kolon salin varauskalenteriin.<\/a><\/p>\n","protected":false},"excerpt":{"rendered":"<p>Lippukunnan kookoontumistila, eli kolo l\u00f6ytyy osoitteesta Kauppapuistikko 16 C, 65100 Vaasa. Kolo sijaitsee siis aivan kaupungin keskustassa l\u00e4hell\u00e4 kaupungin lukioita ja toria. Kolossa on yksi <a class=\"read-more\" href=\"https:\/\/www.vaasanmetsaveikot.fi\/index.php\/vaasan-metsaveikot\/kolo\/\"> (Continue Reading)<\/a><\/p>\n","protected":false},"author":1,"featured_media":0,"parent":6,"menu_order":0,"comment_status":"closed","ping_status":"closed","template":"","meta":{"footnotes":""},"class_list":["post-23","page","type-page","status-publish","hentry"],"_links":{"self":[{"href":"https:\/\/www.vaasanmetsaveikot.fi\/index.php\/wp-json\/wp\/v2\/pages\/23","targetHints":{"allow":["GET"]}}],"collection":[{"href":"https:\/\/www.vaasanmetsaveikot.fi\/index.php\/wp-json\/wp\/v2\/pages"}],"about":[{"href":"https:\/\/www.vaasanmetsaveikot.fi\/index.php\/wp-json\/wp\/v2\/types\/page"}],"author":[{"embeddable":true,"href":"https:\/\/www.vaasanmetsaveikot.fi\/index.php\/wp-json\/wp\/v2\/users\/1"}],"replies":[{"embeddable":true,"href":"https:\/\/www.vaasanmetsaveikot.fi\/index.php\/wp-json\/wp\/v2\/comments?post=23"}],"version-history":[{"count":18,"href":"https:\/\/www.vaasanmetsaveikot.fi\/index.php\/wp-json\/wp\/v2\/pages\/23\/revisions"}],"predecessor-version":[{"id":5735,"href":"https:\/\/www.vaasanmetsaveikot.fi\/index.php\/wp-json\/wp\/v2\/pages\/23\/revisions\/5735"}],"up":[{"embeddable":true,"href":"https:\/\/www.vaasanmetsaveikot.fi\/index.php\/wp-json\/wp\/v2\/pages\/6"}],"wp:attachment":[{"href":"https:\/\/www.vaasanmetsaveikot.fi\/index.php\/wp-json\/wp\/v2\/media?parent=23"}],"curies":[{"name":"wp","href":"https:\/\/api.w.org\/{rel}","templated":true}]}}