{"id":191,"date":"2015-10-28T08:20:49","date_gmt":"2015-10-28T06:20:49","guid":{"rendered":"http:\/\/www.vaasanmetsaveikot.fi\/?page_id=191"},"modified":"2025-03-31T22:32:53","modified_gmt":"2025-03-31T20:32:53","slug":"sudenpennut","status":"publish","type":"page","link":"https:\/\/www.vaasanmetsaveikot.fi\/index.php\/sudenpennut\/","title":{"rendered":"Sudenpennut"},"content":{"rendered":"\n<p>Sudenpennut ovat 7-9 vuotiaita poikia, jotka opettelevat partiotaitoja leikkien ja seikkailun avulla. Vaasan Mets\u00e4veikoissa nuorimpien sudenpentujen ryhm\u00e4 on 8v t\u00e4ytt\u00e4neille pojille eli peruskoulun toisen asteen vuosiluokkalaisille.<\/p>\n\n\n\n<p>Ryhm\u00e4\u00e4 kutsutaan laumaksi ja lauma pit\u00e4\u00e4 laumaillan kerran viikossa kololla.<\/p>\n\n\n\n<p><strong>Ajankohtaista:<\/strong> <\/p>\n\n\n\n<p><em>P\u00e4ivitetty 12.3.2025<\/em><\/p>\n\n\n\n<p>Sudenpennut ja seikkailijat tekev\u00e4t kev\u00e4tretken Panssarprikaatriin 5.-6.4.2025. <a href=\"http:\/\/kuksaan.fi\/80050\">Ilmoittautuminen Kuksassa<\/a>, Hinta 60\u20ac Lis\u00e4tietoa ryhmien johtajilta. Tiedote retkest\u00e4 jaettu ryhmiin.<\/p>\n\n\n\n<p><\/p>\n\n\n\n<p><\/p>\n\n\n\n<p>Uusien sudenpentujen eli peruskoulun toisen vuosiluokan poikien (8v)  SAUKKO lauma aloittaa 22.8.2024 klo 18:00 ja kokoukset jatkuvat torstaisin samaan aikaan.<br>Johtajina toimivat Jussi Bj\u00f6rninen, Taavi Uotila ja Mikael Puska<\/p>\n\n\n\n<p>Jatkavien sudenpentujen eli peruskoulun kolmannen vuosiluokan poikien (9v) KETTU lauma aloittaa 21.8.2024 klo 18:00 ja kokoukset jatkuvat keskiviikkoisin samaan aikaan.<br>Johtajina toimivat Miikka Rautavirta, Olli Alanko ja Aamos Aho.<\/p>\n\n\n\n<p>TAPAHTUMIA :<br><\/p>\n\n\n\n<p>23.4.2025  Vaasalaisten yhteinen YRJ\u00d6NP\u00c4IV\u00c4JUHLA Lyskalla <\/p>\n\n\n\n<p>5.-6.4.2025   Parolan retki.  Lis\u00e4tiedot koteihin jaettu<\/p>\n\n\n\n<p> <br>SUPE majaretki tulossa 1.-2.2.2025. Infoa tulossa koteihin<br>5.2.2025 Runebergin kutsut kolossa 1730-1900. Osallistuu VMV ja VPT sudenpennut .<\/p>\n\n\n\n<p><\/p>\n\n\n\n<p><\/p>\n\n\n\n<p><\/p>\n\n\n\n<p>S\u00e4hk\u00f6postia sudenpentuasioissa voi l\u00e4hett\u00e4\u00e4 osoitteeseen: supeos@vaasanmetsaveikot.fi<\/p>\n\n\n\n<p>Vanhemmat voivat liitty\u00e4 my\u00f6s supevanhemmat facebook sivulle miss\u00e4 kerrotaan sudenpentujen toiminnasta lis\u00e4\u00e4<\/p>\n\n\n\n<p><strong>Osastoa johtaa:<\/strong> Taavi Uotila<\/p>\n\n\n\n<p>J\u00e4rjest\u00e4mme syksyll\u00e4 p\u00e4iv\u00e4retken l\u00e4himaastoon ja my\u00f6hemmin y\u00f6retken majalle. Kev\u00e4\u00e4ll\u00e4 on perinteinen Inkeli-talvileiri, jolle olemme my\u00f6s osallistuneet. Kev\u00e4\u00e4ll\u00e4 on my\u00f6s partio-taitokilpailut, joissa mitataan leikkimielisesti vuoden aikana opitut asiat.<\/p>\n\n\n\n<p><\/p>\n\n\n\n<p>Sudenpentu asioista postia voi l\u00e4hett\u00e4\u00e4 s\u00e4hk\u00f6postitse:&nbsp;<u><a href=\"mailto:supeos@vaasanmetsaveikot.fi\">supeos@vaasanmetsaveikot.fi<\/a><\/u><\/p>\n\n\n\n<p><strong>Sudenpentulupaus<\/strong><\/p>\n\n\n\n<p>Lupaan parhaani mukaan el\u00e4\u00e4 maani ja maailman parhaaksi,<\/p>\n\n\n\n<p>kasvaa katsomuksessani ja toteuttaa ik\u00e4kauden ihanteita joka p\u00e4iv\u00e4.<\/p>\n\n\n\n<p><strong>Puku- ja merkkiohjeet sudenpennuille<\/strong><\/p>\n\n\n\n<p>Ohjeet on n\u00e4ht\u00e4viss\u00e4 Suomen Partiolaisten sivulla<\/p>\n\n\n\n<p><a href=\"http:\/\/toiminta.partio.fi\/partio-ohjelma\/puku-ja-merkkiohje\/sudenpennut\">http:\/\/toiminta.partio.fi\/partio-ohjelma\/puku-ja-merkkiohje\/sudenpennut<\/a><\/p>\n\n\n\n<p>Sivulta napattu havainnollistava kuva:<\/p>\n\n\n\n<div class=\"wp-block-columns is-layout-flex wp-container-core-columns-is-layout-9d6595d7 wp-block-columns-is-layout-flex\">\n<div class=\"wp-block-column is-layout-flow wp-block-column-is-layout-flow\">\n<figure class=\"wp-block-image is-resized\"><img loading=\"lazy\" decoding=\"async\" width=\"370\" height=\"432\" src=\"https:\/\/www.vaasanmetsaveikot.fi\/site\/wp-content\/uploads\/2015\/10\/supepaita.jpeg\" alt=\"supepaita\" class=\"wp-image-262\" style=\"width:392px;height:auto\" srcset=\"https:\/\/www.vaasanmetsaveikot.fi\/site\/wp-content\/uploads\/2015\/10\/supepaita.jpeg 370w, https:\/\/www.vaasanmetsaveikot.fi\/site\/wp-content\/uploads\/2015\/10\/supepaita-257x300.jpeg 257w\" sizes=\"auto, (max-width: 370px) 100vw, 370px\" \/><\/figure>\n<\/div>\n\n\n\n<div class=\"wp-block-column is-layout-flow wp-block-column-is-layout-flow\">\n<figure class=\"wp-block-image is-resized\"><a href=\"https:\/\/www.vaasanmetsaveikot.fi\/site\/wp-content\/uploads\/2015\/10\/supepaita.jpeg\"><img decoding=\"async\" src=\"https:\/\/www.vaasanmetsaveikot.fi\/site\/wp-content\/uploads\/2022\/09\/Sudenpennut-rakentavat-pelia-ja-maalaavat-taidetta-17-150x150.jpg\" alt=\"\" style=\"width:289px;height:auto\"\/><\/a><\/figure>\n<\/div>\n<\/div>\n\n\n\n<div class=\"wp-block-group\"><div class=\"wp-block-group__inner-container is-layout-constrained wp-block-group-is-layout-constrained\"><\/div><\/div>\n","protected":false},"excerpt":{"rendered":"<p>Sudenpennut ovat 7-9 vuotiaita poikia, jotka opettelevat partiotaitoja leikkien ja seikkailun avulla. Vaasan Mets\u00e4veikoissa nuorimpien sudenpentujen ryhm\u00e4 on 8v t\u00e4ytt\u00e4neille pojille eli peruskoulun toisen asteen <a class=\"read-more\" href=\"https:\/\/www.vaasanmetsaveikot.fi\/index.php\/sudenpennut\/\"> (Continue Reading)<\/a><\/p>\n","protected":false},"author":1,"featured_media":5226,"parent":0,"menu_order":0,"comment_status":"closed","ping_status":"closed","template":"","meta":{"footnotes":""},"class_list":["post-191","page","type-page","status-publish","has-post-thumbnail","hentry"],"_links":{"self":[{"href":"https:\/\/www.vaasanmetsaveikot.fi\/index.php\/wp-json\/wp\/v2\/pages\/191","targetHints":{"allow":["GET"]}}],"collection":[{"href":"https:\/\/www.vaasanmetsaveikot.fi\/index.php\/wp-json\/wp\/v2\/pages"}],"about":[{"href":"https:\/\/www.vaasanmetsaveikot.fi\/index.php\/wp-json\/wp\/v2\/types\/page"}],"author":[{"embeddable":true,"href":"https:\/\/www.vaasanmetsaveikot.fi\/index.php\/wp-json\/wp\/v2\/users\/1"}],"replies":[{"embeddable":true,"href":"https:\/\/www.vaasanmetsaveikot.fi\/index.php\/wp-json\/wp\/v2\/comments?post=191"}],"version-history":[{"count":80,"href":"https:\/\/www.vaasanmetsaveikot.fi\/index.php\/wp-json\/wp\/v2\/pages\/191\/revisions"}],"predecessor-version":[{"id":5740,"href":"https:\/\/www.vaasanmetsaveikot.fi\/index.php\/wp-json\/wp\/v2\/pages\/191\/revisions\/5740"}],"wp:featuredmedia":[{"embeddable":true,"href":"https:\/\/www.vaasanmetsaveikot.fi\/index.php\/wp-json\/wp\/v2\/media\/5226"}],"wp:attachment":[{"href":"https:\/\/www.vaasanmetsaveikot.fi\/index.php\/wp-json\/wp\/v2\/media?parent=191"}],"curies":[{"name":"wp","href":"https:\/\/api.w.org\/{rel}","templated":true}]}}