{"id":179,"date":"2015-10-27T14:07:17","date_gmt":"2015-10-27T12:07:17","guid":{"rendered":"http:\/\/www.vaasanmetsaveikot.fi\/?page_id=179"},"modified":"2026-02-18T18:39:57","modified_gmt":"2026-02-18T16:39:57","slug":"vartiolaiset-pp-osasto","status":"publish","type":"page","link":"https:\/\/www.vaasanmetsaveikot.fi\/index.php\/vartiolaiset-pp-osasto\/","title":{"rendered":"Vartiolaiset &#8211; PP-OSASTO"},"content":{"rendered":"<p>* * * * * * * * * * * * * * * * * * * * * * * * * * * * * * * * * * * * * * * * * * * * * *<\/p>\n<p>Vartiolaiset ovat n. 11-17 vuotiaita poikia, jotka toimivat 6-10 hengen vartioissa. He opettelevat partiotaitoja viikottaisissa kokouksissa ja\u00a0retkeilem\u00e4ll\u00e4.<\/p>\n<p>Vaasan Mets\u00e4veikoissa vartiolaisiin kuuluvat tarpojat, samoajat ja toisen vuoden seikkailijat.<\/p>\n<p>Samoajille j\u00e4rjestet\u00e4\u00e4n lis\u00e4ksi omaa samoaja ohjelmaa, josta l\u00f6yd\u00e4t lis\u00e4tietoa <strong><a href=\"https:\/\/www.vaasanmetsaveikot.fi\/index.php\/samoajat\/\">SAMOAJAT<\/a><\/strong>-sivuilta<\/p>\n<p><strong>Partiopoikaosaston johtaja 2024-2025:<\/strong> Antti Rajala & Viljam \"Nappo\" M\u00e4enp\u00e4\u00e4 <a href=\"mailto:ppos@vaasanmetsaveikot.fi\">ppos@vaasanmetsaveikot.fi<\/a><\/p>\n<p style=\"text-align: center;\"><a href=\"https:\/\/docs.google.com\/spreadsheets\/d\/1x4exGgd0noiYVLlGZ_HWswGmOs6rta2vm-5pWysCb2k\/edit?usp=drive_link\">MAJA_VUOROT_KEV\u00c4T_2026<\/a><\/p>\n<p style=\"text-align: center;\"><a href=\"https:\/\/docs.google.com\/spreadsheets\/d\/1XPKv1QbaTrB3Lf647i47ED2U3YOWw-w49j7JTpScnTU\/edit?usp=drive_link\">LAAVU_VUOROT_KEV\u00c4T_2026<\/a><\/p>\n<p style=\"text-align: center;\"><a href=\"https:\/\/www.vaasanmetsaveikot.fi\/site\/wp-content\/uploads\/2021\/09\/PPOS-pysyvaismaarays-no-1.-SIIVOUS-2021.pdf\">PPOS-pysyv\u00e4ism\u00e4\u00e4r\u00e4ys-no-1.-SIIVOUS 2021<\/a><\/p>\n<p><strong>PARTIOPOIKA OSASTON VARTIOT:<\/strong><\/p>\n<p><strong>Aktiiviset Vartiot:<\/strong><\/p>\n<p><a href=\"https:\/\/www.vaasanmetsaveikot.fi\/index.php\/ilves-vartio\/\">Ilves\u00a0 \/\u00a0 <\/a><a href=\"https:\/\/www.vaasanmetsaveikot.fi\/index.php\/kettu-vartio\/\">Kettu<\/a><\/p>\n<p><a href=\"https:\/\/www.vaasanmetsaveikot.fi\/index.php\/hh-vartio\/\">Hiiden-Hirvi<\/a><\/p>\n<p><a href=\"https:\/\/www.vaasanmetsaveikot.fi\/index.php\/majava-vartio\/\">Majava<\/a><\/p>\n<p><a href=\"https:\/\/www.vaasanmetsaveikot.fi\/index.php\/susi-vartio\/\">Susi<\/a><\/p>\n<p><strong>Vartiot, jotka eiv\u00e4t ole toiminnassa:<\/strong><\/p>\n<p><a href=\"https:\/\/www.vaasanmetsaveikot.fi\/index.php\/ahma-vartio\/\">Ahma<\/a><\/p>\n<p><a href=\"https:\/\/www.vaasanmetsaveikot.fi\/index.php\/karhu-vartio\/\">Karhu\u00a0<\/a><\/p>\n<p><a href=\"https:\/\/www.vaasanmetsaveikot.fi\/index.php\/orava-vartio\/\">Orava<\/a><\/p>\n<p><a href=\"https:\/\/www.vaasanmetsaveikot.fi\/index.php\/karppa-vartio\/\">K\u00e4rpp\u00e4<\/a><\/p>\n<hr \/>\n<p><strong>Ajankohtaista:<\/strong><\/p>\n<p><strong>VJN-kokoukset: Kuukauden ensimm\u00e4isen\u00e4 maanantaina klo 19. PPOSJ ilmoittaa poikkeavista ajoista<\/strong><\/p>\n<hr \/>\n<p><strong>AVUSTUKSET <\/strong><\/p>\n<p>Tuen alaisuudessa toimii mm. K\u00f6ks\u00e4n rahasto, josta 14-24v. vuotiaat Mets\u00e4veikot voivat hakea avustusta erityisesti ulkomaille suuntautuviin partiomatkoihin.<\/p>\n<p>Tukea poikien peruspartiotoimintaan my\u00f6nt\u00e4\u00e4 Tuen hallitus. Ota yhteytt\u00e4 tuen puheenjohtajaan Jaakko Perttu tai lippukunnanjohtajaan Joonas Puska vmv@vaasanmetsaveikot.fi<\/p>\n<hr \/>\n<p class=\"Alaotsikko\"><strong>Vartiolaisten puku- ja merkkiohje<\/strong><\/p>\n<p>Talvisissa olosuhteissa juhlatilaisuuksissa (esim 6.12.)\u00a0 partiopaidan alle laitetaan l\u00e4mmin kerrasto ja jalkaan vedet\u00e4\u00e4n tummat suorat housut ja mustat keng\u00e4t.<\/p>\n<p><a href=\"https:\/\/www.vaasanmetsaveikot.fi\/site\/wp-content\/uploads\/2015\/10\/ppos_puku.png\"><img loading=\"lazy\" decoding=\"async\" class=\"alignnone wp-image-274\" src=\"https:\/\/www.vaasanmetsaveikot.fi\/site\/wp-content\/uploads\/2015\/10\/ppos_puku.png\" alt=\"ppos_puku\" width=\"533\" height=\"641\" srcset=\"https:\/\/www.vaasanmetsaveikot.fi\/site\/wp-content\/uploads\/2015\/10\/ppos_puku.png 647w, https:\/\/www.vaasanmetsaveikot.fi\/site\/wp-content\/uploads\/2015\/10\/ppos_puku-250x300.png 250w\" sizes=\"auto, (max-width: 533px) 100vw, 533px\" \/><\/a><a href=\"https:\/\/www.vaasanmetsaveikot.fi\/site\/wp-content\/uploads\/2015\/10\/uusi-hiha-e1489943239585.jpg\"><img loading=\"lazy\" decoding=\"async\" class=\"alignnone size-medium wp-image-1042\" src=\"https:\/\/www.vaasanmetsaveikot.fi\/site\/wp-content\/uploads\/2015\/10\/uusi-hiha-e1489943239585-169x300.jpg\" alt=\"\" width=\"169\" height=\"300\" srcset=\"https:\/\/www.vaasanmetsaveikot.fi\/site\/wp-content\/uploads\/2015\/10\/uusi-hiha-e1489943239585-169x300.jpg 169w, https:\/\/www.vaasanmetsaveikot.fi\/site\/wp-content\/uploads\/2015\/10\/uusi-hiha-e1489943239585-768x1367.jpg 768w, https:\/\/www.vaasanmetsaveikot.fi\/site\/wp-content\/uploads\/2015\/10\/uusi-hiha-e1489943239585-575x1024.jpg 575w, https:\/\/www.vaasanmetsaveikot.fi\/site\/wp-content\/uploads\/2015\/10\/uusi-hiha-e1489943239585.jpg 1456w\" sizes=\"auto, (max-width: 169px) 100vw, 169px\" \/><\/a><\/p>\n<p>Mets\u00e4veikkomerkki vasempaan hihaan.<\/p>\n","protected":false},"excerpt":{"rendered":"<p>* * * * * * * * * * * * * * * * * * * * * * * * * <a class=\"read-more\" href=\"https:\/\/www.vaasanmetsaveikot.fi\/index.php\/vartiolaiset-pp-osasto\/\"> (Continue Reading)<\/a><\/p>\n","protected":false},"author":1,"featured_media":0,"parent":0,"menu_order":0,"comment_status":"closed","ping_status":"closed","template":"","meta":{"footnotes":""},"class_list":["post-179","page","type-page","status-publish","hentry"],"_links":{"self":[{"href":"https:\/\/www.vaasanmetsaveikot.fi\/index.php\/wp-json\/wp\/v2\/pages\/179","targetHints":{"allow":["GET"]}}],"collection":[{"href":"https:\/\/www.vaasanmetsaveikot.fi\/index.php\/wp-json\/wp\/v2\/pages"}],"about":[{"href":"https:\/\/www.vaasanmetsaveikot.fi\/index.php\/wp-json\/wp\/v2\/types\/page"}],"author":[{"embeddable":true,"href":"https:\/\/www.vaasanmetsaveikot.fi\/index.php\/wp-json\/wp\/v2\/users\/1"}],"replies":[{"embeddable":true,"href":"https:\/\/www.vaasanmetsaveikot.fi\/index.php\/wp-json\/wp\/v2\/comments?post=179"}],"version-history":[{"count":147,"href":"https:\/\/www.vaasanmetsaveikot.fi\/index.php\/wp-json\/wp\/v2\/pages\/179\/revisions"}],"predecessor-version":[{"id":5848,"href":"https:\/\/www.vaasanmetsaveikot.fi\/index.php\/wp-json\/wp\/v2\/pages\/179\/revisions\/5848"}],"wp:attachment":[{"href":"https:\/\/www.vaasanmetsaveikot.fi\/index.php\/wp-json\/wp\/v2\/media?parent=179"}],"curies":[{"name":"wp","href":"https:\/\/api.w.org\/{rel}","templated":true}]}}