{"id":172,"date":"2015-10-27T13:46:29","date_gmt":"2015-10-27T11:46:29","guid":{"rendered":"http:\/\/www.vaasanmetsaveikot.fi\/?page_id=172"},"modified":"2026-03-16T23:25:54","modified_gmt":"2026-03-16T21:25:54","slug":"vaasan-metsaveikkojen-tuki-ry","status":"publish","type":"page","link":"https:\/\/www.vaasanmetsaveikot.fi\/index.php\/vaasan-metsaveikkojen-tuki-ry\/","title":{"rendered":"Vaasan Mets\u00e4veikkojen Tuki ry"},"content":{"rendered":"<p>Vaasan Mets\u00e4veikkojen Tuki ry on perustettu 1959. Tuki tukee lippukunnan toimintaa sek\u00e4 henkisesti, ett\u00e4 aineellisesti. Tuen j\u00e4senist\u00f6 koostuu lippukunnan entisist\u00e4 j\u00e4senist\u00e4 sek\u00e4 poikien vanhemmista.\u00a0 Maksaneiden j\u00e4senien m\u00e4\u00e4r\u00e4 on n. 200. Valtaosa j\u00e4senist\u00e4 on entisi\u00e4 mets\u00e4veikkoja, jotka asuvat muualla kuin Vaasassa. Varoja toimintaansa Tuki saa mm. j\u00e4senmaksuista ja lahjoituksista.<\/p>\n<p>J\u00e4senen\u00e4 saat nelj\u00e4 kertaa vuodessa ilmestyv\u00e4n Mets\u00e4veikko-sanomat. Tuen j\u00e4senyys on hyv\u00e4 tapa pit\u00e4\u00e4 yhteytt\u00e4 vanhaan lippukuntaansa. Ainaisj\u00e4seneksi voi my\u00f6s liitty\u00e4.<\/p>\n<h3>AJANKOHTAISTA:<\/h3>\n<pre><strong>VUOSIKOKOUS 2026 <\/strong><em><strong><br \/>Vuosikokous pidettiin 15.3.2026 paikassa Alskathemmet leirikeskus. Osallistujia oli 9 ja et\u00e4n\u00e4 3.<br \/>Johtokuntaan valittiin uudelle 2-vuotiskaudelle Miikka Rautavirta, Topi Louke ja Mikko Sillander.<br \/>J\u00e4senmaksu 2026 p\u00e4\u00e4tettiin pit\u00e4\u00e4 ennallan eli 35,00\u20ac, Opiskelijaj\u00e4sen 15,00 ja ainaisj\u00e4sen 400,00\u20ac <br \/>Vuonna 2026 kehitet\u00e4\u00e4n Inkelinmaata pohjoisranta loppuun ja veneen hankinta on suunnitelmassa. <\/strong><\/em><\/pre>\n<pre><em><strong>Brunnenin ennallistamista edistet\u00e4\u00e4n mahdollisuuksien mukaan yhdess\u00e4 muiden toimijoiden kanssa.<br \/><\/strong><\/em><\/pre>\n<p>&nbsp;<\/p>\n<pre><em><strong> <br \/><br \/>Vuosikokous pidettiin ma 31.3.2025. Osallistujia oli 10 ja 1 et\u00e4n\u00e4.<br \/>Johtokuntaan valittiin uudelle 2-vuotiskaudelle Jaakko Perttu, Teemu Malinen ja Jussi Bj\u00f6rninen.<br \/>J\u00e4senmaksu 2025 p\u00e4\u00e4tettiin 35,00\u20ac, Opiskelijaj\u00e4sen 15,00 ja ainaisj\u00e4sen 400,00\u20ac <br \/>Vuonna 2025 kehitet\u00e4\u00e4n Inkelinmaata pohjoisrannan Inkeha2 hankkeella. Venevaja ja veneen uudistus on suunnitelmassa.<\/strong><\/em><\/pre>\n<p>&nbsp;<\/p>\n<p><strong>INKEHA II<\/strong><\/p>\n<p>Tuki jatkaa Inkelinmaan kehitt\u00e4mist\u00e4 lippukunnan kanssa.\u00a0 Pohjoissataman rakentaminen on hankkeen p\u00e4\u00e4kohde\u00a0 mahdollistaen majan huollon ja vesille p\u00e4\u00e4syn pitk\u00e4lle tulevaisuuteen. Venevaja ja vene kuuluu hankkeeseen.<\/p>\n<p><span style=\"text-decoration: underline;\"><strong> J\u00c4SENMAKSUN MAKSAMINEN<\/strong> <\/span><\/p>\n<p>Kotiin tulleella kirjeell\u00e4, jossa on oma viitenumero jokaiselle j\u00e4senelle. J\u00e4senmaksutili FI32 2447 1800 1269 76, Jos olet hukannut viitenumeron, voit laittaa viitteeksi 9991. T\u00e4ll\u00f6in maksajaksi katsotaan laskun maksanut nimi. <br \/>J\u00e4senmaksu 2026 on 35 euroa ja opiskelijalle 15 euroa.\u00a0 Ainaisj\u00e4senyys 400 euron kertamaksu.<\/p>\n<p><span style=\"text-decoration: underline;\"><strong>OMIEN J\u00c4SENTIETOJESI P\u00c4IVITYS<\/strong><\/span><\/p>\n<p>Voit nyt p\u00e4ivitt\u00e4\u00e4 nettilomakkeella omat j\u00e4sentietosi Tuki ry:n j\u00e4senrekisteriin. Voit ilmoittaa samalla lomakkeella muuttuneet osoitetietosi sek\u00e4 halutessasi my\u00f6s puhelinnumerosi ja s\u00e4hk\u00f6postiosoitteesi. K\u00e4yt\u00e4mme j\u00e4senrekisteri\u00e4 j\u00e4senkirjeiden ja Mets\u00e4veikko-sanomien postittamiseen. Puhelinnumeroa ja s\u00e4hk\u00f6postia k\u00e4yt\u00e4mme vain j\u00e4sentietojen p\u00e4ivitt\u00e4mist\u00e4 varten, jos esim. MV-sanomat eiv\u00e4t l\u00f6yd\u00e4k\u00e4\u00e4n perille.\u00a0<\/p>\n<p>Lomake l\u00f6ytyy osoitteesta: <a href=\"http:\/\/bit.ly\/tuenkysely\">http:\/\/bit.ly\/tuenkysely<\/a><\/p>\n<p><a href=\"https:\/\/www.vaasanmetsaveikot.fi\/site\/wp-content\/uploads\/2023\/05\/qr_tuki.png\"><img loading=\"lazy\" decoding=\"async\" class=\"alignnone size-full wp-image-5405\" src=\"https:\/\/www.vaasanmetsaveikot.fi\/site\/wp-content\/uploads\/2023\/05\/qr_tuki.png\" alt=\"\" width=\"200\" height=\"200\" srcset=\"https:\/\/www.vaasanmetsaveikot.fi\/site\/wp-content\/uploads\/2023\/05\/qr_tuki.png 200w, https:\/\/www.vaasanmetsaveikot.fi\/site\/wp-content\/uploads\/2023\/05\/qr_tuki-150x150.png 150w\" sizes=\"auto, (max-width: 200px) 100vw, 200px\" \/><\/a><\/p>\n<p><strong><u>JOHTOKUNTA 2025 &#8211; 2026<\/u><\/strong><\/p>\n<p><strong>Puheenjohtaja<\/strong><br \/><strong>Jaakko Perttu puh 050-4107948<\/strong><\/p>\n<p><strong>J\u00e4senrekisteri<\/strong><br \/><strong>Jussi Bj\u00f6rninen<br \/><\/strong>jussi.bjorninen@gmail.com<\/p>\n<p><strong>Taloudenhoitaja<br \/>Mikko Sillander<\/strong><\/p>\n<p><strong>Topi Louke <\/strong><\/p>\n<p><strong>Teemu Malinen<\/strong><\/p>\n<p><strong>Miikka Rautavirta<\/strong>\u00a00500-161669<br \/>miikka.rautavirta@partio.fi<\/p>\n<p><strong>Lippukunnanjohtaja<br \/>Joonas Puska<\/strong><strong><br \/><\/strong>lpkj@vaasanmetsaveikot.fi<\/p>\n<p><u> <strong>TOIMINTA<\/strong> <\/u><\/p>\n<p>Tuki j\u00e4rjest\u00e4\u00e4 ep\u00e4s\u00e4\u00e4nn\u00f6llisesti Partiomieskilta ja Konsulaatti -toimintaa j\u00e4senilleen osin yhdess\u00e4 lippukunnan kanssa. <a href=\"https:\/\/www.vaasanmetsaveikot.fi\/index.php\/partiomieskilta\/\">Partiomieskiltatoiminta<\/a> tarvii aktiivisia uusia toimijoita!<\/p>\n<p>Vaasan ulkopuolella lippukunnan aktiivitoiminnasta poisj\u00e4\u00e4neet voivat liitt\u00e4\u00e4 yhteystiedot\u00a0 <a href=\"https:\/\/www.vaasanmetsaveikot.fi\/index.php\/konsulaatit\/\">Konsulaatteihin<\/a>, ja pysy\u00e4 yhteyksiss\u00e4 alueen muiden Mets\u00e4veikkojen kanssa.\u00a0<\/p>\n<p><u> <strong>LIITTYMINEN TUKEEN<\/strong> <\/u><\/p>\n<p>Lis\u00e4tietoja tuen j\u00e4senyydest\u00e4 saat tuen puheenjohtajlta tai j\u00e4senrekisterinhoitajalta.<\/p>\n<p><a href=\"https:\/\/www.vaasanmetsaveikot.fi\/site\/wp-content\/uploads\/2015\/10\/tuen_saannot.pdf\">Vaasan Mets\u00e4veikkojen tuki ry:n s\u00e4\u00e4nn\u00f6t PDF<\/a><\/p>\n<p><u> <strong>AVUSTUKSET<\/strong> <\/u><\/p>\n<p>Tuen alaisuudessa toimii mm. <strong>K\u00f6ks\u00e4n rahasto<\/strong>, josta 14-24v. vuotiaat Mets\u00e4veikot voivat hakea avustusta erityisesti ulkomaille suuntautuviin partiomatkoihin.<\/p>\n<p>Tukea v\u00e4h\u00e4varaisten poikien peruspartiotoimintaan my\u00f6nt\u00e4\u00e4 Tuen johtokunta. Ole yhteydess\u00e4, joko tuen puheenjohtajaan\u00a0 tai lippukunnanjohtajaan.<\/p>\n<p>&nbsp;<\/p>\n\n\n<p><\/p>\n","protected":false},"excerpt":{"rendered":"<p>Vaasan Mets\u00e4veikkojen Tuki ry on perustettu 1959. Tuki tukee lippukunnan toimintaa sek\u00e4 henkisesti, ett\u00e4 aineellisesti. Tuen j\u00e4senist\u00f6 koostuu lippukunnan entisist\u00e4 j\u00e4senist\u00e4 sek\u00e4 poikien vanhemmista.\u00a0 Maksaneiden <a class=\"read-more\" href=\"https:\/\/www.vaasanmetsaveikot.fi\/index.php\/vaasan-metsaveikkojen-tuki-ry\/\"> (Continue Reading)<\/a><\/p>\n","protected":false},"author":1,"featured_media":0,"parent":0,"menu_order":0,"comment_status":"closed","ping_status":"closed","template":"","meta":{"footnotes":""},"class_list":["post-172","page","type-page","status-publish","hentry"],"_links":{"self":[{"href":"https:\/\/www.vaasanmetsaveikot.fi\/index.php\/wp-json\/wp\/v2\/pages\/172","targetHints":{"allow":["GET"]}}],"collection":[{"href":"https:\/\/www.vaasanmetsaveikot.fi\/index.php\/wp-json\/wp\/v2\/pages"}],"about":[{"href":"https:\/\/www.vaasanmetsaveikot.fi\/index.php\/wp-json\/wp\/v2\/types\/page"}],"author":[{"embeddable":true,"href":"https:\/\/www.vaasanmetsaveikot.fi\/index.php\/wp-json\/wp\/v2\/users\/1"}],"replies":[{"embeddable":true,"href":"https:\/\/www.vaasanmetsaveikot.fi\/index.php\/wp-json\/wp\/v2\/comments?post=172"}],"version-history":[{"count":36,"href":"https:\/\/www.vaasanmetsaveikot.fi\/index.php\/wp-json\/wp\/v2\/pages\/172\/revisions"}],"predecessor-version":[{"id":5862,"href":"https:\/\/www.vaasanmetsaveikot.fi\/index.php\/wp-json\/wp\/v2\/pages\/172\/revisions\/5862"}],"wp:attachment":[{"href":"https:\/\/www.vaasanmetsaveikot.fi\/index.php\/wp-json\/wp\/v2\/media?parent=172"}],"curies":[{"name":"wp","href":"https:\/\/api.w.org\/{rel}","templated":true}]}}