{"id":1687,"date":"2018-02-26T20:36:48","date_gmt":"2018-02-26T18:36:48","guid":{"rendered":"http:\/\/www.vaasanmetsaveikot.fi\/?page_id=1687"},"modified":"2019-01-10T18:34:20","modified_gmt":"2019-01-10T16:34:20","slug":"jamboree-2019","status":"publish","type":"page","link":"https:\/\/www.vaasanmetsaveikot.fi\/index.php\/jamboree-2019\/","title":{"rendered":"Jamboree 2019"},"content":{"rendered":"<h2>Jamboree uutisia.<\/h2>\n<p><strong>10.1.2019\u00a0 TUKIasiaa<\/strong><\/p>\n<p>10.1.2019 Ohje JAMBOREE tuen hakemisesta on postitettu ja s-postitettu .<\/p>\n<p>&nbsp;<\/p>\n<p><strong>Ennakkotapaaminen I , 19.-21.10.2019<\/strong><\/p>\n<p>Leirilippukunta numero viisi, johon kaikki Mets\u00e4veikot kuuluvat, j\u00e4rjest\u00e4\u00e4 ensimm\u00e4isen ennakkotapaamisensa 19.-21.10 Vaasassa. Ennakkotapaaminen on osa jamboree kokemusta, jossa leirilippukunnan j\u00e4senet p\u00e4\u00e4sev\u00e4t tutustumaan toisiinsa ennen leiri\u00e4. Ilmoittautuminen tapahtumaan toimii kuksan kautta:\u00a0<a href=\"https:\/\/kuksa.partio.fi\/Kotisivut\/login.aspx?Id=22328\">https:\/\/kuksa.partio.fi\/Kotisivut\/login.aspx?Id=22328<\/a> . Tapahtuma kuuluu leirimaksun budjettiin, joten se on t\u00e4ysin ilmainen. Tarkempaa tietoa l\u00e4het\u00e4mme tapahtumakirjeess\u00e4 ilmoittautumisen j\u00e4lkeen.<\/p>\n<div style=\"width: 70%; padding: 0 0pt 0 0; float: left;\">\n<h2>Varainhankintaa<\/h2>\n<p>Jamboree-leirimatka on iso ja pitk\u00e4n aikav\u00e4lin projekti. Hintaa matkalla on 3000-4000 euroa per osallistuja. Matkan kulujen kattamiseksi teemme paljon erilaisia varainhankintaprojekteja. Aiemmille jamboree-matkoille varoja on ker\u00e4tty mm. muuttoavustuksilla, loppusiivouksilla ja puutarhat\u00f6ill\u00e4. Reippailta j\u00e4senilt\u00e4mme onnistuu kaikenlainen talkoohomma. Mik\u00e4li sinulla tai tutullasi olisi tarvetta apuk\u00e4sille esimerkiksi pihat\u00f6ihin, niin meilt\u00e4 kannattaa kysy\u00e4.<\/p>\n<p>VMV jamboree-projektijohtaja:<br \/>\n<b>Matti Ala-Hynnil\u00e4 0505705528 matti.alahy@gmail.com<\/b><\/p>\n<\/div>\n","protected":false},"excerpt":{"rendered":"<p>Jamboree uutisia. 10.1.2019\u00a0 TUKIasiaa 10.1.2019 Ohje JAMBOREE tuen hakemisesta on postitettu ja s-postitettu . &nbsp; Ennakkotapaaminen I , 19.-21.10.2019 Leirilippukunta numero viisi, johon kaikki Mets\u00e4veikot <a class=\"read-more\" href=\"https:\/\/www.vaasanmetsaveikot.fi\/index.php\/jamboree-2019\/\"> (Continue Reading)<\/a><\/p>\n","protected":false},"author":1,"featured_media":0,"parent":0,"menu_order":0,"comment_status":"closed","ping_status":"closed","template":"","meta":{"footnotes":""},"class_list":["post-1687","page","type-page","status-publish","hentry"],"_links":{"self":[{"href":"https:\/\/www.vaasanmetsaveikot.fi\/index.php\/wp-json\/wp\/v2\/pages\/1687","targetHints":{"allow":["GET"]}}],"collection":[{"href":"https:\/\/www.vaasanmetsaveikot.fi\/index.php\/wp-json\/wp\/v2\/pages"}],"about":[{"href":"https:\/\/www.vaasanmetsaveikot.fi\/index.php\/wp-json\/wp\/v2\/types\/page"}],"author":[{"embeddable":true,"href":"https:\/\/www.vaasanmetsaveikot.fi\/index.php\/wp-json\/wp\/v2\/users\/1"}],"replies":[{"embeddable":true,"href":"https:\/\/www.vaasanmetsaveikot.fi\/index.php\/wp-json\/wp\/v2\/comments?post=1687"}],"version-history":[{"count":11,"href":"https:\/\/www.vaasanmetsaveikot.fi\/index.php\/wp-json\/wp\/v2\/pages\/1687\/revisions"}],"predecessor-version":[{"id":2375,"href":"https:\/\/www.vaasanmetsaveikot.fi\/index.php\/wp-json\/wp\/v2\/pages\/1687\/revisions\/2375"}],"wp:attachment":[{"href":"https:\/\/www.vaasanmetsaveikot.fi\/index.php\/wp-json\/wp\/v2\/media?parent=1687"}],"curies":[{"name":"wp","href":"https:\/\/api.w.org\/{rel}","templated":true}]}}