{"id":145,"date":"2015-10-27T13:28:24","date_gmt":"2015-10-27T11:28:24","guid":{"rendered":"http:\/\/www.vaasanmetsaveikot.fi\/?page_id=145"},"modified":"2022-08-10T22:32:41","modified_gmt":"2022-08-10T20:32:41","slug":"pohjantuuli","status":"publish","type":"page","link":"https:\/\/www.vaasanmetsaveikot.fi\/index.php\/pohjantuuli\/","title":{"rendered":"Pohjantuuli"},"content":{"rendered":"<p style=\"text-align: left;\"><div class='content-column two_third'>Kev\u00e4\u00e4ll\u00e4 2003 lippukunnan meripartiotoiminta k\u00e4ynnistettiin todenteolla uudelleen hankkimalla lippukunnalle oma purjevene, joka nimettiin perinteit\u00e4 noudattaen Pohjantuuleksi. Hankittu alus on vuosimallia 1977 oleva Arteknon valmistama H-vene. Kyseess\u00e4 on H-veneiden ns. toisen sukupolven alus, joissa rakenne on laadukkaampi ja kevyempi, mutta samalla kest\u00e4v\u00e4mpi, kuin ensimm\u00e4isen polven H-veneiss\u00e4. Alus on todella hyv\u00e4kuntoinen. Tosin vanha vene kaipaa tietysti aina hoitoa ja kunnostusta, mutta varsin kohtuullisesti kuitenkin.<\/p>\n<p>Veneess\u00e4 on eritt\u00e4in laadukas perusvarustus. Majoitus on telttatasoa. Moottori on tehokkaampi 6 hevosvoiman Yamaha, jonka lippukunta hankki Vaasan Lionsien my\u00f6nt\u00e4m\u00e4n tuen avulla. Tuulisissa olosuhteissa moottoria harvoin tarvitaan, sill\u00e4 H-veneell\u00e4 on\u00a0 loistavat purjehdus-ominaisuudet ja kohtuullinen koko. Per\u00e4moottorissa on my\u00f6s latausmahdollisuus, eli akkuja saadaan ladattua my\u00f6s merell\u00e4.<\/p>\n<p style=\"text-align: left;\">Alus on ev\u00e4k\u00f6linen ja per\u00e4sin on tuettu skegill\u00e4. Makuupaikat l\u00f6ytyv\u00e4t nelj\u00e4lle. Tehokas purjehdusmiehist\u00f6 on 3 &#8211; 4 henke\u00e4, mutta mahdollisuus on isompaankin miehist\u00f6\u00f6n.<\/div><\/p>\n<p style=\"text-align: left;\"><div class='content-column one_third'><a href=\"https:\/\/www.vaasanmetsaveikot.fi\/site\/wp-content\/uploads\/2015\/10\/pohjantuuli1.jpg\"><img loading=\"lazy\" decoding=\"async\" class=\"wp-image-150 size-full alignnone\" src=\"https:\/\/www.vaasanmetsaveikot.fi\/site\/wp-content\/uploads\/2015\/10\/pohjantuuli1.jpg\" alt=\"pohjantuuli1\" width=\"266\" height=\"177\" \/><\/a><a href=\"https:\/\/www.vaasanmetsaveikot.fi\/site\/wp-content\/uploads\/2015\/10\/pohjantuuli2.jpg\"><img loading=\"lazy\" decoding=\"async\" class=\"wp-image-149 size-full alignnone\" src=\"https:\/\/www.vaasanmetsaveikot.fi\/site\/wp-content\/uploads\/2015\/10\/pohjantuuli2.jpg\" alt=\"pohjantuuli2\" width=\"266\" height=\"236\" \/><\/a><\/div><\/p>\n<p><strong>Faktat kootusti:<\/strong><\/p>\n<p>Nimi: Pohjantuuli<br \/>\nTyyppi: H-vene Artekno -77<br \/>\nPituus: 8,28 m<br \/>\nLeveys: 2,18 m<br \/>\nSyv\u00e4ys: 1,30 m<br \/>\nMinimipaino: 1450 kg<br \/>\nMoottori: YAMAHA F6 CMHL-C<br \/>\nPurjeet: Isopurje, fokka, spinaakkeri<br \/>\nAlumiini masto ja puomi<br \/>\nKiinnitys ja ankkurointi varustus<br \/>\nGarmin 128 GPS<br \/>\nValonheitin<br \/>\nPaukkuliivit miehist\u00f6lle<br \/>\nSek\u00e4 muuta &#8221;tilpeh\u00f6\u00f6ri\u00e4&#8221;<\/p>\n<p>Lis\u00e4tietoja H-veneist\u00e4 voi lukea <a title=\"\" href=\"http:\/\/www.h-vene.fi\/\" target=\"_self\" rel=\"noopener\">Suomen H-veneliiton sivuilta.<\/a><\/p>\n","protected":false},"excerpt":{"rendered":"<p>Faktat kootusti: Nimi: Pohjantuuli Tyyppi: H-vene Artekno -77 Pituus: 8,28 m Leveys: 2,18 m Syv\u00e4ys: 1,30 m Minimipaino: 1450 kg Moottori: YAMAHA F6 CMHL-C Purjeet: <a class=\"read-more\" href=\"https:\/\/www.vaasanmetsaveikot.fi\/index.php\/pohjantuuli\/\"> (Continue Reading)<\/a><\/p>\n","protected":false},"author":1,"featured_media":0,"parent":0,"menu_order":0,"comment_status":"closed","ping_status":"closed","template":"","meta":{"footnotes":""},"class_list":["post-145","page","type-page","status-publish","hentry"],"_links":{"self":[{"href":"https:\/\/www.vaasanmetsaveikot.fi\/index.php\/wp-json\/wp\/v2\/pages\/145","targetHints":{"allow":["GET"]}}],"collection":[{"href":"https:\/\/www.vaasanmetsaveikot.fi\/index.php\/wp-json\/wp\/v2\/pages"}],"about":[{"href":"https:\/\/www.vaasanmetsaveikot.fi\/index.php\/wp-json\/wp\/v2\/types\/page"}],"author":[{"embeddable":true,"href":"https:\/\/www.vaasanmetsaveikot.fi\/index.php\/wp-json\/wp\/v2\/users\/1"}],"replies":[{"embeddable":true,"href":"https:\/\/www.vaasanmetsaveikot.fi\/index.php\/wp-json\/wp\/v2\/comments?post=145"}],"version-history":[{"count":14,"href":"https:\/\/www.vaasanmetsaveikot.fi\/index.php\/wp-json\/wp\/v2\/pages\/145\/revisions"}],"predecessor-version":[{"id":5202,"href":"https:\/\/www.vaasanmetsaveikot.fi\/index.php\/wp-json\/wp\/v2\/pages\/145\/revisions\/5202"}],"wp:attachment":[{"href":"https:\/\/www.vaasanmetsaveikot.fi\/index.php\/wp-json\/wp\/v2\/media?parent=145"}],"curies":[{"name":"wp","href":"https:\/\/api.w.org\/{rel}","templated":true}]}}