{"id":1073,"date":"2017-05-15T11:55:11","date_gmt":"2017-05-15T09:55:11","guid":{"rendered":"http:\/\/www.vaasanmetsaveikot.fi\/?page_id=1073"},"modified":"2017-05-22T08:15:13","modified_gmt":"2017-05-22T06:15:13","slug":"riihitykset-ja-toimintakauden-paattajaiset","status":"publish","type":"page","link":"https:\/\/www.vaasanmetsaveikot.fi\/index.php\/riihitykset-ja-toimintakauden-paattajaiset\/","title":{"rendered":"Riihitykset ja toimintakauden p\u00e4\u00e4tt\u00e4j\u00e4iset"},"content":{"rendered":"<p><strong>Kosk\u00f6 24.-25.5.2017<\/strong><\/p>\n<p><strong>Riihitykset<\/strong>, tuo toimintakauden lopun multihuipentuma, jossa jaetaan niin toimintakisan palkintoja kuin my\u00f6s ikuista kunniaa. Tule siis n\u00e4ytt\u00e4m\u00e4\u00e4n ettei kuluneen vuoden kokouksissa istuminen ole ollut hukkaan heitetty\u00e4 aikaa. P\u00e4\u00e4set siis n\u00e4ytt\u00e4m\u00e4\u00e4n timanttiset taitosi, mutta ei h\u00e4t\u00e4\u00e4 jos et jotain osaa, me opetamme sen. Riihitykset ovat yksip\u00e4iv\u00e4iset lukuun ottamatta 1. luokan riihitt\u00e4ji\u00e4.<\/p>\n<p><strong>Toimintakisa<\/strong><br \/>\nMy\u00f6s kaikki toimintakisan vartiolaisten sarjassa yli 750 pistett\u00e4 saavuttaneet p\u00e4\u00e4sev\u00e4t nauttimaan palkintop\u00f6yd\u00e4n antimista. Ja koska on 100-v juhlavuosi, on palkintojenkin oltava aikaisempaa paremmat. \u00c4l\u00e4 siis missaa palkintoasi, sill\u00e4 niit\u00e4 jaetaan vain paikallaolijoille.<\/p>\n<p><strong>Mit\u00e4 tehd\u00e4 seuraavaksi?<\/strong><br \/>\nIlmoittaudu tapahtumaan <strong>14.5<\/strong> menness\u00e4<br \/>\n<a href=\"http:\/\/kuksaan.fi\/15288\">kuksaan.fi\/15288<\/a><br \/>\nTarkista ettei sinulta ole liikaa puuttuvia suorituksia. Jos puuttuvat suoritukset askarruttavat ole yhteydess\u00e4 allekirjoittaneeseen.<br \/>\nTarkista itsen\u00e4isesti tai vartionjohtajasi kanssa osaatko my\u00f6s tarvittavat suoritukset. Nimi paperissa ei ole osaamisen tae.<\/p>\n<p><strong>L\u00e4ht\u00f6<\/strong><br \/>\n1lk: Kokoontuminen ke 24.5.2017 klo 18:00 paikassa: 63.236210, 21.701986<br \/>\n2-3lk: L\u00e4ht\u00f6 kololta to 25.5.2017 klo 9:00<br \/>\nMy\u00f6h\u00e4styneit\u00e4 ei oteta mukaan, joten \u00e4l\u00e4 nuku pommiin!<\/p>\n<p><strong>Paluu<\/strong><br \/>\nKaikki: Paluu kaupunkiin to 25.5.2017 noin klo 18:00<\/p>\n<p>Kuljetukset tapahtuvat bussilla (poislukien 1lk: saapuminen) ja kuljetus on maksuton<\/p>\n<p>Tapahtumakirje toimitetaan s\u00e4hk\u00f6postilla ilmoittautuneille viikolla 20. Kirje n\u00e4ht\u00e4viss\u00e4 my\u00f6s ohessa:<\/p>\n<p><strong><a href=\"https:\/\/www.vaasanmetsaveikot.fi\/site\/wp-content\/uploads\/2017\/05\/Riihitykset-tapahtumakirje.pdf\">Riihitykset tapahtumakirje<\/a> <\/strong><\/p>\n<p><strong>Tapahtumanjohtaja<\/strong><\/p>\n<p>Henri Tammi<br \/>\n+358 50 5554590<br \/>\n<a href=\"mailto:henri.tammi@partio.fi\">henri.tammi@partio.fi<\/a><\/p>\n","protected":false},"excerpt":{"rendered":"<p>Kosk\u00f6 24.-25.5.2017 Riihitykset, tuo toimintakauden lopun multihuipentuma, jossa jaetaan niin toimintakisan palkintoja kuin my\u00f6s ikuista kunniaa. Tule siis n\u00e4ytt\u00e4m\u00e4\u00e4n ettei kuluneen vuoden kokouksissa istuminen ole <a class=\"read-more\" href=\"https:\/\/www.vaasanmetsaveikot.fi\/index.php\/riihitykset-ja-toimintakauden-paattajaiset\/\"> (Continue Reading)<\/a><\/p>\n","protected":false},"author":1,"featured_media":0,"parent":0,"menu_order":0,"comment_status":"closed","ping_status":"closed","template":"","meta":{"footnotes":""},"class_list":["post-1073","page","type-page","status-publish","hentry"],"_links":{"self":[{"href":"https:\/\/www.vaasanmetsaveikot.fi\/index.php\/wp-json\/wp\/v2\/pages\/1073","targetHints":{"allow":["GET"]}}],"collection":[{"href":"https:\/\/www.vaasanmetsaveikot.fi\/index.php\/wp-json\/wp\/v2\/pages"}],"about":[{"href":"https:\/\/www.vaasanmetsaveikot.fi\/index.php\/wp-json\/wp\/v2\/types\/page"}],"author":[{"embeddable":true,"href":"https:\/\/www.vaasanmetsaveikot.fi\/index.php\/wp-json\/wp\/v2\/users\/1"}],"replies":[{"embeddable":true,"href":"https:\/\/www.vaasanmetsaveikot.fi\/index.php\/wp-json\/wp\/v2\/comments?post=1073"}],"version-history":[{"count":9,"href":"https:\/\/www.vaasanmetsaveikot.fi\/index.php\/wp-json\/wp\/v2\/pages\/1073\/revisions"}],"predecessor-version":[{"id":1090,"href":"https:\/\/www.vaasanmetsaveikot.fi\/index.php\/wp-json\/wp\/v2\/pages\/1073\/revisions\/1090"}],"wp:attachment":[{"href":"https:\/\/www.vaasanmetsaveikot.fi\/index.php\/wp-json\/wp\/v2\/media?parent=1073"}],"curies":[{"name":"wp","href":"https:\/\/api.w.org\/{rel}","templated":true}]}}