{"id":1000,"date":"2017-03-05T18:39:26","date_gmt":"2017-03-05T16:39:26","guid":{"rendered":"http:\/\/www.vaasanmetsaveikot.fi\/?page_id=1000"},"modified":"2017-07-27T18:40:18","modified_gmt":"2017-07-27T16:40:18","slug":"flada","status":"publish","type":"page","link":"https:\/\/www.vaasanmetsaveikot.fi\/index.php\/flada\/","title":{"rendered":"Flada"},"content":{"rendered":"<p><a href=\"https:\/\/www.vaasanmetsaveikot.fi\/site\/wp-content\/uploads\/2017\/03\/fladalogo_final-06.png\"><img loading=\"lazy\" decoding=\"async\" class=\"alignnone size-large wp-image-1020\" src=\"https:\/\/www.vaasanmetsaveikot.fi\/site\/wp-content\/uploads\/2017\/03\/fladalogo_final-06-1024x555.png\" alt=\"\" width=\"750\" height=\"406\" srcset=\"https:\/\/www.vaasanmetsaveikot.fi\/site\/wp-content\/uploads\/2017\/03\/fladalogo_final-06-1024x555.png 1024w, https:\/\/www.vaasanmetsaveikot.fi\/site\/wp-content\/uploads\/2017\/03\/fladalogo_final-06-300x163.png 300w, https:\/\/www.vaasanmetsaveikot.fi\/site\/wp-content\/uploads\/2017\/03\/fladalogo_final-06-768x416.png 768w\" sizes=\"auto, (max-width: 750px) 100vw, 750px\" \/><\/a><\/p>\n<p>Vaasan Mets\u00e4veikkojen ja Vaasan Partiotytt\u00f6jen 100-juhlavuoden huipentava leiri j\u00e4rjestet\u00e4\u00e4n VMV:n leirialueella Mustasaaren Kosk\u00f6ss\u00e4.<\/p>\n<hr \/>\n<h2>S\u00e4hkeit\u00e4 leirilt\u00e4<\/h2>\n<h3>Torstai<\/h3>\n<p>Sudenpennut ovat kalastaneet, seikkailijat ovat tehneet itse puukkoja ja samoajat ovat talkoilleet maalaamalla varastorakennusta. Pohjalaisen juttu julkaistiin.<\/p>\n<h3>Keskiviikko<\/h3>\n<p>Keskiviikkona Fladalle saapuivat sudenpennut ja seikkailijat ja leiri nousi t\u00e4yteen vahvuuteensa. Tulokkaiden asettautuessa taloksi olivat vartiolaiset kokeilemassa meripartiota yhden p\u00e4iv\u00e4n ajan. Pohjalaisen toimittaja k\u00e4vijuttukeikalla leirill\u00e4. Illalla oli sudenpennuille ja seikkailijoille omat avajaiset. Ruokana oli Chili con Carnea.<\/p>\n<h3>Tiistai<\/h3>\n<p>Fladalla oltiin t\u00e4n\u00e4\u00e4n j\u00e4nn\u00e4n \u00e4\u00e4rell\u00e4 tekem\u00e4ss\u00e4 puukkoja. Ter\u00e4n ruoto upotetaan puuhun kuumentamalla ruoto hehkuvaksi ja sitten painamalla ruoto puukahvaan niin ett\u00e4 savu nousee! P\u00e4iv\u00e4lliseksi oli pekon-kanapastaa. Illalla l\u00e4mmitettiin leiri\u00e4 varten rakennettu kahden kiukaan sauna. Huomenna leirille saapuvat sudenpennut ja seikkailijat ja samalla leiri nousee t\u00e4yteen vahvuuteensa!<\/p>\n<h3>Maanantai<\/h3>\n<p>Leirin p\u00e4\u00e4joukko saapui aamusateen j\u00e4lkeen ja ryhtyi heti lipunnoston j\u00e4lkeen rakentamaan. Jahkapahka ja Tukkamets\u00e4 -nimiset savut rakensivat ruokap\u00f6yd\u00e4t ja katokset, rakentelun lomassa aurinkokin n\u00e4ytt\u00e4ytyi. P\u00e4iv\u00e4lliseksi oli spagettia ja jauhelihakastiketta ja seh\u00e4n upposi! Illalla pidetyin avajaiset, joissa Ukko jakoi synk\u00e4n tarinan siit\u00e4 kuinka Flada oli yhdess\u00e4 vaiheessa mustin ja limaisin paikka. Heti Helsingin j\u00e4lkeen. Leiril\u00e4iset saivat merkit ja huomenna ne komeilevat jo partiopaidassa kun leiril\u00e4iset k\u00e4yv\u00e4t ensimm\u00e4iseen ohjelmalaaksoonsa. Leirialue n\u00e4ytt\u00e4\u00e4 hyv\u00e4lt\u00e4 ja paranee koko ajan. Riukuja ja narua riitt\u00e4\u00e4.<\/p>\n<h3><strong>Sunnuntai<\/strong><\/h3>\n<p>Haikilla on t\u00e4n\u00e4\u00e4n edetty taivalta sup-laudalla ja kokeiltu my\u00f6s fatbikell\u00e4 maastossa ajoa. Leiril\u00e4iset laittoivat nuotiolla ahvenia ruoaksi. Huomenna aamulla l\u00e4ht\u00f6 kohti Inkelinmaata ja leiri\u00e4. Leirialue alkaa olemaan valmiina, viimeisi\u00e4 py\u00f6ristyksi\u00e4 tehd\u00e4\u00e4n viel\u00e4 ennen levolle laskeutumista. Ahkeroijia on leirialueella kymmenkunta, henki on hyv\u00e4 ja hommat luistavat! Uusi varasto &#8221;103&#8221; toimii kuin rasvattu.<\/p>\n<p>Viestej\u00e4 leirilt\u00e4 tupsahtelee my\u00f6s Facebook-ryhmiin:<\/p>\n<p><a href=\"https:\/\/www.facebook.com\/groups\/vaasanmetsaveikot\/\">Vaasan Mets\u00e4veikkojen Facebook-ryhm\u00e4<\/a><\/p>\n<hr \/>\n<p><strong>Ajankohtaista<\/strong><\/p>\n<p>20.7.2017 Leirikirje tekij\u00f6ille on julkaistu ja l\u00e4hetetty s\u00e4hk\u00f6postilla! Voit ladata sen my\u00f6s t\u00e4st\u00e4: <a href=\"https:\/\/www.vaasanmetsaveikot.fi\/site\/wp-content\/uploads\/2017\/03\/Flada-leirikirje-tekij\u00f6ille.pdf\">Flada leirikirje tekij\u00f6ille<\/a><\/p>\n<p>Leirikirjeist\u00e4 puuttui maininta kumppareista. Ne voivat olla varsin hy\u00f6dylliset jos luonnonvoimat sattuvat koettelemaan.<\/p>\n<p>16.7.2017 Viime hetken viilaukset alkavat<\/p>\n<p>5.7.2017 Haikkiohjeistus ladattu verkkosivulle<\/p>\n<p>4.7.2017 Muutamia leirimaksutietoja korjattu. P\u00e4ivitetty lista verkkosivuilla ja paperikirjeess\u00e4.<\/p>\n<p>2.7.2017 Leirikirjeiden l\u00e4hetys alkaa! Ensin s\u00e4hk\u00f6postilla ja sitten paperipostilla niille jotka sit\u00e4 tarvitsevat.<\/p>\n<p>21.6.2017 Leirille on vapautunut muutama peruutuspaikka, paikkoja voi kysell\u00e4 Sillilt\u00e4 (Yhteystiedot sivun lopussa)<\/p>\n<p>16.5.2017 Fladan j\u00e4lki-ilmoittautuminen aukeaa! J\u00e4lki-ilmoittautuminen on avoinna toukokuun loppuun saakka!<\/p>\n<p>13.4.2017 110 ilmoittautunutta!<\/p>\n<p>12.4.2017 Ilmoittautuminen p\u00e4\u00e4ttyy<\/p>\n<p>9.4.2017 Jo yli 70 ilmoittautunutta!<\/p>\n<p>9.4.2017 Fladalla on <strong>kes\u00e4ty\u00f6takuu<\/strong>: Yli 16-vuotiaat voivat perua ilmoittautumisen 1.6. menness\u00e4 mik\u00e4li kes\u00e4ty\u00f6st\u00e4 ei ole mahdollista saada vapaata leirin ajaksi.<\/p>\n<p>10.3.2017 Leirikutsut on l\u00e4hetetty s\u00e4hk\u00f6postilla Mets\u00e4veikkojen huoltajille, voit ladata sen my\u00f6s t\u00e4st\u00e4: <a href=\"https:\/\/www.vaasanmetsaveikot.fi\/site\/wp-content\/uploads\/2017\/03\/FladaleirikutsuVMV.pdf\">FladaleirikutsuVMV<\/a><\/p>\n<p>&nbsp;<\/p>\n<h2>Leirikirje<\/h2>\n<p>Leirikirjeet on l\u00e4hetetty viimein hein\u00e4kuun ensimm\u00e4isin\u00e4 p\u00e4ivin\u00e4. Kirje on l\u00e4hetetty ilmoittautuessa annettuun osoitteeseen. Kirjeen mukana on varusteluettelo ja leirimaksun maksuohjeet.<\/p>\n<p>Voit ladata leirikirjeen my\u00f6s t\u00e4st\u00e4:\u00a0<a href=\"https:\/\/www.vaasanmetsaveikot.fi\/site\/wp-content\/uploads\/2017\/03\/Flada-leirikirje-1.pdf\">Flada leirikirje<\/a> \u00a0 ja\u00a0 <a href=\"https:\/\/www.vaasanmetsaveikot.fi\/site\/wp-content\/uploads\/2017\/03\/Flada-leirimaksun-maksuohjeet-v2.pdf\">Flada-leirimaksun maksuohjeet v2<\/a><\/p>\n<p>Mets\u00e4veikkojen vartiolaiset ja samoajat tarvitsevat my\u00f6s Haikkiohjeen t\u00e4st\u00e4: <a href=\"https:\/\/www.vaasanmetsaveikot.fi\/site\/wp-content\/uploads\/2017\/03\/Flada-haikkiohjeistus.pdf\">Flada haikkiohjeistus<\/a><\/p>\n<p>Tekij\u00f6ille leirikirje l\u00f6ytyy t\u00e4st\u00e4: <a href=\"https:\/\/www.vaasanmetsaveikot.fi\/site\/wp-content\/uploads\/2017\/03\/Flada-leirikirje-tekij\u00f6ille.pdf\">Flada leirikirje tekij\u00f6ille<\/a><\/p>\n<h2>Vierailup\u00e4iv\u00e4 28.7.2017<\/h2>\n<p>Vierailup\u00e4iv\u00e4\u00e4n ilmoittaudutaan t\u00e4st\u00e4 linkist\u00e4: <a href=\"http:\/\/www.bit.ly\/fladanvierailup\u00e4iv\u00e4\">www.bit.ly\/fladanvierailup\u00e4iv\u00e4<\/a><\/p>\n<p>Vierailup\u00e4iv\u00e4 on tarkoitettu sudenpentujen perheille ja muille partiotoiminnasta kiinnostuneille. Vierailup\u00e4iv\u00e4 maksaa 10\u00a0\u20ac per henkil\u00f6, max 20\u20ac\/kotitalous. Summa maksetaan kioskiin leirill\u00e4 k\u00e4teisell\u00e4.<\/p>\n<p>Bussit l\u00e4htev\u00e4t Kasarmialueelta Vaasan keskustasta klo<strong> 11.30 ja 13.00 perjantaina 28.7.2017<\/strong>. Voit valita ilmoittautuessasi kummalla bussilla tulet. Pys\u00e4k\u00f6intiin kannattaa k\u00e4ytt\u00e4\u00e4 keskustan mahdollisuuksia.<\/p>\n<p>16.00 p\u00e4iv\u00e4llinen leiril\u00e4isille. Keitti\u00f6n kapasiteetin vuoksi vierailijoille voidaan tarjotaan vain ev\u00e4spussi ja kahvia, tarvitset oman mukin.<\/p>\n<p>17.00 p\u00e4\u00e4tt\u00e4j\u00e4iset kaikille<\/p>\n<p>19.00 bussit l\u00e4htev\u00e4t takaisin Inkelinmaalta<\/p>\n<p>19.30 bussit takaisin Kasarmialueella<\/p>\n<p>Leirille ei ole mahdollista tulla omalla autolla. Tieportit perille saattavat olla lukossa, eik\u00e4 perill\u00e4 ole parkkitilaa.<\/p>\n<p>&nbsp;<\/p>\n<p><strong>Ohjelma<\/strong><\/p>\n<p>Leirill\u00e4 nukutaan vartion kanssa omassa Nigerissa, sudenpennut ja seikkailijat nukkuvat puolijoukkueteltoissa. Aamulla ensimm\u00e4inen asia on lipunnosto ja aamupala. P\u00e4ivisin harjoitetaan partiotoimintaa sen luonnollisimmassa ymp\u00e4rist\u00f6ss\u00e4, omassa mets\u00e4ss\u00e4. Ohjelmassa on er\u00e4taitoja ja hauskaa partiokavereiden kanssa, vesill\u00e4 seikkailua ja tottakai paljon rakentelua. Leirill\u00e4 on sek\u00e4 riehakkaita maastoleikkej\u00e4 ett\u00e4 rauhallisia iltanuotioita. Takaamme, ett\u00e4 sinulla ja kavereillasi on leirill\u00e4 mahtavia kes\u00e4p\u00e4ivi\u00e4! Teet, juttuja joita et ole koskaan aiemmin tehnyt, koska Flada on ainutlaatuinen leiri!<\/p>\n<p>Pihalle voi menn\u00e4 koska vaan seikkailemaan, kes\u00e4leirille vain kerran vuodessa. T\u00e4m\u00e4 leiri on partiovuoden huippukohta! T\u00e4m\u00e4 on sit\u00e4 parasta partiota, jolla palkitaan koko vuoden kokouksissa istumiset. Flada-leirist\u00e4 tulee erilainen kuin Roihu, koska t\u00e4m\u00e4 leiri on t\u00e4ysin meid\u00e4n itsemme tekem\u00e4.<\/p>\n<p>&nbsp;<\/p>\n<p><strong>Osallistumisajat ja leirimaksu<\/strong><\/p>\n<table style=\"border-color: #361717;\" border=\"1\">\n<tbody>\n<tr>\n<td width=\"201\"><strong>Ik\u00e4kausi<\/strong><\/td>\n<td width=\"165\"><strong>Osallistumisaika<\/strong><\/td>\n<td width=\"112\"><strong>Leirimaksu<\/strong><\/td>\n<\/tr>\n<tr>\n<td width=\"201\">Sudenpennut<\/td>\n<td width=\"165\">26.-28.7.<\/td>\n<td width=\"112\">50\u20ac<\/td>\n<\/tr>\n<tr>\n<td width=\"201\">Seikkailijat<\/td>\n<td width=\"165\">26.-28.7.<\/td>\n<td width=\"112\">50\u20ac<\/td>\n<\/tr>\n<tr>\n<td width=\"201\">\n<p>Tarpojat VMV<\/p>\n<p>Tarpojat VPT<\/td>\n<td width=\"165\">\n<p>22.-29.7.<\/p>\n<p>24.-29.7.<\/td>\n<td width=\"112\">100\u20ac<\/td>\n<\/tr>\n<tr>\n<td width=\"201\">\n<p>Samoajat VMV<\/p>\n<p>Samoajat VPT<\/td>\n<td width=\"165\">\n<p>22.-29.7.<\/p>\n<p>24.-29.7.<\/td>\n<td width=\"112\">100\u20ac<\/td>\n<\/tr>\n<tr>\n<td width=\"201\">Johtajat koko leiri<\/td>\n<td width=\"165\">22.-29.7.<\/td>\n<td width=\"112\">50\u20ac<\/td>\n<\/tr>\n<tr>\n<td width=\"201\">P\u00e4iv\u00e4maksu johtajille<\/td>\n<td width=\"165\">per p\u00e4iv\u00e4<\/td>\n<td width=\"112\">10\u20ac<\/td>\n<\/tr>\n<\/tbody>\n<\/table>\n<p>Leiril\u00e4iset ovat Fladalla sit\u00e4 ik\u00e4kautta mit\u00e4 he ovat kev\u00e4\u00e4ll\u00e4 toiminnan p\u00e4\u00e4ttyess\u00e4. Eri ik\u00e4kaudet ovat leirill\u00e4 eri ajan.<\/p>\n<p>Leirille ilmoittautuneilla kotitaloutta kohti tuleva leirimaksu on enint\u00e4\u00e4n 170\u20ac. Mainitse ilmoittautumisen yhteydess\u00e4 mik\u00e4li taloudestanne osallistuu useampia leiril\u00e4isi\u00e4, niin otamme t\u00e4m\u00e4n huomioon laskutuksessa. Leirimaksuun on tarvittaessa mahdollista saada huojennusta ottamalla yhteytt\u00e4 lippukunnanjohtajaan.<\/p>\n<p><strong>\u00a0<\/strong><\/p>\n<p><strong>Ilmoittautuminen<\/strong><\/p>\n<p>Ilmoittautuminen on p\u00e4\u00e4ttynyt. Peruutuspaikkoja voi kysell\u00e4 Sillilt\u00e4, yhteystiedot alla.<\/p>\n<p>&nbsp;<\/p>\n<p>&nbsp;<\/p>\n<p>Tervetuloa Fladalle!<\/p>\n<p><a href=\"https:\/\/www.vaasanmetsaveikot.fi\/site\/wp-content\/uploads\/2017\/03\/FladaJohtajien-yhteystiedot.jpg\"><img loading=\"lazy\" decoding=\"async\" class=\"alignnone wp-image-1023\" src=\"https:\/\/www.vaasanmetsaveikot.fi\/site\/wp-content\/uploads\/2017\/03\/FladaJohtajien-yhteystiedot.jpg\" alt=\"\" width=\"661\" height=\"118\" srcset=\"https:\/\/www.vaasanmetsaveikot.fi\/site\/wp-content\/uploads\/2017\/03\/FladaJohtajien-yhteystiedot.jpg 852w, https:\/\/www.vaasanmetsaveikot.fi\/site\/wp-content\/uploads\/2017\/03\/FladaJohtajien-yhteystiedot-300x54.jpg 300w, https:\/\/www.vaasanmetsaveikot.fi\/site\/wp-content\/uploads\/2017\/03\/FladaJohtajien-yhteystiedot-768x137.jpg 768w\" sizes=\"auto, (max-width: 661px) 100vw, 661px\" \/><\/a><\/p>\n","protected":false},"excerpt":{"rendered":"<p>Vaasan Mets\u00e4veikkojen ja Vaasan Partiotytt\u00f6jen 100-juhlavuoden huipentava leiri j\u00e4rjestet\u00e4\u00e4n VMV:n leirialueella Mustasaaren Kosk\u00f6ss\u00e4. S\u00e4hkeit\u00e4 leirilt\u00e4 Torstai Sudenpennut ovat kalastaneet, seikkailijat ovat tehneet itse puukkoja ja <a class=\"read-more\" href=\"https:\/\/www.vaasanmetsaveikot.fi\/index.php\/flada\/\"> (Continue Reading)<\/a><\/p>\n","protected":false},"author":1,"featured_media":0,"parent":0,"menu_order":0,"comment_status":"closed","ping_status":"closed","template":"","meta":{"footnotes":""},"class_list":["post-1000","page","type-page","status-publish","hentry"],"_links":{"self":[{"href":"https:\/\/www.vaasanmetsaveikot.fi\/index.php\/wp-json\/wp\/v2\/pages\/1000","targetHints":{"allow":["GET"]}}],"collection":[{"href":"https:\/\/www.vaasanmetsaveikot.fi\/index.php\/wp-json\/wp\/v2\/pages"}],"about":[{"href":"https:\/\/www.vaasanmetsaveikot.fi\/index.php\/wp-json\/wp\/v2\/types\/page"}],"author":[{"embeddable":true,"href":"https:\/\/www.vaasanmetsaveikot.fi\/index.php\/wp-json\/wp\/v2\/users\/1"}],"replies":[{"embeddable":true,"href":"https:\/\/www.vaasanmetsaveikot.fi\/index.php\/wp-json\/wp\/v2\/comments?post=1000"}],"version-history":[{"count":25,"href":"https:\/\/www.vaasanmetsaveikot.fi\/index.php\/wp-json\/wp\/v2\/pages\/1000\/revisions"}],"predecessor-version":[{"id":4094,"href":"https:\/\/www.vaasanmetsaveikot.fi\/index.php\/wp-json\/wp\/v2\/pages\/1000\/revisions\/4094"}],"wp:attachment":[{"href":"https:\/\/www.vaasanmetsaveikot.fi\/index.php\/wp-json\/wp\/v2\/media?parent=1000"}],"curies":[{"name":"wp","href":"https:\/\/api.w.org\/{rel}","templated":true}]}}